    {"id":100,"date":"2025-06-27T20:16:36","date_gmt":"2025-06-27T20:16:36","guid":{"rendered":"https:\/\/bytenax.com\/?page_id=100"},"modified":"2025-11-24T21:00:14","modified_gmt":"2025-11-24T21:00:14","slug":"about-us","status":"publish","type":"page","link":"https:\/\/bytenax.com\/zh\/about-us\/","title":{"rendered":"\u5173\u4e8e\u6211\u4eec"},"content":{"rendered":"<h1 class=\"wp-block-heading\"><\/h1>\n\n\n\n<p>Bem-vindo \u00e0 <strong>\u5b57\u8282<\/strong> \u2013 \u70f9\u996a\u7075\u611f\u3001\u98df\u54c1\u521b\u65b0\u548c\u7f8e\u98df\u6570\u5b57\u5316\u8f6c\u578b\u4e2d\u5fc3\u3002\u6211\u5bf9\u7f8e\u98df\u5145\u6ee1\u70ed\u60c5\uff0c\u6211\u7684\u53a8\u5e08\uff0c\u6211\u7684\u6545\u4e8b\uff0c\u6216\u8005\u63a2\u7d22\u65b0\u7684\u5de5\u4f5c\u3001\u6280\u672f\u548c\u8d8b\u52bf\uff0cBytenax est\u00e1 aqui para inspirar voc\u00ea cada passo\u3002<\/p>\n\n\n\n<h2 class=\"wp-block-heading\"><strong>\u6211\u4eec\u7684\u52a8\u529b<\/strong><\/h2>\n\n\n\n<p>Bytenax \u662f\u8425\u517b\u5e08\u7684\u8ba4\u53ef\u8005 \u2014 \u4f53\u9a8c\u3001\u8868\u8fbe\u548c\u8fdb\u5316\u3002\u6211\u4eec\u5e0c\u671b\u7ee7\u7eed\u53cd\u601d\u5e76\u63d0\u9ad8\u4e0e\u6280\u672f\u3001\u53ef\u6301\u7eed\u53d1\u5c55\u548c\u6587\u5316\u76f8\u8054\u7cfb\u7684\u8d28\u91cf\u3002<br>\u63a2\u7d22\u4e16\u754c\u7f8e\u98df\uff1a\u73b0\u4ee3\u70f9\u996a\u4e0e\u98df\u54c1\u79d1\u6280\u521b\u65b0\u3001\u8425\u517b\u8425\u517b\u7cfb\u7edf\u548c\u4f20\u7edf\u70f9\u996a\u4e0e\u5f53\u4ee3\u7f8e\u98df\u65b0\u4f11\u95f2\u3002<\/p>\n\n\n\n<p>\u6211\u4eec\u5c06\u5728\u6570\u5b57\u4e16\u754c\u4e2d\u8fdb\u884c\u5404\u79cd\u5c1d\u8bd5\u3001\u6bd4\u8f83\u3001\u6539\u9020\u548c\u91cd\u5851 \u2014 \u59cb\u7ec8\u662f\u4e3b\u5f20\u3001\u5f71\u54cd\u548c\u597d\u5947\u5fc3\u3002<\/p>\n\n\n\n<h2 class=\"wp-block-heading\"><strong>\u6211\u4eec\u662f\u8c01<\/strong><\/h2>\n\n\n\n<p>\u6211\u4eec\u662f\u4e00\u652f\u5145\u6ee1\u70ed\u60c5\u7684\u56e2\u961f\uff0c\u6210\u5458\u5305\u62ec\u7f8e\u98df\u601d\u60f3\u5bb6\u3001\u8bbe\u8ba1\u5e08\u3001\u6545\u4e8b\u8bb2\u8ff0\u8005\u548c\u6570\u5b57\u521b\u4f5c\u8005\uff0c\u6211\u4eec\u4ee5\u597d\u5947\u5fc3\u548c\u4f7f\u547d\u611f\u4e3a\u9a71\u52a8\u529b\u3002Bytenax \u7684\u8bde\u751f\u6e90\u4e8e\u8fd9\u6837\u4e00\u4e2a\u7406\u5ff5\uff1a\u98df\u7269\u503c\u5f97\u62e5\u6709\u4e00\u4e2a\u5168\u65b0\u7684\u5e73\u53f0\u2014\u2014\u4e00\u4e2a\u80fd\u591f\u9882\u626c\u521b\u65b0\u3001\u4e2a\u6027\u3001\u53ef\u6301\u7eed\u6027\u4ee5\u53ca\u6ecb\u517b\u6211\u4eec\u8eab\u4f53\u7684\u79d1\u5b66\u7684\u5e73\u53f0\u3002<\/p>\n\n\n\n<p>\u65e0\u8bba\u6211\u4eec\u8ba8\u8bba\u7684\u662f\u98df\u54c1\u79d1\u6280\u7a81\u7834\u3001\u70f9\u996a\u6280\u5de7\u3001\u53ef\u6301\u7eed\u7cfb\u7edf\u3001\u5168\u7403\u7f8e\u98df\u8fd8\u662f\u8425\u517b\u89c1\u89e3\uff0c\u6211\u4eec\u7684\u5185\u5bb9\u90fd\u529b\u6c42\u5177\u6709\u76f8\u5173\u6027\u3001\u5438\u5f15\u529b\u548c\u9762\u5411\u672a\u6765\u3002<\/p>\n\n\n\n<p>Aqui\uff0cvoc\u00ea n\u00e3o \u00e9 apenas um leitor \u2014 voc\u00ea faz \u662f\u5168\u7403\u793e\u533a\u7684\u4e00\u90e8\u5206\uff0c\u662f\u6469\u5c14\u591a\u74e6\u7684\u4e00\u4e2a\u9a6c\u5185\u62c9\uff0ccomo cozinhamos\u3001comomos\u3001criamos \u548c nos conectamos atrav\u00e9s da comida\u3002<\/p>\n\n\n\n<h2 class=\"wp-block-heading\"><strong>\u4ecb\u5165<\/strong><\/h2>\n\n\n\n<p>\u6709\u6545\u4e8b\u60f3\u5206\u4eab\u5417\uff1f\u60f3\u8d21\u732e\u98df\u8c31\u3001\u521b\u610f\u6216\u5173\u4e8e\u98df\u7269\u672a\u6765\u53d1\u5c55\u65b9\u5411\u7684\u89c2\u70b9\u5417\uff1f\u6211\u4eec\u671f\u5f85\u60a8\u7684\u53cd\u9988\u3002\u5728Bytenax\uff0c\u60a8\u7684\u58f0\u97f3\u5c06\u52a9\u529b\u5851\u9020\u73b0\u4ee3\u996e\u98df\u6587\u5316\u7684\u53d9\u4e8b\u3002<\/p>\n\n\n\n<p>\u8ba9\u6211\u4eec\u4e00\u8d77\u521b\u9020\u4e00\u4e9b\u5927\u80c6\u800c\u6709\u610f\u4e49\u7684\u4e1c\u897f\u2014\u2014\u4e00\u6b21\u4e00\u9053\u83dc\u3001\u4e00\u4e2a\u60f3\u6cd5\u3001\u4e00\u4e2a\u7a81\u7834\u3002<\/p>\n\n\n\n<p><\/p>","protected":false},"excerpt":{"rendered":"<p>Bem-vindo \u00e0 Bytenax \u2013 \u70f9\u996a\u7075\u611f\u3001\u98df\u54c1\u521b\u65b0\u548c\u7f8e\u98df\u6570\u5b57\u8f6c\u578b\u7684\u4e2d\u5fc3\u3002\u6211\u5bf9\u7f8e\u98df\u5145\u6ee1\u70ed\u60c5\uff0c\u6211\u7684\u53a8\u5e08\uff0c\u6211\u7684\u6545\u4e8b\uff0c\u6216\u8005\u63a2\u7d22\u65b0\u7684\u5de5\u4f5c\u3001\u6280\u672f\u548c\u8d8b\u52bf\uff0cBytenax \u662f\u4e00\u4e2a\u5145\u6ee1\u7075\u611f\u7684\u4eba\u3002\u662f\u4ec0\u4e48\u9a71\u4f7f\u6211\u4eec Na Bytenax\uff0cacreditamos que [...]<\/p>","protected":false},"author":198,"featured_media":0,"parent":0,"menu_order":0,"comment_status":"closed","ping_status":"closed","template":"","meta":{"footnotes":""},"_links":{"self":[{"href":"https:\/\/bytenax.com\/zh\/wp-json\/wp\/v2\/pages\/100"}],"collection":[{"href":"https:\/\/bytenax.com\/zh\/wp-json\/wp\/v2\/pages"}],"about":[{"href":"https:\/\/bytenax.com\/zh\/wp-json\/wp\/v2\/types\/page"}],"author":[{"embeddable":true,"href":"https:\/\/bytenax.com\/zh\/wp-json\/wp\/v2\/users\/198"}],"replies":[{"embeddable":true,"href":"https:\/\/bytenax.com\/zh\/wp-json\/wp\/v2\/comments?post=100"}],"version-history":[{"count":3,"href":"https:\/\/bytenax.com\/zh\/wp-json\/wp\/v2\/pages\/100\/revisions"}],"predecessor-version":[{"id":1003,"href":"https:\/\/bytenax.com\/zh\/wp-json\/wp\/v2\/pages\/100\/revisions\/1003"}],"wp:attachment":[{"href":"https:\/\/bytenax.com\/zh\/wp-json\/wp\/v2\/media?parent=100"}],"curies":[{"name":"wp","href":"https:\/\/api.w.org\/{rel}","templated":true}]}}