    {"id":103,"date":"2025-06-27T20:17:49","date_gmt":"2025-06-27T20:17:49","guid":{"rendered":"https:\/\/bytenax.com\/?page_id=103"},"modified":"2025-11-24T20:57:49","modified_gmt":"2025-11-24T20:57:49","slug":"contact","status":"publish","type":"page","link":"https:\/\/bytenax.com\/vi\/contact\/","title":{"rendered":"Li\u00ean h\u1ec7"},"content":{"rendered":"<p>C\u1ea3m \u01a1n b\u1ea1n \u0111\u00e3 gh\u00e9 th\u0103m <strong>Bytenax<\/strong>, n\u1ec1n t\u1ea3ng l\u00fd t\u01b0\u1edfng cho s\u1ef1 s\u00e1ng t\u1ea1o \u1ea9m th\u1ef1c, \u0111\u1ed5i m\u1edbi \u1ea9m th\u1ef1c v\u00e0 k\u1ec3 chuy\u1ec7n k\u1ef9 thu\u1eadt s\u1ed1 trong l\u0129nh v\u1ef1c \u1ea9m th\u1ef1c. Ch\u00fang t\u00f4i th\u1ef1c s\u1ef1 tr\u00e2n tr\u1ecdng nh\u1eefng th\u00f4ng \u0111i\u1ec7p c\u1ee7a b\u1ea1n v\u00e0 lu\u00f4n s\u1eb5n s\u00e0ng h\u1ed7 tr\u1ee3, h\u1ee3p t\u00e1c v\u00e0 k\u1ebft n\u1ed1i v\u1edbi c\u1ed9ng \u0111\u1ed3ng nh\u1eefng ng\u01b0\u1eddi s\u00e1ng t\u1ea1o, \u0111\u1ea7u b\u1ebfp v\u00e0 nh\u1eefng t\u00e2m h\u1ed3n ham h\u1ecdc h\u1ecfi.<\/p>\n\n\n\n<h3 class=\"wp-block-heading\"><strong>Y\u00eau c\u1ea7u chung<\/strong><\/h3>\n\n\n\n<p>B\u1ea1n c\u00f3 th\u1eafc m\u1eafc v\u1ec1 Bytenax hay ch\u1ec9 mu\u1ed1n ch\u00e0o h\u1ecfi? H\u00e3y g\u1eedi email cho ch\u00fang t\u00f4i theo \u0111\u1ecba ch\u1ec9 <strong>contact@bytenax.com<\/strong><br>Ch\u00fang t\u00f4i lu\u00f4n vui m\u1eebng khi \u0111\u01b0\u1ee3c l\u1eafng nghe \u00fd ki\u1ebfn c\u1ee7a b\u1ea1n v\u00e0 s\u1ebd ph\u1ea3n h\u1ed3i s\u1edbm nh\u1ea5t c\u00f3 th\u1ec3.<\/p>\n\n\n\n<h3 class=\"wp-block-heading\"><strong>\u0110\u00f3ng g\u00f3p &amp; \u00dd t\u01b0\u1edfng<\/strong><\/h3>\n\n\n\n<p>B\u1ea1n c\u00f3 c\u00f4ng th\u1ee9c n\u1ea5u \u0103n mu\u1ed1n chia s\u1ebb, \u00fd ki\u1ebfn mu\u1ed1n tr\u00ecnh b\u00e0y ho\u1eb7c \u00fd t\u01b0\u1edfng cho b\u00e0i vi\u1ebft? H\u00e3y li\u00ean h\u1ec7 v\u1edbi <strong>contact@bytenax.com<\/strong><br>Ch\u00fang t\u00f4i lu\u00f4n t\u00ecm ki\u1ebfm nh\u1eefng ti\u1ebfng n\u00f3i m\u1edbi m\u1ebb v\u00e0 g\u00f3c nh\u00ecn t\u00e1o b\u1ea1o t\u1eeb ng\u00e0nh th\u1ef1c ph\u1ea9m, c\u00f4ng ngh\u1ec7 v\u00e0 s\u00e1ng t\u1ea1o.<\/p>\n\n\n\n<h3 class=\"wp-block-heading\"><strong>H\u1ed7 tr\u1ee3 k\u1ef9 thu\u1eadt<\/strong><\/h3>\n\n\n\n<p>B\u1ea1n \u0111ang g\u1eb7p s\u1ef1 c\u1ed1 v\u1edbi trang web ho\u1eb7c g\u1eb7p kh\u00f3 kh\u0103n khi xem n\u1ed9i dung? H\u00e3y li\u00ean h\u1ec7 v\u1edbi nh\u00f3m h\u1ed7 tr\u1ee3 c\u1ee7a ch\u00fang t\u00f4i t\u1ea1i <strong>contact@bytenax.com<\/strong><br>Ch\u00fang t\u00f4i \u1edf \u0111\u00e2y \u0111\u1ec3 \u0111\u1ea3m b\u1ea3o tr\u1ea3i nghi\u1ec7m c\u1ee7a b\u1ea1n tr\u00ean Bytenax lu\u00f4n su\u00f4n s\u1ebb v\u00e0 th\u00fa v\u1ecb.<\/p>\n\n\n\n<h3 class=\"wp-block-heading\"><strong>Gi\u1eef k\u1ebft n\u1ed1i<\/strong><\/h3>\n\n\n\n<p>Bytenax l\u00e0 m\u1ed9t n\u1ec1n t\u1ea3ng k\u1ef9 thu\u1eadt s\u1ed1 \u0111\u01b0\u1ee3c x\u00e2y d\u1ef1ng cho c\u1ed9ng \u0111\u1ed3ng to\u00e0n c\u1ea7u. M\u1eb7c d\u00f9 ch\u00fang t\u00f4i kh\u00f4ng c\u00f3 v\u0103n ph\u00f2ng c\u1ed1 \u0111\u1ecbnh, ch\u00fang t\u00f4i lu\u00f4n tr\u1ef1c tuy\u1ebfn - s\u1eb5n s\u00e0ng c\u1ed9ng t\u00e1c, truy\u1ec1n c\u1ea3m h\u1ee9ng v\u00e0 ph\u00e1t tri\u1ec3n c\u00f9ng b\u1ea1n.<\/p>\n\n\n\n<p>C\u1ea3m \u01a1n b\u1ea1n m\u1ed9t l\u1ea7n n\u1eefa v\u00ec \u0111\u00e3 l\u00e0 m\u1ed9t ph\u1ea7n c\u1ee7a c\u1ed9ng \u0111\u1ed3ng Bytenax. Ch\u00fang t\u00f4i r\u1ea5t mong nh\u1eadn \u0111\u01b0\u1ee3c ph\u1ea3n h\u1ed3i t\u1eeb b\u1ea1n!<\/p>\n\n\n\n<p><strong>Tr\u00e2n tr\u1ecdng,<\/strong><br><em>Nh\u00f3m Bytenax<\/em><\/p>","protected":false},"excerpt":{"rendered":"<p>Thank you for visiting Bytenax, your go-to platform for culinary creativity, food innovation, and digital storytelling in gastronomy. We truly value your messages and are here to support, collaborate, and connect with our community of creators, chefs, and curious minds. General Inquiries Have a question about Bytenax or just want to say hello? Email us [&hellip;]<\/p>","protected":false},"author":198,"featured_media":0,"parent":0,"menu_order":0,"comment_status":"closed","ping_status":"closed","template":"","meta":{"footnotes":""},"_links":{"self":[{"href":"https:\/\/bytenax.com\/vi\/wp-json\/wp\/v2\/pages\/103"}],"collection":[{"href":"https:\/\/bytenax.com\/vi\/wp-json\/wp\/v2\/pages"}],"about":[{"href":"https:\/\/bytenax.com\/vi\/wp-json\/wp\/v2\/types\/page"}],"author":[{"embeddable":true,"href":"https:\/\/bytenax.com\/vi\/wp-json\/wp\/v2\/users\/198"}],"replies":[{"embeddable":true,"href":"https:\/\/bytenax.com\/vi\/wp-json\/wp\/v2\/comments?post=103"}],"version-history":[{"count":2,"href":"https:\/\/bytenax.com\/vi\/wp-json\/wp\/v2\/pages\/103\/revisions"}],"predecessor-version":[{"id":999,"href":"https:\/\/bytenax.com\/vi\/wp-json\/wp\/v2\/pages\/103\/revisions\/999"}],"wp:attachment":[{"href":"https:\/\/bytenax.com\/vi\/wp-json\/wp\/v2\/media?parent=103"}],"curies":[{"name":"wp","href":"https:\/\/api.w.org\/{rel}","templated":true}]}}