    {"id":100,"date":"2025-06-27T20:16:36","date_gmt":"2025-06-27T20:16:36","guid":{"rendered":"https:\/\/bytenax.com\/?page_id=100"},"modified":"2025-11-24T21:00:14","modified_gmt":"2025-11-24T21:00:14","slug":"about-us","status":"publish","type":"page","link":"https:\/\/bytenax.com\/vi\/about-us\/","title":{"rendered":"Gi\u1edbi thi\u1ec7u v\u1ec1 ch\u00fang t\u00f4i"},"content":{"rendered":"<h1 class=\"wp-block-heading\"><\/h1>\n\n\n\n<p>Bem-vindo \u00e0 <strong>Bytenax<\/strong> \u2013 trung t\u00e2m ph\u00ea b\u00ecnh c\u1ee7a b\u1ea1n \u0111\u1ec3 truy\u1ec1n c\u1ea3m h\u1ee9ng \u1ea9m th\u1ef1c, \u0111\u1ed5i m\u1edbi th\u1ef1c ph\u1ea9m v\u00e0 bi\u1ebfn \u0111\u1ed5i k\u1ef9 thu\u1eadt s\u1ed1 trong \u1ea9m th\u1ef1c. B\u1ea1n l\u00e0 ng\u01b0\u1eddi \u0111am m\u00ea \u1ea9m th\u1ef1c, l\u00e0 \u0111\u1ea7u b\u1ebfp, l\u00e0 ng\u01b0\u1eddi n\u1ea5u \u0103n, ho\u1eb7c l\u00e0 ng\u01b0\u1eddi kh\u00e1m ph\u00e1 nh\u1eefng c\u00f4ng ngh\u1ec7 m\u1edbi, c\u00f4ng ngh\u1ec7 v\u00e0 xu h\u01b0\u1edbng, Bytenax l\u00e0 n\u01a1i truy\u1ec1n c\u1ea3m h\u1ee9ng cho b\u1ea1n m\u1ed9t cada passo.<\/p>\n\n\n\n<h2 class=\"wp-block-heading\"><strong>\u0110i\u1ec1u g\u00ec th\u00fac \u0111\u1ea9y ch\u00fang ta<\/strong><\/h2>\n\n\n\n<p>Bytenax, \u0111\u01b0\u1ee3c c\u00f4ng nh\u1eadn l\u00e0 b\u1ea1n l\u00e0 ng\u01b0\u1eddi c\u00f3 nhi\u1ec1u dinh d\u01b0\u1ee1ng nh\u1ea5t \u2014 l\u00e0 tr\u1ea3i nghi\u1ec7m, th\u1ec3 hi\u1ec7n v\u00e0 ph\u00e1t tri\u1ec3n. Nossa miss\u00e3o l\u00e0 m\u1ed9t trong nh\u1eefng ph\u1ea3n x\u1ea1 t\u00edch c\u1ef1c v\u00e0 ch\u1ea5t l\u01b0\u1ee3ng cao nh\u1ea5t m\u00e0 b\u1ea1n c\u00f3 th\u1ec3 k\u1ebft n\u1ed1i v\u1edbi c\u00f4ng ngh\u1ec7, duy tr\u00ec v\u00e0 v\u0103n h\u00f3a.<br>Kh\u00e1m ph\u00e1 c\u00e1ch di chuy\u1ec3n c\u1ee7a \u1ea9m th\u1ef1c to\u00e0n c\u1ea7u: \u1ea9m th\u1ef1c hi\u1ec7n \u0111\u1ea1i \u00e0s \u0111\u1ed5i m\u1edbi c\u00f4ng ngh\u1ec7 th\u1ef1c ph\u1ea9m, h\u1ec7 th\u1ed1ng th\u1ef1c ph\u1ea9m duy tr\u00ec ch\u1ebf \u0111\u1ed9 \u0103n u\u1ed1ng dinh d\u01b0\u1ee1ng, v\u00e0 c\u00e1c truy\u1ec1n th\u1ed1ng \u1ea9m th\u1ef1c m\u1edbi l\u00e0 m\u00f3n \u0103n m\u1edbi c\u1ee7a \u1ea9m th\u1ef1c \u0111\u01b0\u01a1ng th\u1eddi.<\/p>\n\n\n\n<p>\u0110\u00e2y l\u00e0 \u0111i\u1ec1u quan tr\u1ecdng nh\u1ea5t \u0111\u1ec3 tr\u1edf th\u00e0nh m\u1ed9t tr\u00f2 ch\u01a1i tuy\u1ec7t v\u1eddi, m\u1ed9t ph\u1ea7n, bi\u1ebfn \u0111\u1ed5i v\u00e0 t\u00e1i t\u1ea1o th\u00e0nh m\u1ed9t th\u1ebf gi\u1edbi k\u1ef9 thu\u1eadt s\u1ed1 \u2014 m\u1ed9t ph\u1ea7n v\u1edbi \u0111\u1ec1 xu\u1ea5t, t\u00e1c \u0111\u1ed9ng v\u00e0 s\u1ef1 t\u00f2 m\u00f2.<\/p>\n\n\n\n<h2 class=\"wp-block-heading\"><strong>Ch\u00fang t\u00f4i l\u00e0 ai<\/strong><\/h2>\n\n\n\n<p>Ch\u00fang t\u00f4i l\u00e0 m\u1ed9t \u0111\u1ed9i ng\u0169 \u0111\u1ea7y nhi\u1ec7t huy\u1ebft g\u1ed3m nh\u1eefng nh\u00e0 t\u01b0 t\u01b0\u1edfng \u1ea9m th\u1ef1c, nh\u00e0 thi\u1ebft k\u1ebf, ng\u01b0\u1eddi k\u1ec3 chuy\u1ec7n v\u00e0 nh\u00e0 s\u00e1ng t\u1ea1o k\u1ef9 thu\u1eadt s\u1ed1, \u0111\u01b0\u1ee3c th\u00fac \u0111\u1ea9y b\u1edfi s\u1ef1 t\u00f2 m\u00f2 v\u00e0 m\u1ee5c \u0111\u00edch s\u1ed1ng. Bytenax ra \u0111\u1eddi t\u1eeb \u00fd t\u01b0\u1edfng r\u1eb1ng \u1ea9m th\u1ef1c x\u1ee9ng \u0111\u00e1ng c\u00f3 m\u1ed9t n\u1ec1n t\u1ea3ng m\u1edbi \u2014 m\u1ed9t n\u1ec1n t\u1ea3ng t\u00f4n vinh s\u1ef1 \u0111\u1ed5i m\u1edbi, b\u1ea3n s\u1eafc, t\u00ednh b\u1ec1n v\u1eefng v\u00e0 khoa h\u1ecdc \u0111\u1eb1ng sau nh\u1eefng g\u00ec nu\u00f4i d\u01b0\u1ee1ng ch\u00fang ta.<\/p>\n\n\n\n<p>Cho d\u00f9 ch\u00fang ta \u0111ang th\u1ea3o lu\u1eadn v\u1ec1 nh\u1eefng \u0111\u1ed9t ph\u00e1 trong c\u00f4ng ngh\u1ec7 th\u1ef1c ph\u1ea9m, k\u1ef9 thu\u1eadt n\u1ea5u \u0103n, h\u1ec7 th\u1ed1ng b\u1ec1n v\u1eefng, \u1ea9m th\u1ef1c to\u00e0n c\u1ea7u hay hi\u1ec3u bi\u1ebft s\u00e2u s\u1eafc v\u1ec1 dinh d\u01b0\u1ee1ng, n\u1ed9i dung c\u1ee7a ch\u00fang t\u00f4i \u0111\u1ec1u h\u01b0\u1edbng \u0111\u1ebfn s\u1ef1 ph\u00f9 h\u1ee3p, h\u1ea5p d\u1eabn v\u00e0 h\u01b0\u1edbng t\u1edbi t\u01b0\u01a1ng lai.<\/p>\n\n\n\n<p>B\u00e2y gi\u1edd, b\u1ea1n kh\u00f4ng c\u1ea7n ph\u1ea3i c\u00f3 m\u1ed9t ng\u01b0\u1eddi n\u00f3i chuy\u1ec7n \u2014 b\u1ea1n \u0111\u00e3 c\u00f3 m\u1ed9t ph\u1ea7n trong c\u1ed9ng \u0111\u1ed3ng to\u00e0n c\u1ea7u m\u00e0 b\u1ea1n \u0111\u00e3 t\u1ea1o ra m\u1ed9t c\u00e1ch d\u1ec5 d\u00e0ng nh\u01b0 cozinhamos, camemos, criamos v\u00e0 nos conectamos attrav\u00e9s da comida.<\/p>\n\n\n\n<h2 class=\"wp-block-heading\"><strong>Tham gia<\/strong><\/h2>\n\n\n\n<p>B\u1ea1n c\u00f3 c\u00e2u chuy\u1ec7n mu\u1ed1n chia s\u1ebb? B\u1ea1n mu\u1ed1n \u0111\u00f3ng g\u00f3p c\u00f4ng th\u1ee9c, \u00fd t\u01b0\u1edfng ho\u1eb7c quan \u0111i\u1ec3m v\u1ec1 h\u01b0\u1edbng \u0111i c\u1ee7a \u1ea9m th\u1ef1c? Ch\u00fang t\u00f4i r\u1ea5t mong nh\u1eadn \u0111\u01b0\u1ee3c \u00fd ki\u1ebfn c\u1ee7a b\u1ea1n. T\u1ea1i Bytenax, ti\u1ebfng n\u00f3i c\u1ee7a b\u1ea1n g\u00f3p ph\u1ea7n \u0111\u1ecbnh h\u00ecnh c\u00e2u chuy\u1ec7n v\u1ec1 v\u0103n h\u00f3a \u1ea9m th\u1ef1c hi\u1ec7n \u0111\u1ea1i.<\/p>\n\n\n\n<p>H\u00e3y c\u00f9ng nhau t\u1ea1o ra \u0111i\u1ec1u g\u00ec \u0111\u00f3 t\u00e1o b\u1ea1o v\u00e0 c\u00f3 \u00fd ngh\u0129a \u2014 t\u1eebng m\u00f3n \u0103n, t\u1eebng \u00fd t\u01b0\u1edfng, t\u1eebng b\u01b0\u1edbc \u0111\u1ed9t ph\u00e1.<\/p>\n\n\n\n<p><\/p>","protected":false},"excerpt":{"rendered":"<p>Bem-vindo \u00e0 Bytenax \u2013 trung t\u00e2m ph\u00ea b\u00ecnh c\u1ee7a b\u1ea1n \u0111\u1ec3 truy\u1ec1n c\u1ea3m h\u1ee9ng \u1ea9m th\u1ef1c, \u0111\u1ed5i m\u1edbi th\u1ef1c ph\u1ea9m v\u00e0 bi\u1ebfn \u0111\u1ed5i k\u1ef9 thu\u1eadt s\u1ed1 cho \u1ea9m th\u1ef1c. B\u1ea1n l\u00e0 ng\u01b0\u1eddi \u0111am m\u00ea \u1ea9m th\u1ef1c, l\u00e0 \u0111\u1ea7u b\u1ebfp, l\u00e0 ng\u01b0\u1eddi n\u1ea5u \u0103n, ho\u1eb7c l\u00e0 ng\u01b0\u1eddi kh\u00e1m ph\u00e1 nh\u1eefng c\u00f4ng ngh\u1ec7 m\u1edbi, c\u00f4ng ngh\u1ec7 v\u00e0 xu h\u01b0\u1edbng, Bytenax l\u00e0 n\u01a1i truy\u1ec1n c\u1ea3m h\u1ee9ng cho b\u1ea1n m\u1ed9t cada passo. \u0110i\u1ec1u g\u00ec th\u00fac \u0111\u1ea9y ch\u00fang t\u00f4i Na Bytenax, acreditamos que [\u2026]<\/p>","protected":false},"author":198,"featured_media":0,"parent":0,"menu_order":0,"comment_status":"closed","ping_status":"closed","template":"","meta":{"footnotes":""},"_links":{"self":[{"href":"https:\/\/bytenax.com\/vi\/wp-json\/wp\/v2\/pages\/100"}],"collection":[{"href":"https:\/\/bytenax.com\/vi\/wp-json\/wp\/v2\/pages"}],"about":[{"href":"https:\/\/bytenax.com\/vi\/wp-json\/wp\/v2\/types\/page"}],"author":[{"embeddable":true,"href":"https:\/\/bytenax.com\/vi\/wp-json\/wp\/v2\/users\/198"}],"replies":[{"embeddable":true,"href":"https:\/\/bytenax.com\/vi\/wp-json\/wp\/v2\/comments?post=100"}],"version-history":[{"count":3,"href":"https:\/\/bytenax.com\/vi\/wp-json\/wp\/v2\/pages\/100\/revisions"}],"predecessor-version":[{"id":1003,"href":"https:\/\/bytenax.com\/vi\/wp-json\/wp\/v2\/pages\/100\/revisions\/1003"}],"wp:attachment":[{"href":"https:\/\/bytenax.com\/vi\/wp-json\/wp\/v2\/media?parent=100"}],"curies":[{"name":"wp","href":"https:\/\/api.w.org\/{rel}","templated":true}]}}