    {"id":100,"date":"2025-06-27T20:16:36","date_gmt":"2025-06-27T20:16:36","guid":{"rendered":"https:\/\/bytenax.com\/?page_id=100"},"modified":"2025-11-24T21:00:14","modified_gmt":"2025-11-24T21:00:14","slug":"about-us","status":"publish","type":"page","link":"https:\/\/bytenax.com\/ur\/about-us\/","title":{"rendered":"\u06c1\u0645\u0627\u0631\u06d2 \u0628\u0627\u0631\u06d2 \u0645\u06cc\u06ba"},"content":{"rendered":"<h1 class=\"wp-block-heading\"><\/h1>\n\n\n\n<p>Bem-vindo \u00e0 <strong>\u0628\u0627\u0626\u0679\u0646\u06cc\u06a9\u0633<\/strong> \u2013 seu centro criativo para inspira\u00e7\u00e3o culin\u00e1ria, inova\u00e7\u00e3o alimentar e transforma\u00e7\u00e3o digital na gastronomia. Seja voc\u00ea um entusiasta da gastronomia, um chef, um criador de conte\u00fado, ou algu\u00e9m que explora novos sabores, tecnologias e tend\u00eancias, a Bytenax est\u00e1 aqui para inspirar voc\u00ea a cada passo.<\/p>\n\n\n\n<h2 class=\"wp-block-heading\"><strong>\u062c\u0648 \u06c1\u0645\u06cc\u06ba \u0686\u0644\u0627\u062a\u0627 \u06c1\u06d2\u06d4<\/strong><\/h2>\n\n\n\n<p>Na Bytenax, acreditamos que a comida \u00e9 mais do que nutri\u00e7\u00e3o \u2014 \u00e9 experi\u00eancia, express\u00e3o e evolu\u00e7\u00e3o. Nossa miss\u00e3o \u00e9 entregar conte\u00fado reflexivo e de alta qualidade que conecte criatividade com tecnologia, sustentabilidade e cultura.<br>Exploramos o que move o universo gastron\u00f4mico: da culin\u00e1ria Moderna \u00e0s inova\u00e7\u00f5es em foodtech, dos sistemas alimentares sustent\u00e1veis \u00e0s descobertas em nutri\u00e7\u00e3o, e das tradi\u00e7\u00f5es culin\u00e1rias \u00e0s novas gastro\u00e2nem\u00f3nias datempo.<\/p>\n\n\n\n<p>Estamos aqui para mostrar como a comida \u00e9 feita, compartilhada, transformada e reinventada em um mundo digital \u2014 semper com prop\u00f3sito, impacto e curiosidade.<\/p>\n\n\n\n<h2 class=\"wp-block-heading\"><strong>\u06c1\u0645 \u06a9\u0648\u0646 \u06c1\u06cc\u06ba\u06d4<\/strong><\/h2>\n\n\n\n<p>\u06c1\u0645 \u062a\u062c\u0633\u0633 \u0627\u0648\u0631 \u0645\u0642\u0635\u062f \u0633\u06d2 \u0686\u0644\u0646\u06d2 \u0648\u0627\u0644\u06d2 \u067e\u0627\u06a9 \u0645\u0641\u06a9\u0631\u0648\u06ba\u060c \u0688\u06cc\u0632\u0627\u0626\u0646\u0631\u0632\u060c \u06a9\u06c1\u0627\u0646\u06cc \u0633\u0646\u0627\u0646\u06d2 \u0648\u0627\u0644\u0648\u06ba\u060c \u0627\u0648\u0631 \u0688\u06cc\u062c\u06cc\u0679\u0644 \u062a\u062e\u0644\u06cc\u0642 \u06a9\u0627\u0631\u0648\u06ba \u06a9\u06cc \u0627\u06cc\u06a9 \u067e\u0631\u062c\u0648\u0634 \u0679\u06cc\u0645 \u06c1\u06cc\u06ba\u06d4 Bytenax \u0627\u0633 \u062e\u06cc\u0627\u0644 \u0633\u06d2 \u067e\u06cc\u062f\u0627 \u06c1\u0648\u0627 \u06a9\u06c1 \u06a9\u06be\u0627\u0646\u0627 \u0627\u06cc\u06a9 \u0646\u0626\u06cc \u0642\u0633\u0645 \u06a9\u06d2 \u067e\u0644\u06cc\u0679 \u0641\u0627\u0631\u0645 \u06a9\u0627 \u0645\u0633\u062a\u062d\u0642 \u06c1\u06d2 - \u062c\u0648 \u06a9\u06c1 \u062c\u062f\u062a\u060c \u0634\u0646\u0627\u062e\u062a\u060c \u067e\u0627\u0626\u06cc\u062f\u0627\u0631\u06cc\u060c \u0627\u0648\u0631 \u0627\u0633 \u0633\u0627\u0626\u0646\u0633 \u06a9\u0648 \u0645\u0646\u0627\u062a\u0627 \u06c1\u06d2 \u062c\u0648 \u06c1\u0645\u0627\u0631\u06cc \u067e\u0631\u0648\u0631\u0634 \u06a9\u0631\u062a\u06cc \u06c1\u06d2\u06d4<\/p>\n\n\n\n<p>\u0686\u0627\u06c1\u06d2 \u06c1\u0645 \u0641\u0648\u0688 \u0679\u06cc\u06a9 \u06a9\u06cc \u067e\u06cc\u0634 \u0631\u0641\u062a\u0648\u06ba\u060c \u06a9\u06be\u0627\u0646\u0627 \u067e\u06a9\u0627\u0646\u06d2 \u06a9\u06cc \u062a\u06a9\u0646\u06cc\u06a9\u0648\u06ba\u060c \u067e\u0627\u0626\u06cc\u062f\u0627\u0631 \u0646\u0638\u0627\u0645\u0648\u06ba\u060c \u0639\u0627\u0644\u0645\u06cc \u0645\u0639\u062f\u0646\u06cc\u0627\u062a\u060c \u06cc\u0627 \u063a\u0630\u0627\u0626\u06cc\u062a \u06a9\u06cc \u0628\u0635\u06cc\u0631\u062a \u067e\u0631 \u0628\u0627\u062a \u06a9\u0631 \u0631\u06c1\u06d2 \u06c1\u0648\u06ba\u060c \u06c1\u0645\u0627\u0631\u06d2 \u0645\u0648\u0627\u062f \u06a9\u0627 \u0645\u0642\u0635\u062f \u0645\u062a\u0639\u0644\u0642\u06c1\u060c \u067e\u0631\u06a9\u0634\u0634\u060c \u0627\u0648\u0631 \u0645\u0633\u062a\u0642\u0628\u0644 \u067e\u0631 \u0645\u0628\u0646\u06cc \u06c1\u0648\u0646\u0627 \u06c1\u06d2\u06d4<\/p>\n\n\n\n<p>Aqui, voc\u00ea n\u00e3o \u00e9 apenas um leitor \u2014 voc\u00ea faz parte de uma comunidade global que est\u00e1 moldando a maneira como cozinhamos, comemos, criamos e nos conectamos atrav\u00e9s da comida.<\/p>\n\n\n\n<h2 class=\"wp-block-heading\"><strong>\u0634\u0627\u0645\u0644 \u06c1\u0648 \u062c\u0627\u0624<\/strong><\/h2>\n\n\n\n<p>\u0627\u0634\u062a\u0631\u0627\u06a9 \u06a9\u0631\u0646\u06d2 \u06a9\u06d2 \u0644\u0626\u06d2 \u0627\u06cc\u06a9 \u06a9\u06c1\u0627\u0646\u06cc \u06c1\u06d2\u061f \u06a9\u06be\u0627\u0646\u0627 \u06a9\u06c1\u0627\u06ba \u0644\u06d2 \u062c\u0627\u06cc\u0627 \u062c\u0627\u062a\u0627 \u06c1\u06d2 \u0627\u0633 \u0628\u0627\u0631\u06d2 \u0645\u06cc\u06ba \u06a9\u0648\u0626\u06cc \u062a\u0631\u06a9\u06cc\u0628\u060c \u062e\u06cc\u0627\u0644\u060c \u06cc\u0627 \u0631\u0627\u0626\u06d2 \u062f\u06cc\u0646\u0627 \u0686\u0627\u06c1\u062a\u06d2 \u06c1\u06cc\u06ba\u061f \u06c1\u0645 \u0622\u067e \u0633\u06d2 \u0633\u0646\u0646\u0627 \u067e\u0633\u0646\u062f \u06a9\u0631\u06cc\u06ba \u06af\u06d2\u06d4 Bytenax \u0645\u06cc\u06ba\u060c \u0622\u067e \u06a9\u06cc \u0622\u0648\u0627\u0632 \u062c\u062f\u06cc\u062f \u0641\u0648\u0688 \u06a9\u0644\u0686\u0631 \u06a9\u06d2 \u0628\u06cc\u0627\u0646\u06cc\u06d2 \u06a9\u0648 \u062a\u0634\u06a9\u06cc\u0644 \u062f\u06cc\u0646\u06d2 \u0645\u06cc\u06ba \u0645\u062f\u062f \u06a9\u0631\u062a\u06cc \u06c1\u06d2\u06d4<\/p>\n\n\n\n<p>\u0622\u0626\u06cc\u06d2 \u0645\u0644 \u06a9\u0631 \u06a9\u0686\u06be \u0628\u0648\u0644\u0688 \u0627\u0648\u0631 \u0628\u0627\u0645\u0639\u0646\u06cc \u0628\u0646\u0627\u0626\u06cc\u06ba \u2014 \u0627\u06cc\u06a9 \u0648\u0642\u062a \u0645\u06cc\u06ba \u0627\u06cc\u06a9 \u0688\u0634\u060c \u0627\u06cc\u06a9 \u0622\u0626\u06cc\u0688\u06cc\u0627\u060c \u0627\u06cc\u06a9 \u067e\u06cc\u0634 \u0631\u0641\u062a\u06d4<\/p>\n\n\n\n<p><\/p>","protected":false},"excerpt":{"rendered":"<p>Bem-vindo \u00e0 Bytenax \u2013 seu centro criativo para inspira\u00e7\u00e3o culin\u00e1ria, inova\u00e7\u00e3o alimentar e transforma\u00e7\u00e3o digital na gastronomia. Seja voc\u00ea um entusiasta da gastronomia, um chef, um criador de conte\u00fado, ou algu\u00e9m que explora novos sabores, tecnologias e tend\u00eancias, a Bytenax est\u00e1 aqui para inspirar voc\u00ea a cada passo. What drives us Na Bytenax, acreditamos que [&hellip;]<\/p>","protected":false},"author":198,"featured_media":0,"parent":0,"menu_order":0,"comment_status":"closed","ping_status":"closed","template":"","meta":{"footnotes":""},"_links":{"self":[{"href":"https:\/\/bytenax.com\/ur\/wp-json\/wp\/v2\/pages\/100"}],"collection":[{"href":"https:\/\/bytenax.com\/ur\/wp-json\/wp\/v2\/pages"}],"about":[{"href":"https:\/\/bytenax.com\/ur\/wp-json\/wp\/v2\/types\/page"}],"author":[{"embeddable":true,"href":"https:\/\/bytenax.com\/ur\/wp-json\/wp\/v2\/users\/198"}],"replies":[{"embeddable":true,"href":"https:\/\/bytenax.com\/ur\/wp-json\/wp\/v2\/comments?post=100"}],"version-history":[{"count":3,"href":"https:\/\/bytenax.com\/ur\/wp-json\/wp\/v2\/pages\/100\/revisions"}],"predecessor-version":[{"id":1003,"href":"https:\/\/bytenax.com\/ur\/wp-json\/wp\/v2\/pages\/100\/revisions\/1003"}],"wp:attachment":[{"href":"https:\/\/bytenax.com\/ur\/wp-json\/wp\/v2\/media?parent=100"}],"curies":[{"name":"wp","href":"https:\/\/api.w.org\/{rel}","templated":true}]}}