    {"id":100,"date":"2025-06-27T20:16:36","date_gmt":"2025-06-27T20:16:36","guid":{"rendered":"https:\/\/bytenax.com\/?page_id=100"},"modified":"2025-11-24T21:00:14","modified_gmt":"2025-11-24T21:00:14","slug":"about-us","status":"publish","type":"page","link":"https:\/\/bytenax.com\/uk\/about-us\/","title":{"rendered":"\u041f\u0440\u043e \u043d\u0430\u0441"},"content":{"rendered":"<h1 class=\"wp-block-heading\"><\/h1>\n\n\n\n<p>Bem-vindo \u00e0 <strong>\u0411\u0430\u0439\u0442\u0435\u043d\u0430\u043a\u0441<\/strong> \u2013 seu centro criativo para inspira\u00e7\u00e3o culin\u00e1ria, inova\u00e7\u00e3o alimentar e transforma\u00e7\u00e3o digital na gastronomia. Seja voc\u00ea um entusiasta da gastronomia, um chef, um criador de conte\u00fado, ou algu\u00e9m que explora novos sabores, tecnologias e tend\u00eancias, a Bytenax est\u00e1 aqui para inspirar voc\u00ea a cada passo.<\/p>\n\n\n\n<h2 class=\"wp-block-heading\"><strong>\u0429\u043e \u043d\u0430\u043c\u0438 \u0440\u0443\u0445\u0430\u0454<\/strong><\/h2>\n\n\n\n<p>Na Bytenax, acreditamos que a comida \u00e9 mais do que nutri\u00e7\u00e3o \u2014 \u00e9 experi\u00eancia, express\u00e3o e evoluci\u00e3o. Nossa miss\u00e3o \u00e9 entregar conte\u00fado reflexivo e de alta qualidade que conecte criatividade com tecnologia, sustentabilidade e cultura.<br>Exploramos o que move o universo gastron\u00f4mico: da culin\u00e1ria moderna \u00e0s inova\u00e7\u00f5es em foodtech, dos sistemas alimentares sustent\u00e1veis \u00e0s descobertas em nutri\u00e7\u00e3o, e das tradi\u00e7\u00f5es culin\u00e1rias \u00e0s novas leituras da gastronomia contempor\u00e2nea.<\/p>\n\n\n\n<p>Estamos aqui para mostrar como a comida \u00e9 feita, compartilhada, transformada e reinventada em um mundo digital \u2014 semper com prop\u00f3sito, impacto e curiosidade.<\/p>\n\n\n\n<h2 class=\"wp-block-heading\"><strong>\u0425\u0442\u043e \u043c\u0438 \u0454<\/strong><\/h2>\n\n\n\n<p>\u041c\u0438 \u2014 \u043a\u043e\u043c\u0430\u043d\u0434\u0430 \u043a\u0443\u043b\u0456\u043d\u0430\u0440\u043d\u0438\u0445 \u043c\u0438\u0441\u043b\u0438\u0442\u0435\u043b\u0456\u0432, \u0434\u0438\u0437\u0430\u0439\u043d\u0435\u0440\u0456\u0432, \u043e\u043f\u043e\u0432\u0456\u0434\u0430\u0447\u0456\u0432 \u0442\u0430 \u0446\u0438\u0444\u0440\u043e\u0432\u0438\u0445 \u0442\u0432\u043e\u0440\u0446\u0456\u0432, \u044f\u043a\u0438\u0445 \u043a\u0435\u0440\u0443\u0454 \u0446\u0456\u043a\u0430\u0432\u0456\u0441\u0442\u044c \u0442\u0430 \u0446\u0456\u043b\u0435\u0441\u043f\u0440\u044f\u043c\u043e\u0432\u0430\u043d\u0456\u0441\u0442\u044c. Bytenax \u043d\u0430\u0440\u043e\u0434\u0438\u0432\u0441\u044f \u0437 \u0456\u0434\u0435\u0457, \u0449\u043e \u0457\u0436\u0430 \u0437\u0430\u0441\u043b\u0443\u0433\u043e\u0432\u0443\u0454 \u043d\u0430 \u043d\u043e\u0432\u0443 \u043f\u043b\u0430\u0442\u0444\u043e\u0440\u043c\u0443 \u2014 \u0442\u0430\u043a\u0443, \u0449\u043e \u043f\u0440\u043e\u0441\u043b\u0430\u0432\u043b\u044f\u0454 \u0456\u043d\u043d\u043e\u0432\u0430\u0446\u0456\u0457, \u0456\u0434\u0435\u043d\u0442\u0438\u0447\u043d\u0456\u0441\u0442\u044c, \u0441\u0442\u0430\u043b\u0438\u0439 \u0440\u043e\u0437\u0432\u0438\u0442\u043e\u043a \u0442\u0430 \u043d\u0430\u0443\u043a\u0443, \u0449\u043e \u043b\u0435\u0436\u0438\u0442\u044c \u0432 \u043e\u0441\u043d\u043e\u0432\u0456 \u0442\u043e\u0433\u043e, \u0449\u043e \u043d\u0430\u0441 \u0436\u0438\u0432\u0438\u0442\u044c.<\/p>\n\n\n\n<p>\u041d\u0435\u0437\u0430\u043b\u0435\u0436\u043d\u043e \u0432\u0456\u0434 \u0442\u043e\u0433\u043e, \u0447\u0438 \u043e\u0431\u0433\u043e\u0432\u043e\u0440\u044e\u0454\u043c\u043e \u043c\u0438 \u043f\u0440\u043e\u0440\u0438\u0432\u0438 \u0443 \u0441\u0444\u0435\u0440\u0456 \u0445\u0430\u0440\u0447\u043e\u0432\u0438\u0445 \u0442\u0435\u0445\u043d\u043e\u043b\u043e\u0433\u0456\u0439, \u043a\u0443\u043b\u0456\u043d\u0430\u0440\u043d\u0456 \u043c\u0435\u0442\u043e\u0434\u0438, \u0441\u0442\u0456\u0439\u043a\u0456 \u0441\u0438\u0441\u0442\u0435\u043c\u0438, \u0433\u043b\u043e\u0431\u0430\u043b\u044c\u043d\u0443 \u0433\u0430\u0441\u0442\u0440\u043e\u043d\u043e\u043c\u0456\u044e \u0447\u0438 \u0456\u0434\u0435\u0457 \u0449\u043e\u0434\u043e \u0445\u0430\u0440\u0447\u0443\u0432\u0430\u043d\u043d\u044f, \u043d\u0430\u0448 \u043a\u043e\u043d\u0442\u0435\u043d\u0442 \u043f\u0440\u0430\u0433\u043d\u0435 \u0431\u0443\u0442\u0438 \u0430\u043a\u0442\u0443\u0430\u043b\u044c\u043d\u0438\u043c, \u0446\u0456\u043a\u0430\u0432\u0438\u043c \u0442\u0430 \u043e\u0440\u0456\u0454\u043d\u0442\u043e\u0432\u0430\u043d\u0438\u043c \u043d\u0430 \u043c\u0430\u0439\u0431\u0443\u0442\u043d\u0454.<\/p>\n\n\n\n<p>Aqui, voc\u00ea n\u00e3o \u00e9 apenas um leitor \u2014 voc\u00ea faz parte de uma comunidade global que est\u00e1 moldando a maneira como cozinhamos, comemos, criamos e nos conectamos atrav\u00e9s da comida.<\/p>\n\n\n\n<h2 class=\"wp-block-heading\"><strong>\u0414\u043e\u043b\u0443\u0447\u0430\u0439\u0442\u0435\u0441\u044f<\/strong><\/h2>\n\n\n\n<p>\u041c\u0430\u0454\u0442\u0435 \u0456\u0441\u0442\u043e\u0440\u0456\u044e, \u044f\u043a\u043e\u044e \u0445\u043e\u0447\u0435\u0442\u0435 \u043f\u043e\u0434\u0456\u043b\u0438\u0442\u0438\u0441\u044f? \u0425\u043e\u0447\u0435\u0442\u0435 \u0437\u0430\u043f\u0440\u043e\u043f\u043e\u043d\u0443\u0432\u0430\u0442\u0438 \u0440\u0435\u0446\u0435\u043f\u0442, \u0456\u0434\u0435\u044e \u0447\u0438 \u0434\u0443\u043c\u043a\u0443 \u0449\u043e\u0434\u043e \u0442\u043e\u0433\u043e, \u043a\u0443\u0434\u0438 \u0440\u0443\u0445\u0430\u0454\u0442\u044c\u0441\u044f \u0457\u0436\u0430? \u041c\u0438 \u0431\u0443\u0434\u0435\u043c\u043e \u0440\u0430\u0434\u0456 \u043f\u043e\u0447\u0443\u0442\u0438 \u0432\u0430\u0441. \u0423 Bytenax \u0432\u0430\u0448 \u0433\u043e\u043b\u043e\u0441 \u0434\u043e\u043f\u043e\u043c\u0430\u0433\u0430\u0454 \u0444\u043e\u0440\u043c\u0443\u0432\u0430\u0442\u0438 \u043d\u0430\u0440\u0430\u0442\u0438\u0432 \u0441\u0443\u0447\u0430\u0441\u043d\u043e\u0457 \u043a\u0443\u043b\u044c\u0442\u0443\u0440\u0438 \u0445\u0430\u0440\u0447\u0443\u0432\u0430\u043d\u043d\u044f.<\/p>\n\n\n\n<p>\u0414\u0430\u0432\u0430\u0439\u0442\u0435 \u0440\u0430\u0437\u043e\u043c \u0441\u0442\u0432\u043e\u0440\u0438\u043c\u043e \u0449\u043e\u0441\u044c \u0441\u043c\u0456\u043b\u0438\u0432\u0435 \u0442\u0430 \u0437\u043d\u0430\u0447\u0443\u0449\u0435 \u2014 \u043e\u0434\u043d\u0443 \u0441\u0442\u0440\u0430\u0432\u0443, \u043e\u0434\u043d\u0443 \u0456\u0434\u0435\u044e, \u043e\u0434\u0438\u043d \u043f\u0440\u043e\u0440\u0438\u0432 \u0437\u0430 \u0440\u0430\u0437.<\/p>\n\n\n\n<p><\/p>","protected":false},"excerpt":{"rendered":"<p>Bem-vindo \u00e0 Bytenax \u2013 seu creativo centro para inspira\u00e7\u00e3o kulin\u00e1ria, inova\u00e7\u00e3o alimentar e transforma\u00e7\u00e3o digital u gastronomia. Seja voc\u00ea um entusiasta da gastronomia, um chef, um criador de conte\u00fado, ou algu\u00e9m que explora novos sabores, tecnologias e tend\u00eancias, a Bytenax est\u00e1 aqui para inspirar voc\u00ea a cada passo. \u0429\u043e \u0440\u0443\u0445\u0430\u0454 \u043d\u0430\u043c\u0438 Na Bytenax, acreditamos que [\u2026]<\/p>","protected":false},"author":198,"featured_media":0,"parent":0,"menu_order":0,"comment_status":"closed","ping_status":"closed","template":"","meta":{"footnotes":""},"_links":{"self":[{"href":"https:\/\/bytenax.com\/uk\/wp-json\/wp\/v2\/pages\/100"}],"collection":[{"href":"https:\/\/bytenax.com\/uk\/wp-json\/wp\/v2\/pages"}],"about":[{"href":"https:\/\/bytenax.com\/uk\/wp-json\/wp\/v2\/types\/page"}],"author":[{"embeddable":true,"href":"https:\/\/bytenax.com\/uk\/wp-json\/wp\/v2\/users\/198"}],"replies":[{"embeddable":true,"href":"https:\/\/bytenax.com\/uk\/wp-json\/wp\/v2\/comments?post=100"}],"version-history":[{"count":3,"href":"https:\/\/bytenax.com\/uk\/wp-json\/wp\/v2\/pages\/100\/revisions"}],"predecessor-version":[{"id":1003,"href":"https:\/\/bytenax.com\/uk\/wp-json\/wp\/v2\/pages\/100\/revisions\/1003"}],"wp:attachment":[{"href":"https:\/\/bytenax.com\/uk\/wp-json\/wp\/v2\/media?parent=100"}],"curies":[{"name":"wp","href":"https:\/\/api.w.org\/{rel}","templated":true}]}}