    {"id":97,"date":"2025-06-27T20:15:54","date_gmt":"2025-06-27T20:15:54","guid":{"rendered":"https:\/\/bytenax.com\/?page_id=97"},"modified":"2025-11-24T20:59:24","modified_gmt":"2025-11-24T20:59:24","slug":"terms-of-use","status":"publish","type":"page","link":"https:\/\/bytenax.com\/tr\/terms-of-use\/","title":{"rendered":"Kullan\u0131m \u015eartlar\u0131"},"content":{"rendered":"<p><strong>Son g\u00fcncelleme: 27 Haziran 2025<\/strong><\/p>\n\n\n\n<p><strong>Bytenax<\/strong> G\u0131da inovasyonu, mutfak tasar\u0131m\u0131 ve teknoloji ile gastronominin kesi\u015fimine odaklanan bir dijital i\u00e7erik platformu olarak faaliyet g\u00f6stermektedir. Bu web sitesine eri\u015ferek veya kullanarak, a\u015fa\u011f\u0131da belirtilen h\u00fck\u00fcm, ko\u015ful ve politikalara uymay\u0131 kabul etmi\u015f olursunuz.<\/p>\n\n\n\n<p>Bu Kullan\u0131m Ko\u015fullar\u0131, Bytenax platformuyla etkile\u015fim kuran ziyaret\u00e7ilerin hak ve y\u00fck\u00fcml\u00fcl\u00fcklerini ana hatlar\u0131yla belirtir. Web sitesinin kullan\u0131m\u0131 ayr\u0131ca a\u015fa\u011f\u0131dakilere tabidir: <a>Gizlilik Politikas\u0131<\/a>.<\/p>\n\n\n\n<p><strong>L\u00dcTFEN BU \u015eARTLARI D\u0130KKATL\u0130CE OKUYUN. BUNLARI KABUL ETM\u0130YORSANIZ, BYTENAX&#039;I VEYA H\u0130ZMETLER\u0130NDEN H\u0130\u00c7B\u0130R\u0130N\u0130 KULLANMAYIN.<\/strong><\/p>\n\n\n\n<h2 class=\"wp-block-heading\"><strong>Madde I \u2013 Kullan\u0131c\u0131 S\u00f6zle\u015fmesi<\/strong><\/h2>\n\n\n\n<p>1.1 Bytenax&#039;\u0131 kullanarak, bu Kullan\u0131m Ko\u015fullar\u0131n\u0131 ve Gizlilik Politikam\u0131z\u0131 kabul etti\u011finizi onayl\u0131yorsunuz.<br>1.2 Bu web sitesini kullanmak i\u00e7in en az 18 ya\u015f\u0131nda olman\u0131z veya bulundu\u011funuz yarg\u0131 b\u00f6lgesinde yasal kapasiteye sahip olman\u0131z gerekir.<br>1.3 Bu \u015fartlar\u0131 yerine getirmiyorsan\u0131z veya bu \u015fartlar\u0131n herhangi bir k\u0131sm\u0131n\u0131 kabul etmiyorsan\u0131z, hizmetlerimize eri\u015fmenize veya bunlar\u0131 kullanman\u0131za izin verilmez.<\/p>\n\n\n\n<h2 class=\"wp-block-heading\"><strong>Madde II \u2013 \u0130leti\u015fim<\/strong><\/h2>\n\n\n\n<p>2.1 Bytenax, sorular\u0131n\u0131z, \u00f6nerileriniz ve teknik destek i\u00e7in resmi ileti\u015fim kanallar\u0131 sunmaktad\u0131r.<br>2.2 Bizimle a\u015fa\u011f\u0131daki yollarla ileti\u015fime ge\u00e7ebilirsiniz: <a>\u0130leti\u015fim Sayfas\u0131<\/a> veya orada belirtilen e-posta adresleri arac\u0131l\u0131\u011f\u0131yla.<\/p>\n\n\n\n<h2 class=\"wp-block-heading\"><strong>Madde III \u2013 Taraflar\u0131n Sorumluluklar\u0131<\/strong><\/h2>\n\n\n\n<p>3.1 Kullan\u0131c\u0131lar, herhangi bir Bytenax i\u00e7eri\u011fi veya hizmetiyle etkile\u015fim kurarken bu Kullan\u0131m Ko\u015fullar\u0131na ve Gizlilik Politikam\u0131za uymay\u0131 kabul eder.<br>3.2 Site, kolayl\u0131k veya referans amac\u0131yla \u00fc\u00e7\u00fcnc\u00fc taraf web sitelerine y\u00f6nelik harici ba\u011flant\u0131lar i\u00e7erebilir.<br>3.3 \u00dc\u00e7\u00fcnc\u00fc taraf bir siteye gitti\u011finizde, bu sitenin kendi \u015fartlar\u0131 ve gizlilik uygulamalar\u0131 ge\u00e7erli olacakt\u0131r. Bytenax, bu web sitelerinin g\u00fcvenilirli\u011finden, i\u00e7eri\u011finden veya politikalar\u0131ndan sorumlu de\u011fildir.<br>3.4 Kullan\u0131c\u0131lar, Bytenax&#039;ta kullan\u0131lan internet ba\u011flant\u0131s\u0131n\u0131n, cihazlar\u0131n ve t\u00fcm oturum a\u00e7ma bilgilerinin g\u00fcvenli\u011finden yaln\u0131zca kendileri sorumludur.<br>3.5 Bytenax, makul kontrol\u00fcm\u00fcz d\u0131\u015f\u0131nda meydana gelen kesintilerden, yetkisiz eri\u015fimlerden veya platformun k\u00f6t\u00fcye kullan\u0131m\u0131ndan kaynaklanan hasarlardan sorumlu de\u011fildir.<br>3.6 Resmi olmayan ileti\u015fim kanallar\u0131 arac\u0131l\u0131\u011f\u0131yla hassas ki\u015fisel bilgilerinizi veya banka bilgilerinizi asla talep etmeyece\u011fiz.<br>3.7 Bytenax&#039;tan geldi\u011fi iddia edilen \u015f\u00fcpheli mesajlar al\u0131rsan\u0131z, bunlar\u0131 resmi ileti\u015fim kanallar\u0131m\u0131z arac\u0131l\u0131\u011f\u0131yla bildirin.<\/p>\n\n\n\n<h2 class=\"wp-block-heading\"><strong>Madde IV \u2013 Yasaklanm\u0131\u015f Davran\u0131\u015flar<\/strong><\/h2>\n\n\n\n<p>A\u015fa\u011f\u0131daki davran\u0131\u015flar kesinlikle yasakt\u0131r:<\/p>\n\n\n\n<ul>\n<li>Yasad\u0131\u015f\u0131, k\u00f6t\u00fcye kullan\u0131m veya hileli faaliyetlerde bulunmak<\/li>\n\n\n\n<li>Fikri m\u00fclkiyet haklar\u0131n\u0131 veya kullan\u0131c\u0131 gizlili\u011fini ihlal etmek<\/li>\n\n\n\n<li>K\u00f6t\u00fc ama\u00e7l\u0131 yaz\u0131l\u0131m, vir\u00fcs veya zararl\u0131 kod da\u011f\u0131tma<\/li>\n\n\n\n<li>Bireyleri veya kurulu\u015flar\u0131 taklit etmek<\/li>\n\n\n\n<li>R\u0131za olmadan veri toplanmas\u0131<\/li>\n\n\n\n<li>Yan\u0131lt\u0131c\u0131, yetkisiz veya aldat\u0131c\u0131 i\u00e7erik payla\u015f\u0131m\u0131<\/li>\n\n\n\n<li>Ba\u015fkalar\u0131n\u0131 taciz etmek, tehdit etmek veya iftira atmak<\/li>\n\n\n\n<li>Platformun operasyonlar\u0131na eri\u015fmeye, m\u00fcdahale etmeye veya bunlar\u0131 bozmaya \u00e7al\u0131\u015fmak<\/li>\n<\/ul>\n\n\n\n<p>Bu \u015fartlar\u0131n ihlali, Bytenax&#039;a eri\u015fimin \u00f6nceden haber verilmeksizin ge\u00e7ici olarak ask\u0131ya al\u0131nmas\u0131na veya kal\u0131c\u0131 olarak kald\u0131r\u0131lmas\u0131na neden olabilir.<\/p>\n\n\n\n<h2 class=\"wp-block-heading\"><strong>Madde V \u2013 Sorumlulu\u011fun S\u0131n\u0131rland\u0131r\u0131lmas\u0131 ve Garantiler<\/strong><\/h2>\n\n\n\n<p>Bytenax, i\u00e7erik ve hizmetlerini hi\u00e7bir t\u00fcrde garanti vermeden &quot;oldu\u011fu gibi&quot; ve &quot;mevcut oldu\u011fu \u015fekilde&quot; sa\u011flar.<br>Kesintisiz hizmet, i\u00e7eri\u011fin do\u011frulu\u011fu veya zaman\u0131nda olmas\u0131 ya da materyallerin beklentilerinizi kar\u015f\u0131layaca\u011f\u0131 konusunda garanti vermiyoruz.<br>Uygulanabilir yasalar\u0131n izin verdi\u011fi azami \u00f6l\u00e7\u00fcde, Bytenax platformun kullan\u0131m\u0131ndan kaynaklanan do\u011frudan, dolayl\u0131 veya sonu\u00e7sal zararlardan do\u011fan t\u00fcm sorumlulu\u011fu reddeder.<\/p>\n\n\n\n<h2 class=\"wp-block-heading\"><strong>Madde VI \u2013 S\u00fcre ve Yasal S\u00fcre<\/strong><\/h2>\n\n\n\n<p>Bu Kullan\u0131m Ko\u015fullar\u0131 s\u00fcresiz olarak y\u00fcr\u00fcrl\u00fckte kalacakt\u0131r.<br>Bytenax ile ilgili her t\u00fcrl\u00fc yasal talep veya anla\u015fmazl\u0131k, a\u015fa\u011f\u0131daki tarihler aras\u0131nda ba\u015flat\u0131lmal\u0131d\u0131r: <strong>90 (doksan) g\u00fcn<\/strong> iddiaya yol a\u00e7an olay\u0131n.<\/p>\n\n\n\n<h2 class=\"wp-block-heading\"><strong>Madde VII \u2013 Ge\u00e7erli Hukuk ve Yarg\u0131 Yetkisi<\/strong><\/h2>\n\n\n\n<p>Bu Kullan\u0131m Ko\u015fullar\u0131 a\u015fa\u011f\u0131dakilere g\u00f6re y\u00f6netilecek ve yorumlanacakt\u0131r: <strong>Estonya Cumhuriyeti yasalar\u0131<\/strong>Bu \u015eartlar veya bu web sitesinin kullan\u0131m\u0131yla ilgili veya bunlardan kaynaklanan herhangi bir anla\u015fmazl\u0131k, ihtilaf veya talep, Estonya yasalar\u0131na uygun olarak \u00e7\u00f6z\u00fclecektir. <strong>Estonya&#039;n\u0131n Tallinn kentinde bulunan mahkemelerin m\u00fcnhas\u0131r yarg\u0131 yetkisi<\/strong>.<br>Bu madde, Estonya&#039;n\u0131n sa\u011flad\u0131\u011f\u0131 gibi yasal \u015feffafl\u0131\u011f\u0131 ve uluslararas\u0131 uyumluluk en iyi uygulamalar\u0131yla uyumu garanti eder. <em>Bor\u00e7lar Hukuku Kanunu<\/em> Ve <em>Uluslararas\u0131 \u00d6zel Hukuk Kanunu<\/em>.<\/p>\n\n\n\n<h2 class=\"wp-block-heading\"><strong>Madde VIII \u2013 Fikri M\u00fclkiyet<\/strong><\/h2>\n\n\n\n<p>8.1 Bytenax&#039;taki t\u00fcm i\u00e7erik (makaleler, grafikler, logolar ve tasar\u0131m \u00f6\u011feleri dahil) fikri m\u00fclkiyet yasas\u0131yla korunmaktad\u0131r.<br>8.2 Bu i\u00e7eri\u011fin hi\u00e7bir b\u00f6l\u00fcm\u00fcn\u00fc \u00f6nceden yaz\u0131l\u0131 izin almadan kopyalayamaz, \u00e7o\u011faltamaz veya da\u011f\u0131tamazs\u0131n\u0131z.<br>8.3 Kullan\u0131c\u0131lar taraf\u0131ndan g\u00f6nderilen i\u00e7eriklerin sorumlulu\u011fu kullan\u0131c\u0131lara aittir. Bytenax, yasal veya etik kurallara ayk\u0131r\u0131 materyalleri kald\u0131rma hakk\u0131n\u0131 sakl\u0131 tutar.<\/p>\n\n\n\n<h2 class=\"wp-block-heading\"><strong>Madde IX \u2013 \u015eartlarda De\u011fi\u015fiklikler<\/strong><\/h2>\n\n\n\n<p>Bytenax, bu \u015eartlar\u0131n veya hizmetlerinin herhangi bir b\u00f6l\u00fcm\u00fcn\u00fc \u00f6nceden haber vermeksizin herhangi bir zamanda de\u011fi\u015ftirme, g\u00fcncelleme veya durdurma hakk\u0131n\u0131 sakl\u0131 tutar.<br>Bu sayfay\u0131 d\u00fczenli aral\u0131klarla incelemek sizin sorumlulu\u011funuzdad\u0131r. Web sitesinin kullan\u0131lmaya devam edilmesi, revize edilen t\u00fcm \u015fartlar\u0131n kabul edildi\u011fi anlam\u0131na gelir.<\/p>\n\n\n\n<h2 class=\"wp-block-heading\"><strong>Madde X \u2013 \u0130leti\u015fim<\/strong><\/h2>\n\n\n\n<p>Bu Kullan\u0131m Ko\u015fullar\u0131 ile ilgili herhangi bir sorunuz varsa l\u00fctfen bizimle \u015fu adresten ileti\u015fime ge\u00e7in:<br> https:\/\/bytenax.com\/contact<br> <strong>ileti\u015fim@bytenax.com<\/strong><\/p>\n\n\n\n<p><strong>BU \u015eARTLARI KABUL ETM\u0130YORSANIZ L\u00dcTFEN BYTENAX&#039;I VEYA H\u0130ZMETLER\u0130N\u0130 KULLANMAYIN.<\/strong><\/p>","protected":false},"excerpt":{"rendered":"<p>Son g\u00fcncelleme: 27 Haziran 2025 Bytenax, g\u0131da inovasyonu, mutfak tasar\u0131m\u0131 ve teknoloji ile gastronominin kesi\u015fimine odaklanan bir dijital i\u00e7erik platformu olarak faaliyet g\u00f6stermektedir. Bu web sitesine eri\u015ferek veya bu web sitesini kullanarak, a\u015fa\u011f\u0131da belirtilen h\u00fck\u00fcm, ko\u015ful ve politikalara uymay\u0131 kabul etmi\u015f olursunuz. Bu Kullan\u0131m Ko\u015fullar\u0131, web sitemizle etkile\u015fim kuran ziyaret\u00e7ilerin hak ve y\u00fck\u00fcml\u00fcl\u00fcklerini \u00f6zetlemektedir. [\u2026]<\/p>","protected":false},"author":198,"featured_media":0,"parent":0,"menu_order":0,"comment_status":"closed","ping_status":"closed","template":"","meta":{"footnotes":""},"_links":{"self":[{"href":"https:\/\/bytenax.com\/tr\/wp-json\/wp\/v2\/pages\/97"}],"collection":[{"href":"https:\/\/bytenax.com\/tr\/wp-json\/wp\/v2\/pages"}],"about":[{"href":"https:\/\/bytenax.com\/tr\/wp-json\/wp\/v2\/types\/page"}],"author":[{"embeddable":true,"href":"https:\/\/bytenax.com\/tr\/wp-json\/wp\/v2\/users\/198"}],"replies":[{"embeddable":true,"href":"https:\/\/bytenax.com\/tr\/wp-json\/wp\/v2\/comments?post=97"}],"version-history":[{"count":4,"href":"https:\/\/bytenax.com\/tr\/wp-json\/wp\/v2\/pages\/97\/revisions"}],"predecessor-version":[{"id":1002,"href":"https:\/\/bytenax.com\/tr\/wp-json\/wp\/v2\/pages\/97\/revisions\/1002"}],"wp:attachment":[{"href":"https:\/\/bytenax.com\/tr\/wp-json\/wp\/v2\/media?parent=97"}],"curies":[{"name":"wp","href":"https:\/\/api.w.org\/{rel}","templated":true}]}}