    {"id":103,"date":"2025-06-27T20:17:49","date_gmt":"2025-06-27T20:17:49","guid":{"rendered":"https:\/\/bytenax.com\/?page_id=103"},"modified":"2025-11-24T20:57:49","modified_gmt":"2025-11-24T20:57:49","slug":"contact","status":"publish","type":"page","link":"https:\/\/bytenax.com\/tr\/contact\/","title":{"rendered":"Temas etmek"},"content":{"rendered":"<p>Ziyaretiniz i\u00e7in te\u015fekk\u00fcr ederiz <strong>Bytenax<\/strong>, gastronomi alan\u0131nda mutfak yarat\u0131c\u0131l\u0131\u011f\u0131, g\u0131da inovasyonu ve dijital hikaye anlat\u0131m\u0131 i\u00e7in vazge\u00e7ilmez platformunuz. Mesajlar\u0131n\u0131za ger\u00e7ekten de\u011fer veriyoruz ve yarat\u0131c\u0131lar, \u015fefler ve merakl\u0131 zihinlerden olu\u015fan toplulu\u011fumuzu desteklemek, i\u015f birli\u011fi yapmak ve onlarla ba\u011flant\u0131 kurmak i\u00e7in buraday\u0131z.<\/p>\n\n\n\n<h3 class=\"wp-block-heading\"><strong>Genel Sorular<\/strong><\/h3>\n\n\n\n<p>Bytenax hakk\u0131nda bir sorunuz mu var veya sadece merhaba demek mi istiyorsunuz? Bize \u015fu adresten e-posta g\u00f6nderin: <strong>ileti\u015fim@bytenax.com<\/strong><br>Sizden haber almaktan her zaman mutluluk duyar\u0131z ve en k\u0131sa s\u00fcrede size geri d\u00f6n\u00fc\u015f yapaca\u011f\u0131z.<\/p>\n\n\n\n<h3 class=\"wp-block-heading\"><strong>Katk\u0131lar ve Fikirler<\/strong><\/h3>\n\n\n\n<p>Payla\u015fmak istedi\u011finiz bir tarif, sunmak istedi\u011finiz bir g\u00f6r\u00fc\u015f veya bir makale fikriniz mi var? Bize ula\u015f\u0131n <strong>ileti\u015fim@bytenax.com<\/strong><br>G\u0131da, teknoloji ve yarat\u0131c\u0131 end\u00fcstrilerden her zaman yeni sesler ve cesur bak\u0131\u015f a\u00e7\u0131lar\u0131 ar\u0131yoruz.<\/p>\n\n\n\n<h3 class=\"wp-block-heading\"><strong>Teknik Destek<\/strong><\/h3>\n\n\n\n<p>Siteyle ilgili sorun mu ya\u015f\u0131yorsunuz veya i\u00e7eri\u011fi g\u00f6r\u00fcnt\u00fclemekte sorun mu ya\u015f\u0131yorsunuz? Destek ekibimizle ileti\u015fime ge\u00e7in: <strong>ileti\u015fim@bytenax.com<\/strong><br>Bytenax&#039;taki deneyiminizin sorunsuz ve keyifli olmas\u0131n\u0131 sa\u011flamak i\u00e7in buraday\u0131z.<\/p>\n\n\n\n<h3 class=\"wp-block-heading\"><strong>Ba\u011flant\u0131da Kal\u0131n<\/strong><\/h3>\n\n\n\n<p>Bytenax, k\u00fcresel bir topluluk i\u00e7in tasarlanm\u0131\u015f dijital tabanl\u0131 bir platformdur. Fiziksel bir ofisimiz olmasa da, her zaman \u00e7evrimi\u00e7iyiz; sizinle i\u015f birli\u011fi yapmaya, size ilham vermeye ve b\u00fcy\u00fcmeye haz\u0131r\u0131z.<\/p>\n\n\n\n<p>Bytenax toplulu\u011funun bir par\u00e7as\u0131 oldu\u011funuz i\u00e7in tekrar te\u015fekk\u00fcr ederiz. Sizden haber bekliyoruz!<\/p>\n\n\n\n<p><strong>Sevgilerimle,<\/strong><br><em>Bytenax Ekibi<\/em><\/p>","protected":false},"excerpt":{"rendered":"<p>Thank you for visiting Bytenax, your go-to platform for culinary creativity, food innovation, and digital storytelling in gastronomy. We truly value your messages and are here to support, collaborate, and connect with our community of creators, chefs, and curious minds. General Inquiries Have a question about Bytenax or just want to say hello? Email us [&hellip;]<\/p>","protected":false},"author":198,"featured_media":0,"parent":0,"menu_order":0,"comment_status":"closed","ping_status":"closed","template":"","meta":{"footnotes":""},"_links":{"self":[{"href":"https:\/\/bytenax.com\/tr\/wp-json\/wp\/v2\/pages\/103"}],"collection":[{"href":"https:\/\/bytenax.com\/tr\/wp-json\/wp\/v2\/pages"}],"about":[{"href":"https:\/\/bytenax.com\/tr\/wp-json\/wp\/v2\/types\/page"}],"author":[{"embeddable":true,"href":"https:\/\/bytenax.com\/tr\/wp-json\/wp\/v2\/users\/198"}],"replies":[{"embeddable":true,"href":"https:\/\/bytenax.com\/tr\/wp-json\/wp\/v2\/comments?post=103"}],"version-history":[{"count":2,"href":"https:\/\/bytenax.com\/tr\/wp-json\/wp\/v2\/pages\/103\/revisions"}],"predecessor-version":[{"id":999,"href":"https:\/\/bytenax.com\/tr\/wp-json\/wp\/v2\/pages\/103\/revisions\/999"}],"wp:attachment":[{"href":"https:\/\/bytenax.com\/tr\/wp-json\/wp\/v2\/media?parent=103"}],"curies":[{"name":"wp","href":"https:\/\/api.w.org\/{rel}","templated":true}]}}