    {"id":100,"date":"2025-06-27T20:16:36","date_gmt":"2025-06-27T20:16:36","guid":{"rendered":"https:\/\/bytenax.com\/?page_id=100"},"modified":"2025-11-24T21:00:14","modified_gmt":"2025-11-24T21:00:14","slug":"about-us","status":"publish","type":"page","link":"https:\/\/bytenax.com\/tr\/about-us\/","title":{"rendered":"Hakk\u0131m\u0131zda"},"content":{"rendered":"<h1 class=\"wp-block-heading\"><\/h1>\n\n\n\n<p>Bem-vindo \u00e0 <strong>Bytenax<\/strong> \u2013 mutfak konusunda ilham verici, yenilik\u00e7i beslenme ve gastronomi alan\u0131nda dijital d\u00f6n\u00fc\u015f\u00fcm\u00fcn merkezi. Bir \u015fef, bir yemek yazar\u0131 olarak gastronomi tutkunuz varsa veya yeni sabotajlar, teknolojiler ve e\u011filimler ke\u015ffetmeyi d\u00fc\u015f\u00fcn\u00fcyorsan\u0131z, Bytenax her \u015feye ilham vermek i\u00e7in haz\u0131rd\u0131r.<\/p>\n\n\n\n<h2 class=\"wp-block-heading\"><strong>Bizi ne motive ediyor?<\/strong><\/h2>\n\n\n\n<p>Bytenax&#039;a g\u00f6re, en \u00f6nemli besin kayna\u011f\u0131 olan akreditasyon, deneyim, ifade ve geli\u015fimdir. Bu misyon, teknoloji, s\u00fcrd\u00fcr\u00fclebilirlik ve k\u00fclt\u00fcrle ba\u011flant\u0131l\u0131 olarak ele\u015ftirel ve \u00fcst d\u00fczey niteliklere sahip bir misyondur.<br>Gastronomi evrenini ke\u015ffediyoruz: g\u0131da teknolojisinde yenilik\u00e7i modern mutfaklar, beslenme a\u00e7\u0131s\u0131ndan zengin beslenme sistemleri ve \u00e7a\u011fda\u015f gastronominin yeni lezzetleri olarak geleneksel mutfaklar.<\/p>\n\n\n\n<p>\u00c7o\u011fu zaman bunlar ticari olarak tasarlanm\u0131\u015f, dijital d\u00fcnyada d\u00f6n\u00fc\u015ft\u00fcr\u00fclm\u00fc\u015f, d\u00f6n\u00fc\u015ft\u00fcr\u00fclm\u00fc\u015f ve yeniden ke\u015ffedilmi\u015f \u2014 \u00f6zellikle, etkileyici ve merak uyand\u0131r\u0131c\u0131.<\/p>\n\n\n\n<h2 class=\"wp-block-heading\"><strong>Biz kimiz<\/strong><\/h2>\n\n\n\n<p>Merak ve ama\u00e7 odakl\u0131, tutkulu bir mutfak d\u00fc\u015f\u00fcn\u00fcrleri, tasar\u0131mc\u0131lar, hikaye anlat\u0131c\u0131lar\u0131 ve dijital yarat\u0131c\u0131lar ekibiyiz. Bytenax, yeme\u011fin yeni bir platformu hak etti\u011fi fikrinden do\u011fdu; inovasyonu, kimli\u011fi, s\u00fcrd\u00fcr\u00fclebilirli\u011fi ve bizi besleyen \u015feyin ard\u0131ndaki bilimi kutlayan bir platform.<\/p>\n\n\n\n<p>\u0130ster g\u0131da teknolojisindeki \u00e7\u0131\u011f\u0131r a\u00e7an geli\u015fmelerden, mutfak tekniklerinden, s\u00fcrd\u00fcr\u00fclebilir sistemlerden, k\u00fcresel gastronomiden veya beslenme i\u00e7g\u00f6r\u00fclerinden bahsedelim, i\u00e7eriklerimizin alakal\u0131, ilgi \u00e7ekici ve gelece\u011fe y\u00f6nelik olmas\u0131n\u0131 hedefliyoruz.<\/p>\n\n\n\n<p>Ama yine de, bir leitor&#039;a giri\u015f yapmad\u0131n\u0131z - \u015fimdi, komik e\u011flenceler, komik anlar, e\u011flenceler ve komik ba\u011flant\u0131lar\u0131n oldu\u011fu k\u00fcresel bir toplulu\u011fun par\u00e7as\u0131y\u0131z.<\/p>\n\n\n\n<h2 class=\"wp-block-heading\"><strong>Kat\u0131l\u0131n<\/strong><\/h2>\n\n\n\n<p>Payla\u015facak bir hikayeniz mi var? Yeme\u011fin nereye gitti\u011fine dair bir tarif, fikir veya g\u00f6r\u00fc\u015f payla\u015fmak ister misiniz? Sizden haber almak isteriz. Bytenax&#039;ta, sesiniz modern yemek k\u00fclt\u00fcr\u00fcn\u00fcn anlat\u0131s\u0131n\u0131 \u015fekillendirmeye yard\u0131mc\u0131 oluyor.<\/p>\n\n\n\n<p>Birlikte cesur ve anlaml\u0131 bir \u015fey yaratal\u0131m; bir yemek, bir fikir, bir anda ortaya \u00e7\u0131kan bir bulu\u015f.<\/p>\n\n\n\n<p><\/p>","protected":false},"excerpt":{"rendered":"<p>Bem-vindo \u00e0 Bytenax \u2013 seu centro criativo para inspira\u00e7\u00e3o culin\u00e1ria, inova\u00e7\u00e3o alimentar e transforma\u00e7\u00e3o digital na gastronomia. Seja voc\u00ea um entusiasta da gastronomia, um chef, um criador de conte\u00fado, ou algu\u00e9m que explora novos sabores, tecnologias e tend\u00eancias, a Bytenax est\u00e1 aqui para inspirar voc\u00ea a cada passo. What drives us Na Bytenax, acreditamos que [&hellip;]<\/p>","protected":false},"author":198,"featured_media":0,"parent":0,"menu_order":0,"comment_status":"closed","ping_status":"closed","template":"","meta":{"footnotes":""},"_links":{"self":[{"href":"https:\/\/bytenax.com\/tr\/wp-json\/wp\/v2\/pages\/100"}],"collection":[{"href":"https:\/\/bytenax.com\/tr\/wp-json\/wp\/v2\/pages"}],"about":[{"href":"https:\/\/bytenax.com\/tr\/wp-json\/wp\/v2\/types\/page"}],"author":[{"embeddable":true,"href":"https:\/\/bytenax.com\/tr\/wp-json\/wp\/v2\/users\/198"}],"replies":[{"embeddable":true,"href":"https:\/\/bytenax.com\/tr\/wp-json\/wp\/v2\/comments?post=100"}],"version-history":[{"count":3,"href":"https:\/\/bytenax.com\/tr\/wp-json\/wp\/v2\/pages\/100\/revisions"}],"predecessor-version":[{"id":1003,"href":"https:\/\/bytenax.com\/tr\/wp-json\/wp\/v2\/pages\/100\/revisions\/1003"}],"wp:attachment":[{"href":"https:\/\/bytenax.com\/tr\/wp-json\/wp\/v2\/media?parent=100"}],"curies":[{"name":"wp","href":"https:\/\/api.w.org\/{rel}","templated":true}]}}