    {"id":103,"date":"2025-06-27T20:17:49","date_gmt":"2025-06-27T20:17:49","guid":{"rendered":"https:\/\/bytenax.com\/?page_id=103"},"modified":"2025-11-24T20:57:49","modified_gmt":"2025-11-24T20:57:49","slug":"contact","status":"publish","type":"page","link":"https:\/\/bytenax.com\/ro\/contact\/","title":{"rendered":"Contact"},"content":{"rendered":"<p>V\u0103 mul\u021bumim pentru vizit\u0103 <strong>Bytenax<\/strong>, platforma ta de referin\u021b\u0103 pentru creativitate culinar\u0103, inova\u021bie alimentar\u0103 \u0219i povestiri digitale \u00een gastronomie. Apreciem cu adev\u0103rat mesajele tale \u0219i suntem aici pentru a sprijini, colabora \u0219i conecta cu comunitatea noastr\u0103 de creatori, buc\u0103tari \u0219i min\u021bi curioase.<\/p>\n\n\n\n<h3 class=\"wp-block-heading\"><strong>\u00centreb\u0103ri generale<\/strong><\/h3>\n\n\n\n<p>Ave\u021bi o \u00eentrebare despre Bytenax sau dori\u021bi doar s\u0103 ne saluta\u021bi? Trimite\u021bi-ne un e-mail la <strong>contact@bytenax.com<\/strong><br>Suntem \u00eentotdeauna bucuro\u0219i s\u0103 auzim de la tine \u0219i te vom contacta c\u00e2t mai cur\u00e2nd posibil.<\/p>\n\n\n\n<h3 class=\"wp-block-heading\"><strong>Contribu\u021bii \u0219i idei<\/strong><\/h3>\n\n\n\n<p>Ai o re\u021bet\u0103 de \u00eemp\u0103rt\u0103\u0219it, o opinie de prezentat sau o idee pentru un articol? Contacteaz\u0103-ne. <strong>contact@bytenax.com<\/strong><br>Suntem mereu \u00een c\u0103utare de voci noi \u0219i perspective \u00eendr\u0103zne\u021be din industria alimentar\u0103, tehnologic\u0103 \u0219i creativ\u0103.<\/p>\n\n\n\n<h3 class=\"wp-block-heading\"><strong>Asisten\u021b\u0103 tehnic\u0103<\/strong><\/h3>\n\n\n\n<p>\u00cent\u00e2mpina\u021bi probleme cu site-ul sau ave\u021bi probleme la vizualizarea con\u021binutului? Contacta\u021bi echipa noastr\u0103 de asisten\u021b\u0103 la <strong>contact@bytenax.com<\/strong><br>Suntem aici pentru a ne asigura c\u0103 experien\u021ba ta pe Bytenax este u\u0219oar\u0103 \u0219i pl\u0103cut\u0103.<\/p>\n\n\n\n<h3 class=\"wp-block-heading\"><strong>R\u0103m\u00e2i conectat<\/strong><\/h3>\n\n\n\n<p>Bytenax este o platform\u0103 digital\u0103 nativ\u0103, construit\u0103 pentru o comunitate global\u0103. De\u0219i nu avem un birou fizic, suntem mereu online - gata s\u0103 colabor\u0103m, s\u0103 inspir\u0103m \u0219i s\u0103 cre\u0219tem al\u0103turi de tine.<\/p>\n\n\n\n<p>\u00cenc\u0103 o dat\u0103 v\u0103 mul\u021bumim c\u0103 face\u021bi parte din comunitatea Bytenax. A\u0219tept\u0103m cu ner\u0103bdare s\u0103 v\u0103 auzim!<\/p>\n\n\n\n<p><strong>Salut\u0103ri calde,<\/strong><br><em>Echipa Bytenax<\/em><\/p>","protected":false},"excerpt":{"rendered":"<p>Thank you for visiting Bytenax, your go-to platform for culinary creativity, food innovation, and digital storytelling in gastronomy. We truly value your messages and are here to support, collaborate, and connect with our community of creators, chefs, and curious minds. General Inquiries Have a question about Bytenax or just want to say hello? Email us [&hellip;]<\/p>","protected":false},"author":198,"featured_media":0,"parent":0,"menu_order":0,"comment_status":"closed","ping_status":"closed","template":"","meta":{"footnotes":""},"_links":{"self":[{"href":"https:\/\/bytenax.com\/ro\/wp-json\/wp\/v2\/pages\/103"}],"collection":[{"href":"https:\/\/bytenax.com\/ro\/wp-json\/wp\/v2\/pages"}],"about":[{"href":"https:\/\/bytenax.com\/ro\/wp-json\/wp\/v2\/types\/page"}],"author":[{"embeddable":true,"href":"https:\/\/bytenax.com\/ro\/wp-json\/wp\/v2\/users\/198"}],"replies":[{"embeddable":true,"href":"https:\/\/bytenax.com\/ro\/wp-json\/wp\/v2\/comments?post=103"}],"version-history":[{"count":2,"href":"https:\/\/bytenax.com\/ro\/wp-json\/wp\/v2\/pages\/103\/revisions"}],"predecessor-version":[{"id":999,"href":"https:\/\/bytenax.com\/ro\/wp-json\/wp\/v2\/pages\/103\/revisions\/999"}],"wp:attachment":[{"href":"https:\/\/bytenax.com\/ro\/wp-json\/wp\/v2\/media?parent=103"}],"curies":[{"name":"wp","href":"https:\/\/api.w.org\/{rel}","templated":true}]}}