    {"id":105,"date":"2025-06-27T20:19:33","date_gmt":"2025-06-27T20:19:33","guid":{"rendered":"https:\/\/bytenax.com\/?page_id=105"},"modified":"2025-11-24T20:58:40","modified_gmt":"2025-11-24T20:58:40","slug":"privacy-policy","status":"publish","type":"page","link":"https:\/\/bytenax.com\/pt\/privacy-policy\/","title":{"rendered":"pol\u00edtica de Privacidade"},"content":{"rendered":"<p>Sua privacidade \u00e9 importante para n\u00f3s. \u00c9 <strong>Bytenax<\/strong>pol\u00edtica da para respeitar sua privacidade em rela\u00e7\u00e3o a qualquer informa\u00e7\u00e3o que possamos coletar de voc\u00ea em nosso site, <strong>Bytenax<\/strong>, e outros sites que possu\u00edmos e operamos.<\/p>\n\n\n\n<p>Solicitamos informa\u00e7\u00f5es pessoais somente quando realmente precisamos delas para lhe prestar um servi\u00e7o. Coletamos essas informa\u00e7\u00f5es por meios justos e legais, com o seu conhecimento e consentimento. Tamb\u00e9m informamos por que estamos coletando essas informa\u00e7\u00f5es e como ser\u00e3o utilizadas.<\/p>\n\n\n\n<p>Retemos as informa\u00e7\u00f5es coletadas apenas pelo tempo necess\u00e1rio para fornecer o servi\u00e7o solicitado. Os dados que armazenamos ser\u00e3o protegidos dentro de meios comercialmente aceit\u00e1veis para evitar perdas e roubos, bem como acesso, divulga\u00e7\u00e3o, c\u00f3pia, uso ou modifica\u00e7\u00e3o n\u00e3o autorizados.<\/p>\n\n\n\n<p>N\u00e3o compartilhamos nenhuma informa\u00e7\u00e3o de identifica\u00e7\u00e3o pessoal publicamente ou com terceiros, exceto quando exigido por lei.<\/p>\n\n\n\n<p>Nosso site pode conter links para sites externos que n\u00e3o s\u00e3o operados por n\u00f3s. Esteja ciente de que n\u00e3o temos controle sobre o conte\u00fado e as pr\u00e1ticas desses sites e n\u00e3o podemos nos responsabilizar por suas respectivas pol\u00edticas de privacidade.<\/p>\n\n\n\n<p>Voc\u00ea tem a liberdade de recusar nossa solicita\u00e7\u00e3o de informa\u00e7\u00f5es pessoais, entendendo que talvez n\u00e3o possamos fornecer alguns dos servi\u00e7os desejados.<\/p>\n\n\n\n<p>O uso cont\u00ednuo do nosso site ser\u00e1 considerado como aceita\u00e7\u00e3o das nossas pr\u00e1ticas em rela\u00e7\u00e3o \u00e0 privacidade e \u00e0s informa\u00e7\u00f5es pessoais. Se tiver alguma d\u00favida sobre como lidamos com dados do usu\u00e1rio e informa\u00e7\u00f5es pessoais, entre em contato conosco.<\/p>\n\n\n\n<h1 class=\"wp-block-heading\"><strong>Pol\u00edtica de cookies da Bytenax<\/strong><\/h1>\n\n\n\n<p>Esta \u00e9 a Pol\u00edtica de Cookies para <strong>Bytenax<\/strong>, acess\u00edvel em https:\/\/bytenax.com<\/p>\n\n\n\n<h2 class=\"wp-block-heading\">O que s\u00e3o cookies<\/h2>\n\n\n\n<p>Como \u00e9 pr\u00e1tica comum em quase todos os sites profissionais, este site utiliza cookies, que s\u00e3o pequenos arquivos baixados para o seu computador, para melhorar a sua experi\u00eancia. Esta p\u00e1gina descreve quais informa\u00e7\u00f5es eles coletam, como as utilizamos e por que, \u00e0s vezes, precisamos armazenar esses cookies. Tamb\u00e9m compartilharemos como voc\u00ea pode impedir o armazenamento desses cookies; no entanto, isso pode prejudicar ou &quot;quebrar&quot; certos elementos da funcionalidade do site.<\/p>\n\n\n\n<h2 class=\"wp-block-heading\">Como usamos cookies<\/h2>\n\n\n\n<p>Utilizamos cookies por diversos motivos, detalhados abaixo. Infelizmente, na maioria dos casos, n\u00e3o existem op\u00e7\u00f5es padr\u00e3o do setor para desativar cookies sem desativar completamente a funcionalidade e os recursos que eles adicionam a este site. Recomendamos que voc\u00ea deixe todos os cookies ativados caso n\u00e3o tenha certeza se precisa deles ou n\u00e3o, caso sejam usados para fornecer um servi\u00e7o que voc\u00ea utiliza.<\/p>\n\n\n\n<h2 class=\"wp-block-heading\">Desativando Cookies<\/h2>\n\n\n\n<p>Voc\u00ea pode impedir a configura\u00e7\u00e3o de cookies ajustando as configura\u00e7\u00f5es do seu navegador (consulte a Ajuda do seu navegador para saber como fazer isso). Esteja ciente de que a desativa\u00e7\u00e3o de cookies afetar\u00e1 a funcionalidade deste e de muitos outros sites que voc\u00ea visita. A desativa\u00e7\u00e3o de cookies geralmente resulta na desativa\u00e7\u00e3o de determinadas funcionalidades e recursos deste site. Portanto, \u00e9 recomend\u00e1vel que voc\u00ea n\u00e3o desative os cookies.<\/p>\n\n\n\n<h2 class=\"wp-block-heading\">Os cookies que definimos<\/h2>\n\n\n\n<p><strong>Cookies relacionados \u00e0 conta<\/strong><br>Se voc\u00ea criar uma conta conosco, usaremos cookies para gerenciar o processo de cadastro e administra\u00e7\u00e3o geral. Esses cookies geralmente ser\u00e3o exclu\u00eddos quando voc\u00ea sair do site, mas, em alguns casos, eles podem permanecer para lembrar suas prefer\u00eancias do site ao sair.<\/p>\n\n\n\n<p><strong>Cookies relacionados ao login<\/strong><br>Utilizamos cookies quando voc\u00ea est\u00e1 logado para que possamos nos lembrar dessa a\u00e7\u00e3o. Isso evita que voc\u00ea precise fazer login sempre que visitar uma nova p\u00e1gina. Esses cookies geralmente s\u00e3o removidos ou limpos quando voc\u00ea sai, para garantir que voc\u00ea s\u00f3 possa acessar recursos e \u00e1reas restritas enquanto estiver logado.<\/p>\n\n\n\n<p><strong>Cookies relacionados a boletins informativos por e-mail<\/strong><br>Este site oferece servi\u00e7os de assinatura de boletins informativos ou e-mail e cookies podem ser usados para lembrar se voc\u00ea j\u00e1 est\u00e1 registrado e se deve mostrar determinadas notifica\u00e7\u00f5es que podem ser v\u00e1lidas apenas para usu\u00e1rios inscritos\/n\u00e3o inscritos.<\/p>\n\n\n\n<p><strong>Cookies relacionados ao processamento de pedidos<\/strong><br>Este site pode oferecer servi\u00e7os de com\u00e9rcio eletr\u00f4nico ou pagamento e alguns cookies s\u00e3o essenciais para garantir que seu pedido seja lembrado entre as p\u00e1ginas para que possamos process\u00e1-lo corretamente.<\/p>\n\n\n\n<p><strong>Cookies relacionados a pesquisas<\/strong><br>Periodicamente, oferecemos pesquisas e question\u00e1rios para fornecer insights interessantes, ferramentas \u00fateis ou para entender nossa base de usu\u00e1rios com mais precis\u00e3o. Essas pesquisas podem usar cookies para lembrar quem j\u00e1 participou de uma pesquisa ou para fornecer resultados precisos ap\u00f3s a altera\u00e7\u00e3o das p\u00e1ginas.<\/p>\n\n\n\n<p><strong>Cookies relacionados a formul\u00e1rios<\/strong><br>Quando voc\u00ea envia dados por meio de um formul\u00e1rio como os encontrados em p\u00e1ginas de contato ou formul\u00e1rios de coment\u00e1rios, cookies podem ser configurados para lembrar seus detalhes de usu\u00e1rio para correspond\u00eancia futura.<\/p>\n\n\n\n<p><strong>Cookies de prefer\u00eancias do site<\/strong><br>Para lhe proporcionar uma \u00f3tima experi\u00eancia neste site, disponibilizamos a funcionalidade para definir as suas prefer\u00eancias de funcionamento quando o utiliza. Para memorizar as suas prefer\u00eancias, precisamos de definir cookies para que estas informa\u00e7\u00f5es possam ser acionadas sempre que interagir com uma p\u00e1gina afetada pelas suas prefer\u00eancias.<\/p>\n\n\n\n<h2 class=\"wp-block-heading\">Cookies de terceiros<\/h2>\n\n\n\n<p>Em alguns casos especiais, tamb\u00e9m utilizamos cookies fornecidos por terceiros confi\u00e1veis. A se\u00e7\u00e3o a seguir detalha quais cookies de terceiros voc\u00ea pode encontrar neste site.<\/p>\n\n\n\n<p>Este site usa <strong>Google Analytics<\/strong>, uma das solu\u00e7\u00f5es de an\u00e1lise mais difundidas e confi\u00e1veis da web, para nos ajudar a entender como voc\u00ea usa o site e como podemos melhorar sua experi\u00eancia. Esses cookies podem rastrear informa\u00e7\u00f5es como o tempo que voc\u00ea passa no site e as p\u00e1ginas que voc\u00ea visita, para que possamos continuar produzindo conte\u00fado envolvente. Para obter mais informa\u00e7\u00f5es sobre os cookies do Google Analytics, consulte <a>p\u00e1gina oficial do Google Analytics<\/a>.<\/p>\n\n\n\n<p><strong>An\u00e1lise de terceiros<\/strong> s\u00e3o usados para rastrear e mensurar o uso deste site, para que possamos continuar produzindo conte\u00fado valioso e relevante. Esses cookies podem rastrear quanto tempo voc\u00ea passa no site ou quais p\u00e1ginas voc\u00ea visita, o que nos ajuda a entender como podemos melhorar o site para voc\u00ea.<\/p>\n\n\n\n<p>Periodicamente, testamos novos recursos e fazemos pequenas altera\u00e7\u00f5es na forma como o site \u00e9 apresentado. Enquanto ainda estamos testando novos recursos, esses cookies podem ser usados para garantir que voc\u00ea tenha uma experi\u00eancia consistente enquanto estiver no site, al\u00e9m de garantir que entendamos quais otimiza\u00e7\u00f5es nossos usu\u00e1rios mais apreciam.<\/p>\n\n\n\n<p>Se oferecermos produtos ou servi\u00e7os, podemos usar cookies para rastrear quantos visitantes se convertem em clientes. Isso \u00e9 importante para nos ajudar a entender o desempenho dos neg\u00f3cios e aprimorar estrat\u00e9gias de pre\u00e7os ou promocionais.<\/p>\n\n\n\n<p>Tamb\u00e9m podemos usar <strong>bot\u00f5es e\/ou plugins de m\u00eddia social<\/strong> neste site que permitem que voc\u00ea se conecte com suas redes sociais de diversas maneiras. Para que isso funcione, plataformas sociais como Instagram, Facebook, Twitter\/X ou LinkedIn podem definir cookies em nosso site. Eles podem ser usados para aprimorar seu perfil em suas plataformas ou contribuir para a coleta de dados, sujeitos \u00e0s suas pr\u00f3prias pol\u00edticas de privacidade.<\/p>\n\n\n\n<h4 class=\"wp-block-heading\"><strong>Publicidade (Google AdSense) e suas escolhas<\/strong><\/h4>\n\n\n\n<p>Este site utiliza o Google AdSense para exibir an\u00fancios. O Google e seus parceiros podem usar cookies ou outras tecnologias para exibir, mensurar e personalizar an\u00fancios com base em suas visitas a este e outros sites.<\/p>\n\n\n\n<p>Para saber como o Google usa dados de sites e aplicativos que usam seus servi\u00e7os, visite:<br><a href=\"https:\/\/policies.google.com\/technologies\/partner-sites\">https:\/\/policies.google.com\/technologies\/partner-sites<\/a><\/p>\n\n\n\n<p><strong>Desativar an\u00fancios personalizados:<\/strong><br>Voc\u00ea pode optar por n\u00e3o receber publicidade personalizada do Google visitando seu <strong><a href=\"https:\/\/adssettings.google.com\/\">Configura\u00e7\u00f5es de an\u00fancios (Minha Central de an\u00fancios)<\/a><\/strong>.<br>Como alternativa, voc\u00ea pode optar por n\u00e3o receber publicidade baseada em interesses de muitos outros provedores de an\u00fancios visitando <strong><a href=\"https:\/\/www.aboutads.info\/choices\/\">SobreAds.info\/escolhas<\/a><\/strong>.<\/p>\n\n\n\n<p>Observa\u00e7\u00e3o: mesmo se voc\u00ea optar por n\u00e3o participar, voc\u00ea ainda ver\u00e1 an\u00fancios, mas eles podem ser menos relevantes para seus interesses.<\/p>\n\n\n\n<h2 class=\"wp-block-heading\"><\/h2>\n\n\n\n<h2 class=\"wp-block-heading\">Mais informa\u00e7\u00f5es<\/h2>\n\n\n\n<p>Espero que isso tenha esclarecido as coisas para voc\u00ea. Como mencionado anteriormente, se houver algo que voc\u00ea n\u00e3o tem certeza se precisa ou n\u00e3o, geralmente \u00e9 mais seguro deixar os cookies ativados, caso eles interajam com algum dos recursos que voc\u00ea usa em nosso site.<\/p>\n\n\n\n<p><strong>Esta pol\u00edtica entra em vigor em mar\u00e7o de 2025.<\/strong><\/p>\n\n\n\n<p>Para quaisquer quest\u00f5es relacionadas \u00e0 privacidade, entre em contato conosco em:<br> <strong><a>privacidade@bytenax.com<\/a><\/strong><br> <a>https:\/\/bytenax.com\/contact<\/a><\/p>","protected":false},"excerpt":{"rendered":"<p>Sua privacidade \u00e9 importante para n\u00f3s. \u00c9 pol\u00edtica da Bytenax respeitar a sua privacidade em rela\u00e7\u00e3o a qualquer informa\u00e7\u00e3o que possamos coletar de voc\u00ea em nosso site, Bytenax, e outros sites que possu\u00edmos e operamos. Solicitamos informa\u00e7\u00f5es pessoais apenas quando realmente precisamos delas para lhe fornecer um servi\u00e7o. Coletamos essas informa\u00e7\u00f5es por meio de [\u2026]<\/p>","protected":false},"author":198,"featured_media":0,"parent":0,"menu_order":0,"comment_status":"closed","ping_status":"closed","template":"","meta":{"footnotes":""},"_links":{"self":[{"href":"https:\/\/bytenax.com\/pt\/wp-json\/wp\/v2\/pages\/105"}],"collection":[{"href":"https:\/\/bytenax.com\/pt\/wp-json\/wp\/v2\/pages"}],"about":[{"href":"https:\/\/bytenax.com\/pt\/wp-json\/wp\/v2\/types\/page"}],"author":[{"embeddable":true,"href":"https:\/\/bytenax.com\/pt\/wp-json\/wp\/v2\/users\/198"}],"replies":[{"embeddable":true,"href":"https:\/\/bytenax.com\/pt\/wp-json\/wp\/v2\/comments?post=105"}],"version-history":[{"count":3,"href":"https:\/\/bytenax.com\/pt\/wp-json\/wp\/v2\/pages\/105\/revisions"}],"predecessor-version":[{"id":1000,"href":"https:\/\/bytenax.com\/pt\/wp-json\/wp\/v2\/pages\/105\/revisions\/1000"}],"wp:attachment":[{"href":"https:\/\/bytenax.com\/pt\/wp-json\/wp\/v2\/media?parent=105"}],"curies":[{"name":"wp","href":"https:\/\/api.w.org\/{rel}","templated":true}]}}