    {"id":103,"date":"2025-06-27T20:17:49","date_gmt":"2025-06-27T20:17:49","guid":{"rendered":"https:\/\/bytenax.com\/?page_id=103"},"modified":"2025-11-24T20:57:49","modified_gmt":"2025-11-24T20:57:49","slug":"contact","status":"publish","type":"page","link":"https:\/\/bytenax.com\/pt\/contact\/","title":{"rendered":"Contato"},"content":{"rendered":"<p>Obrigado pela visita <strong>Bytenax<\/strong>, sua plataforma de refer\u00eancia para criatividade culin\u00e1ria, inova\u00e7\u00e3o gastron\u00f4mica e narrativa digital na gastronomia. Valorizamos muito suas mensagens e estamos aqui para apoiar, colaborar e nos conectar com nossa comunidade de criadores, chefs e mentes curiosas.<\/p>\n\n\n\n<h3 class=\"wp-block-heading\"><strong>Consultas Gerais<\/strong><\/h3>\n\n\n\n<p>Tem alguma d\u00favida sobre a Bytenax ou quer apenas dizer ol\u00e1? Envie-nos um e-mail para <strong>contato@bytenax.com<\/strong><br>Teremos sempre prazer em ouvir de voc\u00ea e entraremos em contato o mais breve poss\u00edvel.<\/p>\n\n\n\n<h3 class=\"wp-block-heading\"><strong>Contribui\u00e7\u00f5es e Ideias<\/strong><\/h3>\n\n\n\n<p>Tem uma receita para compartilhar, uma opini\u00e3o para dar ou uma ideia para um artigo? Entre em contato conosco <strong>contato@bytenax.com<\/strong><br>Estamos sempre procurando novas vozes e perspectivas ousadas dos setores de alimentos, tecnologia e criativos.<\/p>\n\n\n\n<h3 class=\"wp-block-heading\"><strong>Suporte t\u00e9cnico<\/strong><\/h3>\n\n\n\n<p>Est\u00e1 com problemas no site ou com a visualiza\u00e7\u00e3o do conte\u00fado? Entre em contato com nossa equipe de suporte pelo e-mail <strong>contato@bytenax.com<\/strong><br>Estamos aqui para garantir que sua experi\u00eancia na Bytenax seja tranquila e agrad\u00e1vel.<\/p>\n\n\n\n<h3 class=\"wp-block-heading\"><strong>Fique conectado<\/strong><\/h3>\n\n\n\n<p>A Bytenax \u00e9 uma plataforma nativa digital criada para uma comunidade global. Embora n\u00e3o tenhamos um escrit\u00f3rio f\u00edsico, estamos sempre online \u2014 prontos para colaborar, inspirar e crescer com voc\u00ea.<\/p>\n\n\n\n<p>Obrigado novamente por fazer parte da comunidade Bytenax. Aguardamos seu contato!<\/p>\n\n\n\n<p><strong>Atenciosamente,<\/strong><br><em>A equipe Bytenax<\/em><\/p>","protected":false},"excerpt":{"rendered":"<p>Obrigado por visitar a Bytenax, sua plataforma de refer\u00eancia para criatividade culin\u00e1ria, inova\u00e7\u00e3o gastron\u00f4mica e narrativa digital na gastronomia. Valorizamos muito suas mensagens e estamos aqui para apoiar, colaborar e nos conectar com nossa comunidade de criadores, chefs e mentes curiosas. D\u00favidas gerais Tem alguma d\u00favida sobre a Bytenax ou apenas quer nos dizer oi? Envie-nos um e-mail [\u2026]<\/p>","protected":false},"author":198,"featured_media":0,"parent":0,"menu_order":0,"comment_status":"closed","ping_status":"closed","template":"","meta":{"footnotes":""},"_links":{"self":[{"href":"https:\/\/bytenax.com\/pt\/wp-json\/wp\/v2\/pages\/103"}],"collection":[{"href":"https:\/\/bytenax.com\/pt\/wp-json\/wp\/v2\/pages"}],"about":[{"href":"https:\/\/bytenax.com\/pt\/wp-json\/wp\/v2\/types\/page"}],"author":[{"embeddable":true,"href":"https:\/\/bytenax.com\/pt\/wp-json\/wp\/v2\/users\/198"}],"replies":[{"embeddable":true,"href":"https:\/\/bytenax.com\/pt\/wp-json\/wp\/v2\/comments?post=103"}],"version-history":[{"count":2,"href":"https:\/\/bytenax.com\/pt\/wp-json\/wp\/v2\/pages\/103\/revisions"}],"predecessor-version":[{"id":999,"href":"https:\/\/bytenax.com\/pt\/wp-json\/wp\/v2\/pages\/103\/revisions\/999"}],"wp:attachment":[{"href":"https:\/\/bytenax.com\/pt\/wp-json\/wp\/v2\/media?parent=103"}],"curies":[{"name":"wp","href":"https:\/\/api.w.org\/{rel}","templated":true}]}}