    {"id":100,"date":"2025-06-27T20:16:36","date_gmt":"2025-06-27T20:16:36","guid":{"rendered":"https:\/\/bytenax.com\/?page_id=100"},"modified":"2025-11-24T21:00:14","modified_gmt":"2025-11-24T21:00:14","slug":"about-us","status":"publish","type":"page","link":"https:\/\/bytenax.com\/pt\/about-us\/","title":{"rendered":"Sobre n\u00f3s"},"content":{"rendered":"<h1 class=\"wp-block-heading\"><\/h1>\n\n\n\n<p>Bem-vindo \u00e0 <strong>Bytenax<\/strong> \u2013 seu centro criativo para inspira\u00e7\u00e3o culin\u00e1ria, inova\u00e7\u00e3o alimentar e transforma\u00e7\u00e3o digital na gastronomia. Seja voc\u00ea um entusiasta da gastronomia, um chef, um criador de conte\u00fado, ou algu\u00e9m que explora novos sabores, tecnologias e tend\u00eancias, a Bytenax est\u00e1 aqui para inspirar voc\u00ea a cada passo.<\/p>\n\n\n\n<h2 class=\"wp-block-heading\"><strong>O que nos move<\/strong><\/h2>\n\n\n\n<p>Na Bytenax, acreditamos que a comida \u00e9 mais do que nutri\u00e7\u00e3o \u2014 \u00e9 experi\u00eancia, express\u00e3o e evolu\u00e7\u00e3o. Nossa miss\u00e3o \u00e9 entregar conte\u00fado reflexivo e de alta qualidade que conecte criatividade com tecnologia, sustentabilidade e cultura.<br>Exploramos o que move o universo gastron\u00f4mico: da culin\u00e1ria moderna \u00e0s inova\u00e7\u00f5es em foodtech, dos sistemas alimentares sustent\u00e1veis \u00e0s descobertas em nutri\u00e7\u00e3o, e das tradi\u00e7\u00f5es culin\u00e1rias \u00e0s novas leituras da gastronomia contempor\u00e2nea.<\/p>\n\n\n\n<p>Estamos aqui para mostrar como a comida \u00e9 feita, compartilhada, transformada e reinventada em um mundo digital \u2014 sempre com prop\u00f3sito, impacto e curiosidade.<\/p>\n\n\n\n<h2 class=\"wp-block-heading\"><strong>Quem somos<\/strong><\/h2>\n\n\n\n<p>Somos uma equipe apaixonada de pensadores culin\u00e1rios, designers, contadores de hist\u00f3rias e criadores digitais movidos pela curiosidade e pelo prop\u00f3sito. A Bytenax nasceu da ideia de que a comida merece um novo tipo de plataforma \u2014 uma que celebre a inova\u00e7\u00e3o, a identidade, a sustentabilidade e a ci\u00eancia por tr\u00e1s daquilo que nos nutre.<\/p>\n\n\n\n<p>Seja discutindo avan\u00e7os em tecnologia alimentar, t\u00e9cnicas culin\u00e1rias, sistemas sustent\u00e1veis, gastronomia global ou insights nutricionais, nosso conte\u00fado busca ser relevante, envolvente e voltado para o futuro.<\/p>\n\n\n\n<p>Aqui, voc\u00ea n\u00e3o \u00e9 apenas um leitor \u2014 voc\u00ea faz parte de uma comunidade global que est\u00e1 moldando a maneira como cozinhamos, comomos, criamos e nos conectamos atrav\u00e9s da comida.<\/p>\n\n\n\n<h2 class=\"wp-block-heading\"><strong>Envolva-se<\/strong><\/h2>\n\n\n\n<p>Tem uma hist\u00f3ria para compartilhar? Quer contribuir com uma receita, ideia ou opini\u00e3o sobre o futuro da gastronomia? Adorar\u00edamos saber sua opini\u00e3o. Na Bytenax, sua voz ajuda a moldar a narrativa da cultura alimentar moderna.<\/p>\n\n\n\n<p>Vamos criar algo ousado e significativo juntos \u2014 um prato, uma ideia, uma inova\u00e7\u00e3o de cada vez.<\/p>\n\n\n\n<p><\/p>","protected":false},"excerpt":{"rendered":"<p>Bem-vindo \u00e0 Bytenax \u2013 seu centro criativo para inspira\u00e7\u00e3o culin\u00e1ria, inova\u00e7\u00e3o alimentar e transforma\u00e7\u00e3o digital na gastronomia. Seja voc\u00ea um entusiasta da gastronomia, um chef, um criador de conte\u00fado, ou algu\u00e9m que explora novos sabores, tecnologias e tend\u00eancias, a Bytenax est\u00e1 aqui para inspirar voc\u00ea a cada passo. O que nos move Na Bytenax, pensamos que [\u2026]<\/p>","protected":false},"author":198,"featured_media":0,"parent":0,"menu_order":0,"comment_status":"closed","ping_status":"closed","template":"","meta":{"footnotes":""},"_links":{"self":[{"href":"https:\/\/bytenax.com\/pt\/wp-json\/wp\/v2\/pages\/100"}],"collection":[{"href":"https:\/\/bytenax.com\/pt\/wp-json\/wp\/v2\/pages"}],"about":[{"href":"https:\/\/bytenax.com\/pt\/wp-json\/wp\/v2\/types\/page"}],"author":[{"embeddable":true,"href":"https:\/\/bytenax.com\/pt\/wp-json\/wp\/v2\/users\/198"}],"replies":[{"embeddable":true,"href":"https:\/\/bytenax.com\/pt\/wp-json\/wp\/v2\/comments?post=100"}],"version-history":[{"count":3,"href":"https:\/\/bytenax.com\/pt\/wp-json\/wp\/v2\/pages\/100\/revisions"}],"predecessor-version":[{"id":1003,"href":"https:\/\/bytenax.com\/pt\/wp-json\/wp\/v2\/pages\/100\/revisions\/1003"}],"wp:attachment":[{"href":"https:\/\/bytenax.com\/pt\/wp-json\/wp\/v2\/media?parent=100"}],"curies":[{"name":"wp","href":"https:\/\/api.w.org\/{rel}","templated":true}]}}