    {"id":97,"date":"2025-06-27T20:15:54","date_gmt":"2025-06-27T20:15:54","guid":{"rendered":"https:\/\/bytenax.com\/?page_id=97"},"modified":"2025-11-24T20:59:24","modified_gmt":"2025-11-24T20:59:24","slug":"terms-of-use","status":"publish","type":"page","link":"https:\/\/bytenax.com\/pl\/terms-of-use\/","title":{"rendered":"Warunki korzystania"},"content":{"rendered":"<p><strong>Ostatnia aktualizacja: 27 czerwca 2025 r.<\/strong><\/p>\n\n\n\n<p><strong>Bytenax<\/strong> dzia\u0142a jako platforma tre\u015bci cyfrowych, skupiaj\u0105ca si\u0119 na innowacjach kulinarnych, projektowaniu kulinarnym oraz po\u0142\u0105czeniu technologii i gastronomii. Uzyskuj\u0105c dost\u0119p do tej strony internetowej lub korzystaj\u0105c z niej, zgadzasz si\u0119 przestrzega\u0107 poni\u017cszych warunk\u00f3w, zasad i zasad.<\/p>\n\n\n\n<p>Niniejsze Warunki korzystania okre\u015blaj\u0105 prawa i obowi\u0105zki u\u017cytkownik\u00f3w korzystaj\u0105cych z platformy Bytenax. Korzystanie ze strony internetowej podlega r\u00f3wnie\u017c naszym <a>Polityka prywatno\u015bci<\/a>.<\/p>\n\n\n\n<p><strong>PROSIMY O UWA\u017bNE PRZECZYTANIE NINIEJSZYCH WARUNK\u00d3W. JE\u015aLI NIE ZGADZASZ SI\u0118 Z NIMI, NIE KORZYSTAJ Z BYTENAX ANI \u017bADNYCH JEGO US\u0141UG.<\/strong><\/p>\n\n\n\n<h2 class=\"wp-block-heading\"><strong>Artyku\u0142 I \u2013 Umowa u\u017cytkownika<\/strong><\/h2>\n\n\n\n<p>1.1 Korzystaj\u0105c z serwisu Bytenax, potwierdzasz akceptacj\u0119 niniejszych Warunk\u00f3w korzystania i naszej Polityki prywatno\u015bci.<br>1.2 Aby korzysta\u0107 z tej witryny internetowej, musisz mie\u0107 uko\u0144czone 18 lat lub posiada\u0107 zdolno\u015b\u0107 prawn\u0105 w swojej jurysdykcji.<br>1.3 Je\u015bli nie spe\u0142niasz tych wymaga\u0144 lub nie zgadzasz si\u0119 z jak\u0105kolwiek cz\u0119\u015bci\u0105 niniejszych warunk\u00f3w, nie masz prawa dost\u0119pu do naszych us\u0142ug ani z nich korzysta\u0107.<\/p>\n\n\n\n<h2 class=\"wp-block-heading\"><strong>Artyku\u0142 II \u2013 Komunikacja<\/strong><\/h2>\n\n\n\n<p>2.1 Bytenax udost\u0119pnia oficjalne kana\u0142y kontaktu w celu przesy\u0142ania zapyta\u0144, sugestii i udzielania wsparcia technicznego.<br>2.2 Mo\u017cesz si\u0119 z nami skontaktowa\u0107 za po\u015brednictwem naszego <a>Strona kontaktowa<\/a> lub za po\u015brednictwem podanych tam adres\u00f3w e-mail.<\/p>\n\n\n\n<h2 class=\"wp-block-heading\"><strong>Artyku\u0142 III \u2013 Obowi\u0105zki Stron<\/strong><\/h2>\n\n\n\n<p>3.1 U\u017cytkownicy zgadzaj\u0105 si\u0119 przestrzega\u0107 niniejszych Warunk\u00f3w korzystania oraz naszej Polityki prywatno\u015bci podczas korzystania z jakichkolwiek tre\u015bci lub us\u0142ug Bytenax.<br>3.2 Witryna mo\u017ce zawiera\u0107 linki do stron internetowych os\u00f3b trzecich, udost\u0119pniane w celach informacyjnych lub dla wygody u\u017cytkownik\u00f3w.<br>3.3 Po przej\u015bciu na stron\u0119 internetow\u0105 osoby trzeciej obowi\u0105zuj\u0105 jej w\u0142asne warunki i zasady ochrony prywatno\u015bci. Bytenax nie ponosi odpowiedzialno\u015bci za wiarygodno\u015b\u0107, tre\u015b\u0107 ani polityk\u0119 tych stron internetowych.<br>3.4 U\u017cytkownicy ponosz\u0105 wy\u0142\u0105czn\u0105 odpowiedzialno\u015b\u0107 za bezpiecze\u0144stwo swojego po\u0142\u0105czenia internetowego, urz\u0105dze\u0144 oraz wszelkich danych logowania u\u017cywanych w serwisie Bytenax.<br>3.5 Bytenax nie ponosi odpowiedzialno\u015bci za szkody spowodowane przerwami w dostawie pr\u0105du, nieautoryzowanym dost\u0119pem lub niew\u0142a\u015bciwym wykorzystaniem platformy, pozostaj\u0105cymi poza nasz\u0105 uzasadnion\u0105 kontrol\u0105.<br>3.6 Nigdy nie b\u0119dziemy prosi\u0107 o podanie poufnych danych osobowych lub danych bankowych za po\u015brednictwem nieoficjalnych kana\u0142\u00f3w komunikacji.<br>3.7 Je\u015bli otrzymasz podejrzane wiadomo\u015bci, kt\u00f3re rzekomo pochodz\u0105 od Bytenax, zg\u0142o\u015b je za po\u015brednictwem naszych oficjalnych kana\u0142\u00f3w kontaktowych.<\/p>\n\n\n\n<h2 class=\"wp-block-heading\"><strong>Artyku\u0142 IV \u2013 Zabronione zachowanie<\/strong><\/h2>\n\n\n\n<p>Nast\u0119puj\u0105ce zachowania s\u0105 surowo zabronione:<\/p>\n\n\n\n<ul>\n<li>Podejmowanie dzia\u0142a\u0144 niezgodnych z prawem, stanowi\u0105cych nadu\u017cycie lub oszustwo<\/li>\n\n\n\n<li>Naruszenie praw w\u0142asno\u015bci intelektualnej lub prywatno\u015bci u\u017cytkownika<\/li>\n\n\n\n<li>Rozpowszechnianie z\u0142o\u015bliwego oprogramowania, wirus\u00f3w lub szkodliwego kodu<\/li>\n\n\n\n<li>Podszywanie si\u0119 pod osoby lub podmioty<\/li>\n\n\n\n<li>Zbieranie danych bez zgody<\/li>\n\n\n\n<li>Udost\u0119pnianie tre\u015bci wprowadzaj\u0105cych w b\u0142\u0105d, nieautoryzowanych lub oszuka\u0144czych<\/li>\n\n\n\n<li>N\u0119kanie, gro\u017cenie lub znies\u0142awianie innych<\/li>\n\n\n\n<li>Pr\u00f3ba uzyskania dost\u0119pu, zak\u0142\u00f3cenia lub przerwania dzia\u0142ania platformy<\/li>\n<\/ul>\n\n\n\n<p>Naruszenie niniejszych warunk\u00f3w mo\u017ce skutkowa\u0107 czasowym zawieszeniem lub trwa\u0142ym zablokowaniem dost\u0119pu do serwisu Bytenax bez wcze\u015bniejszego powiadomienia.<\/p>\n\n\n\n<h2 class=\"wp-block-heading\"><strong>Artyku\u0142 V \u2013 Ograniczenie odpowiedzialno\u015bci i gwarancji<\/strong><\/h2>\n\n\n\n<p>Bytenax udost\u0119pnia swoje tre\u015bci i us\u0142ugi \u201ew stanie, w jakim si\u0119 znajduj\u0105\u201d i \u201ew miar\u0119 dost\u0119pno\u015bci\u201d, bez jakichkolwiek gwarancji.<br>Nie gwarantujemy nieprzerwanej obs\u0142ugi, dok\u0142adno\u015bci ani aktualno\u015bci tre\u015bci, ani tego, \u017ce materia\u0142y spe\u0142ni\u0105 Pa\u0144stwa oczekiwania.<br>Bytenax zrzeka si\u0119 wszelkiej odpowiedzialno\u015bci za szkody bezpo\u015brednie, po\u015brednie lub wynikowe wynikaj\u0105ce z korzystania z platformy, w najszerszym zakresie dozwolonym przez obowi\u0105zuj\u0105ce prawo.<\/p>\n\n\n\n<h2 class=\"wp-block-heading\"><strong>Artyku\u0142 VI \u2013 Okres obowi\u0105zywania i ramy prawne<\/strong><\/h2>\n\n\n\n<p>Niniejsze Warunki korzystania pozostaj\u0105 w mocy przez czas nieokre\u015blony.<br>Wszelkie roszczenia prawne lub spory zwi\u0105zane z Bytenax musz\u0105 zosta\u0107 wszcz\u0119te w terminie <strong>90 (dziewi\u0119\u0107dziesi\u0105t) dni<\/strong> zdarzenia, kt\u00f3re spowodowa\u0142o roszczenie.<\/p>\n\n\n\n<h2 class=\"wp-block-heading\"><strong>Artyku\u0142 VII \u2013 Prawo w\u0142a\u015bciwe i jurysdykcja<\/strong><\/h2>\n\n\n\n<p>Niniejsze Warunki korzystania podlegaj\u0105 przepisom i interpretacji zgodnie z <strong>prawa Republiki Estonii<\/strong>Wszelkie spory, kontrowersje lub roszczenia wynikaj\u0105ce z niniejszych Warunk\u00f3w lub zwi\u0105zane z nimi lub korzystaniem z tej witryny internetowej b\u0119d\u0105 rozstrzygane zgodnie z prawem esto\u0144skim, zgodnie z <strong>wy\u0142\u0105czna jurysdykcja s\u0105d\u00f3w w Tallinie w Estonii<\/strong>.<br>Klauzula ta zapewnia przejrzysto\u015b\u0107 prawn\u0105 i zgodno\u015b\u0107 z najlepszymi praktykami w zakresie zgodno\u015bci z prawem mi\u0119dzynarodowym, zgodnie z przepisami prawa esto\u0144skiego <em>Ustawa o prawie zobowi\u0105za\u0144<\/em> I <em>Ustawa o prawie prywatnym mi\u0119dzynarodowym<\/em>.<\/p>\n\n\n\n<h2 class=\"wp-block-heading\"><strong>Artyku\u0142 VIII \u2013 W\u0142asno\u015b\u0107 intelektualna<\/strong><\/h2>\n\n\n\n<p>8.1 Wszelkie tre\u015bci zamieszczone w serwisie Bytenax \u2014 wliczaj\u0105c artyku\u0142y, grafiki, loga i elementy projektowe \u2014 s\u0105 chronione prawem w\u0142asno\u015bci intelektualnej.<br>8.2. Kopiowanie, reprodukowanie lub rozpowszechnianie jakiejkolwiek cz\u0119\u015bci tej tre\u015bci bez uprzedniej pisemnej zgody jest zabronione.<br>8.3 Tre\u015bci przesy\u0142ane przez u\u017cytkownik\u00f3w pozostaj\u0105 ich odpowiedzialno\u015bci\u0105. Bytenax zastrzega sobie prawo do usuwania materia\u0142\u00f3w naruszaj\u0105cych zasady prawne lub etyczne.<\/p>\n\n\n\n<h2 class=\"wp-block-heading\"><strong>Artyku\u0142 IX \u2013 Zmiany w Warunkach<\/strong><\/h2>\n\n\n\n<p>Bytenax zastrzega sobie prawo do zmiany, aktualizacji lub zaprzestania \u015bwiadczenia dowolnej cz\u0119\u015bci niniejszych Warunk\u00f3w lub swoich us\u0142ug w dowolnym momencie i bez wcze\u015bniejszego powiadomienia.<br>Obowi\u0105zkiem u\u017cytkownika jest okresowe przegl\u0105danie tej strony. Dalsze korzystanie z witryny oznacza akceptacj\u0119 wszelkich zmienionych warunk\u00f3w.<\/p>\n\n\n\n<h2 class=\"wp-block-heading\"><strong>Artyku\u0142 X \u2013 Kontakt<\/strong><\/h2>\n\n\n\n<p>W przypadku pyta\u0144 dotycz\u0105cych niniejszych Warunk\u00f3w korzystania prosimy o kontakt za po\u015brednictwem:<br> https:\/\/bytenax.com\/contact<br> <strong>kontakt@bytenax.com<\/strong><\/p>\n\n\n\n<p><strong>JE\u015aLI NIE ZGADZASZ SI\u0118 Z TYMI WARUNKAMI, NIE KORZYSTAJ Z BYTENAX ANI JEGO US\u0141UG.<\/strong><\/p>","protected":false},"excerpt":{"rendered":"<p>Ostatnia aktualizacja: 27 czerwca 2025 r. Bytenax dzia\u0142a jako platforma tre\u015bci cyfrowych, koncentruj\u0105c si\u0119 na innowacjach kulinarnych, projektowaniu kulinarnym oraz po\u0142\u0105czeniu technologii i gastronomii. Uzyskuj\u0105c dost\u0119p do tej strony internetowej lub korzystaj\u0105c z niej, zgadzasz si\u0119 na przestrzeganie poni\u017cszych warunk\u00f3w, zasad i zasad. Niniejsze Warunki Korzystania okre\u015blaj\u0105 prawa i obowi\u0105zki os\u00f3b odwiedzaj\u0105cych witryn\u0119 [\u2026]<\/p>","protected":false},"author":198,"featured_media":0,"parent":0,"menu_order":0,"comment_status":"closed","ping_status":"closed","template":"","meta":{"footnotes":""},"_links":{"self":[{"href":"https:\/\/bytenax.com\/pl\/wp-json\/wp\/v2\/pages\/97"}],"collection":[{"href":"https:\/\/bytenax.com\/pl\/wp-json\/wp\/v2\/pages"}],"about":[{"href":"https:\/\/bytenax.com\/pl\/wp-json\/wp\/v2\/types\/page"}],"author":[{"embeddable":true,"href":"https:\/\/bytenax.com\/pl\/wp-json\/wp\/v2\/users\/198"}],"replies":[{"embeddable":true,"href":"https:\/\/bytenax.com\/pl\/wp-json\/wp\/v2\/comments?post=97"}],"version-history":[{"count":4,"href":"https:\/\/bytenax.com\/pl\/wp-json\/wp\/v2\/pages\/97\/revisions"}],"predecessor-version":[{"id":1002,"href":"https:\/\/bytenax.com\/pl\/wp-json\/wp\/v2\/pages\/97\/revisions\/1002"}],"wp:attachment":[{"href":"https:\/\/bytenax.com\/pl\/wp-json\/wp\/v2\/media?parent=97"}],"curies":[{"name":"wp","href":"https:\/\/api.w.org\/{rel}","templated":true}]}}