    {"id":103,"date":"2025-06-27T20:17:49","date_gmt":"2025-06-27T20:17:49","guid":{"rendered":"https:\/\/bytenax.com\/?page_id=103"},"modified":"2025-11-24T20:57:49","modified_gmt":"2025-11-24T20:57:49","slug":"contact","status":"publish","type":"page","link":"https:\/\/bytenax.com\/pl\/contact\/","title":{"rendered":"Kontakt"},"content":{"rendered":"<p>Dzi\u0119kujemy za odwiedziny <strong>Bytenax<\/strong>, Twoja platforma do tworzenia kulinarnych inspiracji, innowacji kulinarnych i cyfrowego opowiadania historii w gastronomii. Naprawd\u0119 cenimy Twoje wiadomo\u015bci i jeste\u015bmy tu po to, aby wspiera\u0107, wsp\u00f3\u0142pracowa\u0107 i \u0142\u0105czy\u0107 si\u0119 z nasz\u0105 spo\u0142eczno\u015bci\u0105 tw\u00f3rc\u00f3w, szef\u00f3w kuchni i os\u00f3b ciekawych \u015bwiata.<\/p>\n\n\n\n<h3 class=\"wp-block-heading\"><strong>Zapytania og\u00f3lne<\/strong><\/h3>\n\n\n\n<p>Masz pytanie dotycz\u0105ce Bytenax lub po prostu chcesz si\u0119 przywita\u0107? Napisz do nas na adres <strong>kontakt@bytenax.com<\/strong><br>Zawsze cieszymy si\u0119 na Tw\u00f3j kontakt. Skontaktujemy si\u0119 z Tob\u0105 najszybciej jak to mo\u017cliwe.<\/p>\n\n\n\n<h3 class=\"wp-block-heading\"><strong>Wk\u0142ad i pomys\u0142y<\/strong><\/h3>\n\n\n\n<p>Masz przepis do podzielenia si\u0119, opini\u0119 do przedstawienia lub pomys\u0142 na artyku\u0142? Skontaktuj si\u0119 z nami <strong>kontakt@bytenax.com<\/strong><br>Zawsze szukamy \u015bwie\u017cych g\u0142os\u00f3w i odwa\u017cnych perspektyw z bran\u017cy spo\u017cywczej, technologicznej i kreatywnej.<\/p>\n\n\n\n<h3 class=\"wp-block-heading\"><strong>Wsparcie techniczne<\/strong><\/h3>\n\n\n\n<p>Masz problemy ze stron\u0105 lub przegl\u0105daniem tre\u015bci? Skontaktuj si\u0119 z naszym zespo\u0142em wsparcia pod adresem <strong>kontakt@bytenax.com<\/strong><br>Jeste\u015bmy tutaj, aby zapewni\u0107 Ci p\u0142ynne i przyjemne korzystanie z serwisu Bytenax.<\/p>\n\n\n\n<h3 class=\"wp-block-heading\"><strong>Pozosta\u0144 w kontakcie<\/strong><\/h3>\n\n\n\n<p>Bytenax to platforma cyfrowa stworzona z my\u015bl\u0105 o globalnej spo\u0142eczno\u015bci. Chocia\u017c nie mamy fizycznego biura, jeste\u015bmy zawsze online \u2013 gotowi do wsp\u00f3\u0142pracy, inspiracji i rozwoju razem z Tob\u0105.<\/p>\n\n\n\n<p>Jeszcze raz dzi\u0119kujemy za do\u0142\u0105czenie do spo\u0142eczno\u015bci Bytenax. Czekamy na wiadomo\u015b\u0107 od Ciebie!<\/p>\n\n\n\n<p><strong>Serdeczne pozdrowienia,<\/strong><br><em>Zesp\u00f3\u0142 Bytenax<\/em><\/p>","protected":false},"excerpt":{"rendered":"<p>Thank you for visiting Bytenax, your go-to platform for culinary creativity, food innovation, and digital storytelling in gastronomy. We truly value your messages and are here to support, collaborate, and connect with our community of creators, chefs, and curious minds. General Inquiries Have a question about Bytenax or just want to say hello? Email us [&hellip;]<\/p>","protected":false},"author":198,"featured_media":0,"parent":0,"menu_order":0,"comment_status":"closed","ping_status":"closed","template":"","meta":{"footnotes":""},"_links":{"self":[{"href":"https:\/\/bytenax.com\/pl\/wp-json\/wp\/v2\/pages\/103"}],"collection":[{"href":"https:\/\/bytenax.com\/pl\/wp-json\/wp\/v2\/pages"}],"about":[{"href":"https:\/\/bytenax.com\/pl\/wp-json\/wp\/v2\/types\/page"}],"author":[{"embeddable":true,"href":"https:\/\/bytenax.com\/pl\/wp-json\/wp\/v2\/users\/198"}],"replies":[{"embeddable":true,"href":"https:\/\/bytenax.com\/pl\/wp-json\/wp\/v2\/comments?post=103"}],"version-history":[{"count":2,"href":"https:\/\/bytenax.com\/pl\/wp-json\/wp\/v2\/pages\/103\/revisions"}],"predecessor-version":[{"id":999,"href":"https:\/\/bytenax.com\/pl\/wp-json\/wp\/v2\/pages\/103\/revisions\/999"}],"wp:attachment":[{"href":"https:\/\/bytenax.com\/pl\/wp-json\/wp\/v2\/media?parent=103"}],"curies":[{"name":"wp","href":"https:\/\/api.w.org\/{rel}","templated":true}]}}