    {"id":100,"date":"2025-06-27T20:16:36","date_gmt":"2025-06-27T20:16:36","guid":{"rendered":"https:\/\/bytenax.com\/?page_id=100"},"modified":"2025-11-24T21:00:14","modified_gmt":"2025-11-24T21:00:14","slug":"about-us","status":"publish","type":"page","link":"https:\/\/bytenax.com\/pl\/about-us\/","title":{"rendered":"O nas"},"content":{"rendered":"<h1 class=\"wp-block-heading\"><\/h1>\n\n\n\n<p>Bem-vindo \u00e0 <strong>Bytenax<\/strong> \u2013 seu centro criativo para inspira\u00e7\u00e3o culin\u00e1ria, inova\u00e7\u00e3o alimentar e transforma\u00e7\u00e3o digital gastronomia. Seja voc\u00ea um entusiasta da gastronomia, um szef kuchni, um criador de conte\u00fado, ou algu\u00e9m que eksplora novos sabores, tecnologias e tend\u00eancias, a Bytenax est\u00e1 aqui para inspirar voc\u00ea a cada passo.<\/p>\n\n\n\n<h2 class=\"wp-block-heading\"><strong>Co nas nap\u0119dza<\/strong><\/h2>\n\n\n\n<p>Na Bytenax, acreditamos que a comida \u00e9 mais do que nutri\u00e7\u00e3o \u2014 \u00e9 experi\u00eancia, express\u00e3o e evolu\u00e7\u00e3o. Nossa miss\u00e3o \u00e9 entregar conte\u00fado reflexivo e de alta qualidade que conecte criatividade com tecnologia, sustentabilidade e kultura.<br>Exploramos o que move o universo gastronomia: da culin\u00e1ria moderna \u00e0s inova\u00e7\u00f5es em foodtech, dos sistemas alimentares suustent\u00e1veis \u00e0s descobertas em nutri\u00e7\u00e3o, e das tradi\u00e7\u00f5es culin\u00e1rias \u00e0s novas leituras da gastronomia contempor\u00e2nea.<\/p>\n\n\n\n<p>Estamos aqui para mostrar como a comida \u00e9 feita, compartilhada, transformada e reinventada em um mundo digital \u2014 semper com prop\u00f3sito, Impacto e curiosidade.<\/p>\n\n\n\n<h2 class=\"wp-block-heading\"><strong>Kim jeste\u015bmy<\/strong><\/h2>\n\n\n\n<p>Jeste\u015bmy pe\u0142nym pasji zespo\u0142em kulinarnych my\u015blicieli, projektant\u00f3w, gaw\u0119dziarzy i tw\u00f3rc\u00f3w cyfrowych, kt\u00f3rych nap\u0119dza ciekawo\u015b\u0107 i cel. Bytenax zrodzi\u0142 si\u0119 z idei, \u017ce jedzenie zas\u0142uguje na nowy rodzaj platformy \u2013 takiej, kt\u00f3ra celebruje innowacyjno\u015b\u0107, to\u017csamo\u015b\u0107, zr\u00f3wnowa\u017cony rozw\u00f3j i nauk\u0119 stoj\u0105c\u0105 za tym, co nas od\u017cywia.<\/p>\n\n\n\n<p>Bez wzgl\u0119du na to, czy omawiamy prze\u0142omy w technologii \u017cywno\u015bci, techniki kulinarne, zr\u00f3wnowa\u017cone systemy, globaln\u0105 gastronomi\u0119 czy spostrze\u017cenia dotycz\u0105ce od\u017cywiania, nasze tre\u015bci maj\u0105 by\u0107 istotne, anga\u017cuj\u0105ce i zorientowane na przysz\u0142o\u015b\u0107.<\/p>\n\n\n\n<p>Aqui, voc\u00ea n\u00e3o \u00e9 apenas um leitor \u2014 voc\u00ea faz parte de uma comunidade global que est\u00e1 mouldando a maneira como cozinhamos, comemos, criamos e nos conectamos atrav\u00e9s da comida.<\/p>\n\n\n\n<h2 class=\"wp-block-heading\"><strong>Zaanga\u017cowa\u0107 si\u0119<\/strong><\/h2>\n\n\n\n<p>Masz histori\u0119 do opowiedzenia? Chcesz podzieli\u0107 si\u0119 przepisem, pomys\u0142em lub opini\u0105 na temat przysz\u0142o\u015bci jedzenia? Ch\u0119tnie Ci\u0119 wys\u0142uchamy. W Bytenax Tw\u00f3j g\u0142os pomaga kszta\u0142towa\u0107 narracj\u0119 wsp\u00f3\u0142czesnej kultury kulinarnej.<\/p>\n\n\n\n<p>Stw\u00f3rzmy razem co\u015b odwa\u017cnego i znacz\u0105cego \u2014 jedno danie, jeden pomys\u0142, jeden prze\u0142om na raz.<\/p>\n\n\n\n<p><\/p>","protected":false},"excerpt":{"rendered":"<p>Bem-vindo \u00e0 Bytenax \u2013 centrum krytyczne dla inspiracji kulinarnych, innowacyjnych produkt\u00f3w spo\u017cywczych i transformacji cyfrowej gastronomii. Seja voc\u00ea um entusiasta da gastronomia, um szef kuchni, um criador de conte\u00fado, ou algu\u00e9m que eksplora novos sabores, tecnologias e tend\u00eancias, a Bytenax est\u00e1 aqui para inspirar voc\u00ea a cada passo. Co nas nap\u0119dza Na Bytenax, acreditamos que [\u2026]<\/p>","protected":false},"author":198,"featured_media":0,"parent":0,"menu_order":0,"comment_status":"closed","ping_status":"closed","template":"","meta":{"footnotes":""},"_links":{"self":[{"href":"https:\/\/bytenax.com\/pl\/wp-json\/wp\/v2\/pages\/100"}],"collection":[{"href":"https:\/\/bytenax.com\/pl\/wp-json\/wp\/v2\/pages"}],"about":[{"href":"https:\/\/bytenax.com\/pl\/wp-json\/wp\/v2\/types\/page"}],"author":[{"embeddable":true,"href":"https:\/\/bytenax.com\/pl\/wp-json\/wp\/v2\/users\/198"}],"replies":[{"embeddable":true,"href":"https:\/\/bytenax.com\/pl\/wp-json\/wp\/v2\/comments?post=100"}],"version-history":[{"count":3,"href":"https:\/\/bytenax.com\/pl\/wp-json\/wp\/v2\/pages\/100\/revisions"}],"predecessor-version":[{"id":1003,"href":"https:\/\/bytenax.com\/pl\/wp-json\/wp\/v2\/pages\/100\/revisions\/1003"}],"wp:attachment":[{"href":"https:\/\/bytenax.com\/pl\/wp-json\/wp\/v2\/media?parent=100"}],"curies":[{"name":"wp","href":"https:\/\/api.w.org\/{rel}","templated":true}]}}