    {"id":100,"date":"2025-06-27T20:16:36","date_gmt":"2025-06-27T20:16:36","guid":{"rendered":"https:\/\/bytenax.com\/?page_id=100"},"modified":"2025-11-24T21:00:14","modified_gmt":"2025-11-24T21:00:14","slug":"about-us","status":"publish","type":"page","link":"https:\/\/bytenax.com\/ky\/about-us\/","title":{"rendered":"\u0411\u0438\u0437 \u0436\u04e9\u043d\u04af\u043d\u0434\u04e9"},"content":{"rendered":"<h1 class=\"wp-block-heading\"><\/h1>\n\n\n\n<p>Bem-vindo \u00e0 <strong>Bytenax<\/strong> \u2013 centro criativo para inspira\u00e7\u00e3o culin\u00e1ria, inova\u00e7\u00e3o alimentar e transforma\u00e7\u00e3o \u0441\u0430\u043d\u0430\u0440\u0438\u043f\u0442\u0438\u043a \u043d\u0430 \u0433\u0430\u0441\u0442\u0440\u043e\u043d\u043e\u043c\u0438\u044f. Gastronomia, um chef, um criador de conte\u00fado, \u0441\u0438\u0437 \u0436\u0430\u04a3\u044b \u0438\u0437\u0438\u043b\u0434\u04e9\u04e9\u043b\u04e9\u0440\u0434\u04af, \u0442\u0435\u0445\u043d\u043e\u043b\u043e\u0433\u0438\u044f\u043b\u0430\u0440\u0434\u044b \u0436\u0430\u043d\u0430 \u0442\u0435\u043d\u0434\u0435\u043d\u0446\u0438\u044f\u043b\u0430\u0440\u0434\u044b, Bytenax est\u00e1 aqui para inspirar voc\u00ea a cada passo.<\/p>\n\n\n\n<h2 class=\"wp-block-heading\"><strong>\u0411\u0438\u0437\u0434\u0438 \u044d\u043c\u043d\u0435 \u0430\u0439\u0434\u0430\u0439\u0442<\/strong><\/h2>\n\n\n\n<p>Bytenax, acreditamos que a comida \u00e9 mais do que nutri\u00e7\u00e3o \u2014 \u00e9 experi\u00eancia, express\u00e3o \u0436\u0430\u043d\u0430 evolu\u00e7\u00e3o. Nossa miss\u00e3o \u00e9 entregar conte\u00fado reflexivo \u0436\u0430\u043d\u0430 alta qualidade que conecte criatividade com technologia, sustenabilidade e cultura.<br>Exploramos o que move o Universo gastron\u00f4mico: da culin\u00e1ria moderna \u00e0s inova\u00e7\u00f5es em foodtech, dos systemas alimentares sustent\u00e1veis \u00e0s descobertas em nutri\u00e7\u00e3o, e das tradi\u00e7\u00f5es culin\u00e1rias \u00e0s novas leituranaporiastem\u00e2ne.<\/p>\n\n\n\n<p>Estamos aqui para mostrar como a comida \u00e9 feita, compartilhada, transformada e reinventada em um mundo digital \u2014 semper com prop\u00f3sito, impacto e curiosidade.<\/p>\n\n\n\n<h2 class=\"wp-block-heading\"><strong>\u0411\u0438\u0437 \u043a\u0438\u043c\u0431\u0438\u0437<\/strong><\/h2>\n\n\n\n<p>\u0411\u0438\u0437 \u043a\u0443\u043b\u0438\u043d\u0430\u0440\u0434\u044b\u043a \u043e\u0439\u0447\u0443\u043b\u0434\u0430\u0440\u0434\u0430\u043d, \u0434\u0438\u0437\u0430\u0439\u043d\u0435\u0440\u043b\u0435\u0440\u0434\u0435\u043d, \u0436\u043e\u043c\u043e\u043a\u0447\u0443\u043b\u0430\u0440\u0434\u0430\u043d \u0436\u0430\u043d\u0430 \u0441\u0430\u043d\u0430\u0440\u0438\u043f\u0442\u0438\u043a \u0436\u0430\u0440\u0430\u0442\u0443\u0443\u0447\u0443\u043b\u0430\u0440\u0434\u0430\u043d \u0442\u0443\u0440\u0433\u0430\u043d \u043a\u044b\u0437\u044b\u0433\u044b\u043f, \u043c\u0430\u043a\u0441\u0430\u0442\u043a\u0430 \u0443\u043c\u0442\u0443\u043b\u0433\u0430\u043d \u0436\u0430\u043b\u044b\u043d\u0434\u0443\u0443 \u043a\u043e\u043c\u0430\u043d\u0434\u0430\u0431\u044b\u0437. Bytenax \u0442\u0430\u043c\u0430\u043a-\u0430\u0448 \u0438\u043d\u043d\u043e\u0432\u0430\u0446\u0438\u044f\u043d\u044b, \u0438\u0434\u0435\u043d\u0442\u0442\u0443\u043a\u0442\u0443, \u0442\u0443\u0440\u0443\u043a\u0442\u0443\u0443\u043b\u0443\u043a\u0442\u0443 \u0436\u0430\u043d\u0430 \u0431\u0438\u0437\u0434\u0438 \u0430\u0437\u044b\u043a\u0442\u0430\u043d\u0434\u044b\u0440\u0433\u0430\u043d \u0438\u043b\u0438\u043c\u0434\u0438 \u0434\u0430\u04a3\u0430\u0437\u0430\u043b\u0430\u0433\u0430\u043d \u0436\u0430\u04a3\u044b \u043f\u043b\u0430\u0442\u0444\u043e\u0440\u043c\u0430\u0433\u0430 \u0442\u0430\u0442\u044b\u043a\u0442\u0443\u0443 \u0434\u0435\u0433\u0435\u043d \u0438\u0434\u0435\u044f\u0434\u0430\u043d \u043a\u0435\u043b\u0438\u043f \u0447\u044b\u043a\u043a\u0430\u043d.<\/p>\n\n\n\n<p>\u0422\u0430\u043c\u0430\u043a-\u0430\u0448 \u0442\u0435\u0445\u043d\u043e\u043b\u043e\u0433\u0438\u044f\u043b\u0430\u0440\u044b\u043d\u0434\u0430\u0433\u044b \u0436\u0435\u0442\u0438\u0448\u043a\u0435\u043d\u0434\u0438\u043a\u0442\u0435\u0440\u0434\u0438, \u043a\u0443\u043b\u0438\u043d\u0430\u0440\u0434\u044b\u043a \u044b\u043a\u043c\u0430\u043b\u0430\u0440\u0434\u044b, \u0442\u0443\u0440\u0443\u043a\u0442\u0443\u0443 \u0441\u0438\u0441\u0442\u0435\u043c\u0430\u043b\u0430\u0440\u0434\u044b, \u0433\u043b\u043e\u0431\u0430\u043b\u0434\u044b\u043a \u0433\u0430\u0441\u0442\u0440\u043e\u043d\u043e\u043c\u0438\u044f\u043d\u044b \u0436\u0435 \u0442\u0430\u043c\u0430\u043a\u0442\u0430\u043d\u0443\u0443 \u0431\u043e\u044e\u043d\u0447\u0430 \u0442\u04af\u0448\u04af\u043d\u04af\u043a\u0442\u04e9\u0440\u0434\u04af \u0442\u0430\u043b\u043a\u0443\u0443\u043b\u0430\u043f \u0436\u0430\u0442\u0430\u0431\u044b\u0437\u0431\u044b, \u0431\u0438\u0437\u0434\u0438\u043d \u043c\u0430\u0437\u043c\u0443\u043d \u0430\u043a\u0442\u0443\u0430\u043b\u0434\u0443\u0443, \u043a\u044b\u0437\u044b\u043a\u0442\u0443\u0443 \u0436\u0430\u043d\u0430 \u043a\u0435\u043b\u0435\u0447\u0435\u043a\u043a\u0435 \u0431\u0430\u0433\u044b\u0442\u0442\u0430\u043b\u0433\u0430\u043d \u0431\u043e\u043b\u0443\u0443\u0433\u0430 \u0431\u0430\u0433\u044b\u0442\u0442\u0430\u043b\u0433\u0430\u043d.<\/p>\n\n\n\n<p>Aqui, voc\u00ea n\u00e3o \u00e9 apenas um leitor \u2014 voc\u00ea faz parte de uma comunidade \u0433\u043b\u043e\u0431\u0430\u043b\u0434\u044b\u043a que est\u00e1 moldando a maneyra como cozinhamos, comemos, criamos \u0438 nos conectamos atrav\u00e9s da comida.<\/p>\n\n\n\n<h2 class=\"wp-block-heading\"><strong>\u041a\u0430\u0442\u044b\u0448\u044b\u04a3\u044b\u0437<\/strong><\/h2>\n\n\n\n<p>\u0411\u04e9\u043b\u04af\u0448\u04e9 \u0442\u0443\u0440\u0433\u0430\u043d \u043e\u043a\u0443\u044f\u04a3\u044b\u0437 \u0431\u0430\u0440\u0431\u044b? \u0420\u0435\u0446\u0435\u043f\u0442, \u0438\u0434\u0435\u044f \u0436\u0435 \u0442\u0430\u043c\u0430\u043a-\u0430\u0448 \u043a\u0430\u0439\u0434\u0430 \u0431\u0430\u0440\u0430\u0442\u0430\u0442 \u0434\u0435\u0433\u0435\u043d \u043f\u0438\u043a\u0438\u0440\u0438\u04a3\u0438\u0437\u0434\u0438 \u043a\u043e\u0448\u043a\u0443\u04a3\u0443\u0437 \u043a\u0435\u043b\u0435\u0431\u0438? \u0411\u0438\u0437 \u0441\u0438\u0437\u0434\u0435\u043d \u0443\u0433\u0443\u0443\u043d\u0443 \u043a\u0430\u0430\u043b\u0430\u0439\u0431\u044b\u0437. Bytenax\u0434\u0430 \u0441\u0438\u0437\u0434\u0438\u043d \u04af\u043d\u04af\u04a3\u04af\u0437 \u0437\u0430\u043c\u0430\u043d\u0431\u0430\u043f \u0442\u0430\u043c\u0430\u043a-\u0430\u0448 \u043c\u0430\u0434\u0430\u043d\u0438\u044f\u0442\u044b\u043d\u044b\u043d \u0431\u0430\u044f\u043d\u044b\u043d \u043a\u0430\u043b\u044b\u043f\u0442\u0430\u043d\u0434\u044b\u0440\u0443\u0443\u0433\u0430 \u0436\u0430\u0440\u0434\u0430\u043c \u0431\u0435\u0440\u0435\u0442.<\/p>\n\n\n\n<p>\u041a\u0435\u043b\u0433\u0438\u043b\u0435, \u0447\u043e\u0433\u0443\u0443 \u0442\u0430\u0439\u043c\u0430\u043d\u0431\u0430\u0441 \u0436\u0430\u043d\u0430 \u043c\u0430\u04a3\u044b\u0437\u0434\u0443\u0443 \u0431\u0438\u0440 \u043d\u0435\u0440\u0441\u0435 \u0436\u0430\u0440\u0430\u0442\u0430\u043b\u044b \u2014 \u0431\u0438\u0440 \u0442\u0430\u043c\u0430\u043a, \u0431\u0438\u0440 \u0438\u0434\u0435\u044f, \u0431\u0438\u0440 \u0443\u0431\u0430\u043a\u0442\u0430 \u0431\u0438\u0440 \u0430\u0447\u044b\u043b\u044b\u0448.<\/p>\n\n\n\n<p><\/p>","protected":false},"excerpt":{"rendered":"<p>Bem-vindo \u00e0 Bytenax \u2013 seu centro criativo para inspira\u00e7\u00e3o culin\u00e1ria, inova\u00e7\u00e3o alimentar e transforma\u00e7\u00e3o digital na gastronomia. Seja voc\u00ea um entusiasta da gastronomia, um chef, um criador de conte\u00fado, ou algu\u00e9m que explora novos sabores, tecnologias e tend\u00eancias, a Bytenax est\u00e1 aqui para inspirar voc\u00ea a cada passo. What drives us Na Bytenax, acreditamos que [&hellip;]<\/p>","protected":false},"author":198,"featured_media":0,"parent":0,"menu_order":0,"comment_status":"closed","ping_status":"closed","template":"","meta":{"footnotes":""},"_links":{"self":[{"href":"https:\/\/bytenax.com\/ky\/wp-json\/wp\/v2\/pages\/100"}],"collection":[{"href":"https:\/\/bytenax.com\/ky\/wp-json\/wp\/v2\/pages"}],"about":[{"href":"https:\/\/bytenax.com\/ky\/wp-json\/wp\/v2\/types\/page"}],"author":[{"embeddable":true,"href":"https:\/\/bytenax.com\/ky\/wp-json\/wp\/v2\/users\/198"}],"replies":[{"embeddable":true,"href":"https:\/\/bytenax.com\/ky\/wp-json\/wp\/v2\/comments?post=100"}],"version-history":[{"count":3,"href":"https:\/\/bytenax.com\/ky\/wp-json\/wp\/v2\/pages\/100\/revisions"}],"predecessor-version":[{"id":1003,"href":"https:\/\/bytenax.com\/ky\/wp-json\/wp\/v2\/pages\/100\/revisions\/1003"}],"wp:attachment":[{"href":"https:\/\/bytenax.com\/ky\/wp-json\/wp\/v2\/media?parent=100"}],"curies":[{"name":"wp","href":"https:\/\/api.w.org\/{rel}","templated":true}]}}