    {"id":97,"date":"2025-06-27T20:15:54","date_gmt":"2025-06-27T20:15:54","guid":{"rendered":"https:\/\/bytenax.com\/?page_id=97"},"modified":"2025-11-24T20:59:24","modified_gmt":"2025-11-24T20:59:24","slug":"terms-of-use","status":"publish","type":"page","link":"https:\/\/bytenax.com\/it\/terms-of-use\/","title":{"rendered":"Termini di utilizzo"},"content":{"rendered":"<p><strong>Ultimo aggiornamento: 27 giugno 2025<\/strong><\/p>\n\n\n\n<p><strong>Bytenax<\/strong> Opera come piattaforma di contenuti digitali focalizzata sull&#039;innovazione alimentare, sul design culinario e sull&#039;intersezione tra tecnologia e gastronomia. Accedendo o utilizzando questo sito web, l&#039;utente accetta di rispettare i termini, le condizioni e le politiche descritte di seguito.<\/p>\n\n\n\n<p>Le presenti Condizioni d&#039;uso delineano i diritti e gli obblighi dei visitatori che interagiscono con la piattaforma Bytenax. L&#039;utilizzo del sito web \u00e8 inoltre regolato dalle nostre <a>politica sulla riservatezza<\/a>.<\/p>\n\n\n\n<p><strong>LEGGERE ATTENTAMENTE I PRESENTI TERMINI. SE NON SI \u00c8 D&#039;ACCORDO CON ESSI, NON UTILIZZARE BYTENAX O NESSUNO DEI SUOI SERVIZI.<\/strong><\/p>\n\n\n\n<h2 class=\"wp-block-heading\"><strong>Articolo I \u2013 Contratto d\u2019uso<\/strong><\/h2>\n\n\n\n<p>1.1 Utilizzando Bytenax, confermi di accettare le presenti Condizioni d&#039;uso e la nostra Informativa sulla privacy.<br>1.2 Per utilizzare questo sito web \u00e8 necessario avere almeno 18 anni o avere la capacit\u00e0 giuridica prevista dalla propria giurisdizione.<br>1.3 Se non soddisfi questi requisiti o non sei d&#039;accordo con una qualsiasi parte di questi termini, non ti sar\u00e0 consentito accedere o utilizzare i nostri servizi.<\/p>\n\n\n\n<h2 class=\"wp-block-heading\"><strong>Articolo II \u2013 Comunicazione<\/strong><\/h2>\n\n\n\n<p>2.1 Bytenax offre canali di contatto ufficiali per richieste, suggerimenti e supporto tecnico.<br>2.2 Puoi contattarci tramite il nostro <a>Pagina dei contatti<\/a> oppure tramite gli indirizzi email ivi forniti.<\/p>\n\n\n\n<h2 class=\"wp-block-heading\"><strong>Articolo III \u2013 Responsabilit\u00e0 delle parti<\/strong><\/h2>\n\n\n\n<p>3.1 Gli utenti accettano di rispettare i presenti Termini di utilizzo e la nostra Informativa sulla privacy quando interagiscono con qualsiasi contenuto o servizio Bytenax.<br>3.2 Il sito pu\u00f2 contenere link esterni a siti web di terze parti, forniti per comodit\u00e0 o come riferimento.<br>3.3 Quando si naviga su un sito di terze parti, si applicheranno i termini e le politiche sulla privacy di tali siti. Bytenax non \u00e8 responsabile dell&#039;affidabilit\u00e0, del contenuto o delle politiche di tali siti web.<br>3.4 Gli utenti sono gli unici responsabili della sicurezza della propria connessione Internet, dei propri dispositivi e di tutte le credenziali di accesso utilizzate su Bytenax.<br>3.5 Bytenax non \u00e8 responsabile per danni causati da interruzioni, accessi non autorizzati o uso improprio della piattaforma al di fuori del nostro ragionevole controllo.<br>3.6 Non richiederemo mai informazioni personali sensibili o dati bancari tramite canali di comunicazione non ufficiali.<br>3.7 Se ricevi messaggi sospetti che affermano di provenire da Bytenax, segnalali tramite i nostri canali di contatto ufficiali.<\/p>\n\n\n\n<h2 class=\"wp-block-heading\"><strong>Articolo IV \u2013 Condotta proibita<\/strong><\/h2>\n\n\n\n<p>Sono severamente vietati i seguenti comportamenti:<\/p>\n\n\n\n<ul>\n<li>Partecipare ad attivit\u00e0 illegali, abusive o fraudolente<\/li>\n\n\n\n<li>Violazione dei diritti di propriet\u00e0 intellettuale o della privacy dell&#039;utente<\/li>\n\n\n\n<li>Distribuzione di malware, virus o codice dannoso<\/li>\n\n\n\n<li>Impersonare individui o entit\u00e0<\/li>\n\n\n\n<li>Raccolta di dati senza consenso<\/li>\n\n\n\n<li>Condivisione di contenuti fuorvianti, non autorizzati o ingannevoli<\/li>\n\n\n\n<li>Molestare, minacciare o diffamare gli altri<\/li>\n\n\n\n<li>Tentare di accedere, interferire o interrompere le operazioni della piattaforma<\/li>\n<\/ul>\n\n\n\n<p>Le violazioni di questi termini possono comportare la sospensione temporanea o la rimozione permanente dell&#039;accesso a Bytenax senza preavviso.<\/p>\n\n\n\n<h2 class=\"wp-block-heading\"><strong>Articolo V \u2013 Limitazione di responsabilit\u00e0 e garanzie<\/strong><\/h2>\n\n\n\n<p>Bytenax fornisce i suoi contenuti e servizi &quot;cos\u00ec come sono&quot; e &quot;come disponibili&quot;, senza garanzie di alcun tipo.<br>Non garantiamo la continuit\u00e0 del servizio, l&#039;accuratezza o la tempestivit\u00e0 dei contenuti, n\u00e9 che i materiali soddisferanno le vostre aspettative.<br>Nella misura massima consentita dalla legge applicabile, Bytenax declina ogni responsabilit\u00e0 per danni diretti, indiretti o consequenziali derivanti dall&#039;utilizzo della piattaforma.<\/p>\n\n\n\n<h2 class=\"wp-block-heading\"><strong>Articolo VI \u2013 Termine e termine legale<\/strong><\/h2>\n\n\n\n<p>Le presenti Condizioni d&#039;uso restano valide a tempo indeterminato.<br>Eventuali reclami o controversie legali relativi a Bytenax devono essere avviati entro <strong>90 (novanta) giorni<\/strong> dell&#039;evento che ha dato origine al reclamo.<\/p>\n\n\n\n<h2 class=\"wp-block-heading\"><strong>Articolo VII \u2013 Legge applicabile e giurisdizione<\/strong><\/h2>\n\n\n\n<p>Le presenti Condizioni d&#039;uso saranno regolate e interpretate in conformit\u00e0 con le <strong>leggi della Repubblica di Estonia<\/strong>Qualsiasi controversia, disputa o reclamo derivante da o relativo ai presenti Termini o all&#039;uso di questo sito web sar\u00e0 risolto in conformit\u00e0 con la legge estone, ai sensi del <strong>giurisdizione esclusiva dei tribunali situati a Tallinn, Estonia<\/strong>.<br>Questa clausola garantisce la trasparenza legale e l&#039;allineamento con le migliori pratiche di conformit\u00e0 internazionale, come previsto dalla normativa estone. <em>Legge sulle obbligazioni<\/em> E <em>Legge sul diritto internazionale privato<\/em>.<\/p>\n\n\n\n<h2 class=\"wp-block-heading\"><strong>Articolo VIII \u2013 Propriet\u00e0 intellettuale<\/strong><\/h2>\n\n\n\n<p>8.1 Tutti i contenuti di Bytenax, inclusi articoli, grafica, loghi ed elementi di design, sono protetti dalla legge sulla propriet\u00e0 intellettuale.<br>8.2 Non \u00e8 consentito copiare, riprodurre o distribuire alcuna parte di questo contenuto senza previa autorizzazione scritta.<br>8.3 I contenuti inviati dagli utenti rimangono di loro esclusiva responsabilit\u00e0. Bytenax si riserva il diritto di rimuovere il materiale che violi le linee guida legali o etiche.<\/p>\n\n\n\n<h2 class=\"wp-block-heading\"><strong>Articolo IX \u2013 Modifiche ai Termini<\/strong><\/h2>\n\n\n\n<p>Bytenax si riserva il diritto di modificare, aggiornare o interrompere qualsiasi parte dei presenti Termini o dei suoi servizi in qualsiasi momento e senza preavviso.<br>\u00c8 tua responsabilit\u00e0 consultare periodicamente questa pagina. L&#039;uso continuato del sito web costituisce l&#039;accettazione di eventuali termini modificati.<\/p>\n\n\n\n<h2 class=\"wp-block-heading\"><strong>Articolo X \u2013 Contatto<\/strong><\/h2>\n\n\n\n<p>Per qualsiasi domanda riguardante i presenti Termini di utilizzo, contattateci tramite:<br> https:\/\/bytenax.com\/contact<br> <strong>contact@bytenax.com<\/strong><\/p>\n\n\n\n<p><strong>SE NON SI ACCETTANO QUESTI TERMINI, SI PREGA DI NON UTILIZZARE BYTENAX O I SUOI SERVIZI.<\/strong><\/p>","protected":false},"excerpt":{"rendered":"<p>Ultimo aggiornamento: 27 giugno 2025. Bytenax opera come piattaforma di contenuti digitali focalizzata sull&#039;innovazione alimentare, sul design culinario e sull&#039;intersezione tra tecnologia e gastronomia. Accedendo o utilizzando questo sito web, l&#039;utente accetta di rispettare i termini, le condizioni e le politiche descritte di seguito. Le presenti Condizioni d&#039;uso delineano i diritti e gli obblighi dei visitatori che interagiscono con [\u2026]<\/p>","protected":false},"author":198,"featured_media":0,"parent":0,"menu_order":0,"comment_status":"closed","ping_status":"closed","template":"","meta":{"footnotes":""},"_links":{"self":[{"href":"https:\/\/bytenax.com\/it\/wp-json\/wp\/v2\/pages\/97"}],"collection":[{"href":"https:\/\/bytenax.com\/it\/wp-json\/wp\/v2\/pages"}],"about":[{"href":"https:\/\/bytenax.com\/it\/wp-json\/wp\/v2\/types\/page"}],"author":[{"embeddable":true,"href":"https:\/\/bytenax.com\/it\/wp-json\/wp\/v2\/users\/198"}],"replies":[{"embeddable":true,"href":"https:\/\/bytenax.com\/it\/wp-json\/wp\/v2\/comments?post=97"}],"version-history":[{"count":4,"href":"https:\/\/bytenax.com\/it\/wp-json\/wp\/v2\/pages\/97\/revisions"}],"predecessor-version":[{"id":1002,"href":"https:\/\/bytenax.com\/it\/wp-json\/wp\/v2\/pages\/97\/revisions\/1002"}],"wp:attachment":[{"href":"https:\/\/bytenax.com\/it\/wp-json\/wp\/v2\/media?parent=97"}],"curies":[{"name":"wp","href":"https:\/\/api.w.org\/{rel}","templated":true}]}}