    {"id":100,"date":"2025-06-27T20:16:36","date_gmt":"2025-06-27T20:16:36","guid":{"rendered":"https:\/\/bytenax.com\/?page_id=100"},"modified":"2025-11-24T21:00:14","modified_gmt":"2025-11-24T21:00:14","slug":"about-us","status":"publish","type":"page","link":"https:\/\/bytenax.com\/it\/about-us\/","title":{"rendered":"Chi siamo"},"content":{"rendered":"<h1 class=\"wp-block-heading\"><\/h1>\n\n\n\n<p>Bem-vindo \u00e0 <strong>Bytenax<\/strong> \u2013 il suo centro creativo per l&#039;ispirazione culinaria, l&#039;innovazione alimentare e la trasformazione digitale della gastronomia. Seja voc\u00ea um entusiasta della gastronomia, um chef, um criador de conte\u00fado, ou algu\u00e9m que explora novos sabores, tecnologias e tend\u00eancias, a Bytenax est\u00e1 qui para inspirar voc\u00ea a cada passo.<\/p>\n\n\n\n<h2 class=\"wp-block-heading\"><strong>Ci\u00f2 che ci spinge<\/strong><\/h2>\n\n\n\n<p>Su Bytenax, accreditiamo che il cibo \u00e8 pi\u00f9 della nutrizione: \u00e8 esperienza, espressione ed evoluzione. La nostra missione \u00e8 introdurre contenuti riflessivi e di alta qualit\u00e0 che collegano creativit\u00e0 con tecnologia, sostenibilit\u00e0 e cultura.<br>Esploriamo ci\u00f2 che muove l&#039;universo gastronomico: dalla cucina moderna alle innovazioni nel campo della tecnologia alimentare, dai sistemi alimentari che sostengono la scoperta della nutrizione, e dalle tradizioni culinarie alle nuove lezioni di gastronomia contemporanea.<\/p>\n\n\n\n<p>Siamo qui per mostrare come il cibo \u00e8 stato fatto, condiviso, trasformato e reinventato in un mondo digitale: sempre con proposta, impatto e curiosit\u00e0.<\/p>\n\n\n\n<h2 class=\"wp-block-heading\"><strong>Chi siamo<\/strong><\/h2>\n\n\n\n<p>Siamo un team appassionato di pensatori culinari, designer, narratori e creatori digitali, guidati dalla curiosit\u00e0 e da uno scopo. Bytenax nasce dall&#039;idea che il cibo meriti un nuovo tipo di piattaforma, che celebri l&#039;innovazione, l&#039;identit\u00e0, la sostenibilit\u00e0 e la scienza alla base di ci\u00f2 che ci nutre.<\/p>\n\n\n\n<p>Che si tratti di innovazioni tecnologiche nel settore alimentare, tecniche culinarie, sistemi sostenibili, gastronomia globale o approfondimenti sulla nutrizione, i nostri contenuti mirano a essere pertinenti, coinvolgenti e orientati al futuro.<\/p>\n\n\n\n<p>Ecco, non sei solo un lettore: fai parte di una comunit\u00e0 globale che sta modellando il modo in cui cuciniamo, comemo, criamo e ci colleghiamo attraverso il cibo.<\/p>\n\n\n\n<h2 class=\"wp-block-heading\"><strong>Partecipa<\/strong><\/h2>\n\n\n\n<p>Hai una storia da condividere? Vuoi contribuire con una ricetta, un&#039;idea o un&#039;opinione su dove si sta dirigendo il cibo? Ci piacerebbe sentire la tua opinione. In Bytenax, la tua voce contribuisce a plasmare la narrazione della cultura alimentare moderna.<\/p>\n\n\n\n<p>Creiamo insieme qualcosa di audace e significativo: un piatto, un&#039;idea, una svolta alla volta.<\/p>\n\n\n\n<p><\/p>","protected":false},"excerpt":{"rendered":"<p>Bem-vindo \u00e0 Bytenax \u2013 seu centro criativo para inspira\u00e7\u00e3o culin\u00e1ria, inova\u00e7\u00e3o alimentar e transforma\u00e7\u00e3o digital na gastronomia. Seja voc\u00ea um entusiasta da gastronomia, um chef, um criador de conte\u00fado, ou algu\u00e9m que explora novos sabores, tecnologias e tend\u00eancias, a Bytenax est\u00e1 aqui para inspirar voc\u00ea a cada passo. What drives us Na Bytenax, acreditamos que [&hellip;]<\/p>","protected":false},"author":198,"featured_media":0,"parent":0,"menu_order":0,"comment_status":"closed","ping_status":"closed","template":"","meta":{"footnotes":""},"_links":{"self":[{"href":"https:\/\/bytenax.com\/it\/wp-json\/wp\/v2\/pages\/100"}],"collection":[{"href":"https:\/\/bytenax.com\/it\/wp-json\/wp\/v2\/pages"}],"about":[{"href":"https:\/\/bytenax.com\/it\/wp-json\/wp\/v2\/types\/page"}],"author":[{"embeddable":true,"href":"https:\/\/bytenax.com\/it\/wp-json\/wp\/v2\/users\/198"}],"replies":[{"embeddable":true,"href":"https:\/\/bytenax.com\/it\/wp-json\/wp\/v2\/comments?post=100"}],"version-history":[{"count":3,"href":"https:\/\/bytenax.com\/it\/wp-json\/wp\/v2\/pages\/100\/revisions"}],"predecessor-version":[{"id":1003,"href":"https:\/\/bytenax.com\/it\/wp-json\/wp\/v2\/pages\/100\/revisions\/1003"}],"wp:attachment":[{"href":"https:\/\/bytenax.com\/it\/wp-json\/wp\/v2\/media?parent=100"}],"curies":[{"name":"wp","href":"https:\/\/api.w.org\/{rel}","templated":true}]}}