    {"id":103,"date":"2025-06-27T20:17:49","date_gmt":"2025-06-27T20:17:49","guid":{"rendered":"https:\/\/bytenax.com\/?page_id=103"},"modified":"2025-11-24T20:57:49","modified_gmt":"2025-11-24T20:57:49","slug":"contact","status":"publish","type":"page","link":"https:\/\/bytenax.com\/hr\/contact\/","title":{"rendered":"Kontakt"},"content":{"rendered":"<p>Hvala na posjeti <strong>Bytenax<\/strong>, va\u0161a platforma za kulinarsku kreativnost, inovacije u hrani i digitalno pripovijedanje u gastronomiji. Zaista cijenimo va\u0161e poruke i ovdje smo da vas podr\u017eimo, sura\u0111ujemo i povezujemo se s na\u0161om zajednicom kreatora, kuhara i znati\u017eeljnih umova.<\/p>\n\n\n\n<h3 class=\"wp-block-heading\"><strong>Op\u0107i upiti<\/strong><\/h3>\n\n\n\n<p>Imate pitanje o Bytenaxu ili nas samo \u017eelite pozdraviti? Po\u0161aljite nam e-po\u0161tu na <strong>kontakt@bytenax.com<\/strong><br>Uvijek nam je drago \u010duti od vas i javit \u0107emo vam se u najkra\u0107em mogu\u0107em roku.<\/p>\n\n\n\n<h3 class=\"wp-block-heading\"><strong>Doprinosi i ideje<\/strong><\/h3>\n\n\n\n<p>Imate recept za podijeliti, mi\u0161ljenje za podijeliti ili ideju za \u010dlanak? Javite nam se <strong>kontakt@bytenax.com<\/strong><br>Uvijek tra\u017eimo svje\u017ee glasove i hrabre perspektive iz prehrambene, tehnolo\u0161ke i kreativne industrije.<\/p>\n\n\n\n<h3 class=\"wp-block-heading\"><strong>Tehni\u010dka podr\u0161ka<\/strong><\/h3>\n\n\n\n<p>Imate problema sa stranicom ili imate problema s pregledavanjem sadr\u017eaja? Obratite se na\u0161em timu za podr\u0161ku na <strong>kontakt@bytenax.com<\/strong><br>Ovdje smo kako bismo osigurali da va\u0161e iskustvo na Bytenaxu bude glatko i ugodno.<\/p>\n\n\n\n<h3 class=\"wp-block-heading\"><strong>Ostanite povezani<\/strong><\/h3>\n\n\n\n<p>Bytenax je digitalno izvorna platforma izgra\u0111ena za globalnu zajednicu. Iako nemamo fizi\u010dki ured, uvijek smo online - spremni sura\u0111ivati, inspirirati i rasti s vama.<\/p>\n\n\n\n<p>Jo\u0161 jednom hvala \u0161to ste dio Bytenax zajednice. Veselimo se Va\u0161em odgovoru!<\/p>\n\n\n\n<p><strong>Srda\u010dan pozdrav,<\/strong><br><em>Tim Bytenaxa<\/em><\/p>","protected":false},"excerpt":{"rendered":"<p>Thank you for visiting Bytenax, your go-to platform for culinary creativity, food innovation, and digital storytelling in gastronomy. We truly value your messages and are here to support, collaborate, and connect with our community of creators, chefs, and curious minds. General Inquiries Have a question about Bytenax or just want to say hello? Email us [&hellip;]<\/p>","protected":false},"author":198,"featured_media":0,"parent":0,"menu_order":0,"comment_status":"closed","ping_status":"closed","template":"","meta":{"footnotes":""},"_links":{"self":[{"href":"https:\/\/bytenax.com\/hr\/wp-json\/wp\/v2\/pages\/103"}],"collection":[{"href":"https:\/\/bytenax.com\/hr\/wp-json\/wp\/v2\/pages"}],"about":[{"href":"https:\/\/bytenax.com\/hr\/wp-json\/wp\/v2\/types\/page"}],"author":[{"embeddable":true,"href":"https:\/\/bytenax.com\/hr\/wp-json\/wp\/v2\/users\/198"}],"replies":[{"embeddable":true,"href":"https:\/\/bytenax.com\/hr\/wp-json\/wp\/v2\/comments?post=103"}],"version-history":[{"count":2,"href":"https:\/\/bytenax.com\/hr\/wp-json\/wp\/v2\/pages\/103\/revisions"}],"predecessor-version":[{"id":999,"href":"https:\/\/bytenax.com\/hr\/wp-json\/wp\/v2\/pages\/103\/revisions\/999"}],"wp:attachment":[{"href":"https:\/\/bytenax.com\/hr\/wp-json\/wp\/v2\/media?parent=103"}],"curies":[{"name":"wp","href":"https:\/\/api.w.org\/{rel}","templated":true}]}}