    {"id":100,"date":"2025-06-27T20:16:36","date_gmt":"2025-06-27T20:16:36","guid":{"rendered":"https:\/\/bytenax.com\/?page_id=100"},"modified":"2025-11-24T21:00:14","modified_gmt":"2025-11-24T21:00:14","slug":"about-us","status":"publish","type":"page","link":"https:\/\/bytenax.com\/hr\/about-us\/","title":{"rendered":"O nama"},"content":{"rendered":"<h1 class=\"wp-block-heading\"><\/h1>\n\n\n\n<p>Do\u0107i \u0107u <strong>Bytenax<\/strong> \u2013 seu centro criativo para inspira\u00e7\u00e3o culin\u00e1ria, inova\u00e7\u00e3o alimentar e transforma\u00e7\u00e3o digital u gastronomia. Seja voc\u00ea um entusiasta da gastronomia, um chef, um criador de conte\u00fado, ou algu\u00e9m que explora novos sabores, tecnologias e tend\u00eancias, a Bytenax est\u00e1 aqui para inspirar voc\u00ea a cada passo.<\/p>\n\n\n\n<h2 class=\"wp-block-heading\"><strong>\u0160to nas pokre\u0107e<\/strong><\/h2>\n\n\n\n<p>Na Bytenax, acreditamos que a comida \u00e9 mais do que nutri\u00e7\u00e3o \u2014 \u00e9 experi\u00eancia, express\u00e3o e evolu\u00e7\u00e3o. Nossa miss\u00e3o \u00e9 entregar conte\u00fado reflexivo e de alta qualidade que conecte criatividade com tecnologia, sustentabilidade e cultura.<br>Exploramos o que move o universo gastron\u00f4mico: da culin\u00e1ria moderna \u00e0s inova\u00e7\u00f5es em foodtech, dos sistemas alimentares sustent\u00e1veis \u00e0s descobertas em nutri\u00e7\u00e3o, e das tradi\u00e7\u00f5es culin\u00e1rias \u00e0s novas leituras da gastronomia contempor\u00e2nea.<\/p>\n\n\n\n<p>Estamos aqui para mostrar como a comida \u00e9 feita, compartilhada, transformada e reinventada em um mundo digital \u2014 semper com prop\u00f3sito, impacto e curiosidade.<\/p>\n\n\n\n<h2 class=\"wp-block-heading\"><strong>Tko smo mi<\/strong><\/h2>\n\n\n\n<p>Mi smo strastveni tim kulinarskih mislilaca, dizajnera, pripovjeda\u010da i digitalnih kreatora vo\u0111enih znati\u017eeljom i svrhom. Bytenax je nastao iz ideje da hrana zaslu\u017euje novu vrstu platforme - onu koja slavi inovaciju, identitet, odr\u017eivost i znanost koja stoji iza onoga \u0161to nas hrani.<\/p>\n\n\n\n<p>Bilo da raspravljamo o otkri\u0107ima u prehrambenoj tehnologiji, kulinarskim tehnikama, odr\u017eivim sustavima, globalnoj gastronomiji ili uvidima u prehranu, na\u0161 sadr\u017eaj nastoji biti relevantan, zanimljiv i usmjeren na budu\u0107nost.<\/p>\n\n\n\n<p>Aqui, voc\u00ea n\u00e3o \u00e9 apenas um leitor \u2014 voc\u00ea faz parte de uma comunidade global que est\u00e1 moldando a maneira como cozinhamos, comemos, criamos e nos conectamos atrav\u00e9s da comida.<\/p>\n\n\n\n<h2 class=\"wp-block-heading\"><strong>Uklju\u010dite se<\/strong><\/h2>\n\n\n\n<p>Imate pri\u010du za podijeliti? \u017delite li doprinijeti receptom, idejom ili mi\u0161ljenjem o tome kamo hrana ide? Voljeli bismo \u010duti va\u0161e mi\u0161ljenje. U Bytenaxu, va\u0161 glas poma\u017ee oblikovati narativ moderne kulture hrane.<\/p>\n\n\n\n<p>Stvorimo zajedno ne\u0161to hrabro i zna\u010dajno \u2014 jedno jelo, jednu ideju, jedan po jedan proboj.<\/p>\n\n\n\n<p><\/p>","protected":false},"excerpt":{"rendered":"<p>Bem-vindo \u00e0 Bytenax \u2013 seu centro criativo para inspira\u00e7\u00e3o kulin\u00e1ria, inova\u00e7\u00e3o alimentar e transforma\u00e7\u00e3o digital u gastronomia. Seja voc\u00ea um entusiasta da gastronomia, um chef, um criador de conte\u00fado, ou algu\u00e9m que explora novos sabores, tecnologias e tend\u00eancias, a Bytenax est\u00e1 aqui para inspirar voc\u00ea a cada passo. \u0160to nas pokre\u0107e Na Bytenax, acreditamos que [\u2026]<\/p>","protected":false},"author":198,"featured_media":0,"parent":0,"menu_order":0,"comment_status":"closed","ping_status":"closed","template":"","meta":{"footnotes":""},"_links":{"self":[{"href":"https:\/\/bytenax.com\/hr\/wp-json\/wp\/v2\/pages\/100"}],"collection":[{"href":"https:\/\/bytenax.com\/hr\/wp-json\/wp\/v2\/pages"}],"about":[{"href":"https:\/\/bytenax.com\/hr\/wp-json\/wp\/v2\/types\/page"}],"author":[{"embeddable":true,"href":"https:\/\/bytenax.com\/hr\/wp-json\/wp\/v2\/users\/198"}],"replies":[{"embeddable":true,"href":"https:\/\/bytenax.com\/hr\/wp-json\/wp\/v2\/comments?post=100"}],"version-history":[{"count":3,"href":"https:\/\/bytenax.com\/hr\/wp-json\/wp\/v2\/pages\/100\/revisions"}],"predecessor-version":[{"id":1003,"href":"https:\/\/bytenax.com\/hr\/wp-json\/wp\/v2\/pages\/100\/revisions\/1003"}],"wp:attachment":[{"href":"https:\/\/bytenax.com\/hr\/wp-json\/wp\/v2\/media?parent=100"}],"curies":[{"name":"wp","href":"https:\/\/api.w.org\/{rel}","templated":true}]}}