    {"id":97,"date":"2025-06-27T20:15:54","date_gmt":"2025-06-27T20:15:54","guid":{"rendered":"https:\/\/bytenax.com\/?page_id=97"},"modified":"2025-11-24T20:59:24","modified_gmt":"2025-11-24T20:59:24","slug":"terms-of-use","status":"publish","type":"page","link":"https:\/\/bytenax.com\/fr\/terms-of-use\/","title":{"rendered":"Conditions d&#039;utilisation"},"content":{"rendered":"<p><strong>Derni\u00e8re mise \u00e0 jour\u00a0: 27 juin 2025<\/strong><\/p>\n\n\n\n<p><strong>Bytenax<\/strong> Ce site web est une plateforme de contenu num\u00e9rique ax\u00e9e sur l&#039;innovation alimentaire, la cr\u00e9ation culinaire et les liens entre technologie et gastronomie. En acc\u00e9dant \u00e0 ce site ou en l&#039;utilisant, vous acceptez de vous conformer aux conditions g\u00e9n\u00e9rales et politiques d\u00e9crites ci-dessous.<\/p>\n\n\n\n<p>Les pr\u00e9sentes Conditions d&#039;utilisation d\u00e9crivent les droits et obligations des visiteurs interagissant avec la plateforme Bytenax. L&#039;utilisation du site web est \u00e9galement r\u00e9gie par nos <a>politique de confidentialit\u00e9<\/a>.<\/p>\n\n\n\n<p><strong>VEUILLEZ LIRE ATTENTIVEMENT CES CONDITIONS. SI VOUS N&#039;\u00caTES PAS D&#039;ACCORD AVEC CELLES-CI, N&#039;UTILISEZ PAS BYTENAX NI AUCUN DE SES SERVICES.<\/strong><\/p>\n\n\n\n<h2 class=\"wp-block-heading\"><strong>Article I \u2013 Contrat d&#039;utilisation<\/strong><\/h2>\n\n\n\n<p>1.1 En utilisant Bytenax, vous confirmez votre acceptation des pr\u00e9sentes conditions d&#039;utilisation et de notre politique de confidentialit\u00e9.<br>1.2 Vous devez \u00eatre \u00e2g\u00e9 d\u2019au moins 18 ans ou avoir la capacit\u00e9 juridique dans votre juridiction pour utiliser ce site Web.<br>1.3 Si vous ne r\u00e9pondez pas \u00e0 ces exigences ou n&#039;\u00eates pas d&#039;accord avec une partie quelconque de ces conditions, vous n&#039;\u00eates pas autoris\u00e9 \u00e0 acc\u00e9der \u00e0 nos services ou \u00e0 les utiliser.<\/p>\n\n\n\n<h2 class=\"wp-block-heading\"><strong>Article II \u2013 Communication<\/strong><\/h2>\n\n\n\n<p>2.1 Bytenax propose des canaux de contact officiels pour les demandes de renseignements, les suggestions et l&#039;assistance technique.<br>2.2 Vous pouvez nous contacter via notre <a>Page de contact<\/a> ou via les adresses e-mail qui y sont fournies.<\/p>\n\n\n\n<h2 class=\"wp-block-heading\"><strong>Article III \u2013 Responsabilit\u00e9s des Parties<\/strong><\/h2>\n\n\n\n<p>3.1 Les utilisateurs acceptent de se conformer aux pr\u00e9sentes conditions d&#039;utilisation et \u00e0 notre politique de confidentialit\u00e9 lorsqu&#039;ils interagissent avec tout contenu ou service Bytenax.<br>3.2 Le site peut contenir des liens externes vers des sites Web tiers, fournis pour des raisons de commodit\u00e9 ou de r\u00e9f\u00e9rence.<br>3.3 Lorsque vous acc\u00e9dez \u00e0 un site tiers, ses propres conditions d&#039;utilisation et pratiques de confidentialit\u00e9 s&#039;appliquent. Bytenax n&#039;est pas responsable de la fiabilit\u00e9, du contenu ou des politiques de ces sites web.<br>3.4 Les utilisateurs sont seuls responsables de la s\u00e9curit\u00e9 de leur connexion Internet, de leurs appareils et de tous les identifiants de connexion utilis\u00e9s sur Bytenax.<br>3.5 Bytenax n&#039;est pas responsable des dommages caus\u00e9s par des pannes, des acc\u00e8s non autoris\u00e9s ou une mauvaise utilisation de la plateforme au-del\u00e0 de notre contr\u00f4le raisonnable.<br>3.6 Nous ne demanderons jamais d\u2019informations personnelles sensibles ou de coordonn\u00e9es bancaires via des canaux de communication non officiels.<br>3.7 Si vous recevez des messages suspects pr\u00e9tendant provenir de Bytenax, signalez-les via nos canaux de contact officiels.<\/p>\n\n\n\n<h2 class=\"wp-block-heading\"><strong>Article IV \u2013 Conduite interdite<\/strong><\/h2>\n\n\n\n<p>Les comportements suivants sont strictement interdits :<\/p>\n\n\n\n<ul>\n<li>Participer \u00e0 des activit\u00e9s ill\u00e9gales, abusives ou frauduleuses<\/li>\n\n\n\n<li>Violation des droits de propri\u00e9t\u00e9 intellectuelle ou de la vie priv\u00e9e des utilisateurs<\/li>\n\n\n\n<li>Distribution de logiciels malveillants, de virus ou de codes nuisibles<\/li>\n\n\n\n<li>Usurper l&#039;identit\u00e9 d&#039;individus ou d&#039;entit\u00e9s<\/li>\n\n\n\n<li>Collecte de donn\u00e9es sans consentement<\/li>\n\n\n\n<li>Partage de contenu trompeur, non autoris\u00e9 ou mensonger<\/li>\n\n\n\n<li>Harceler, menacer ou diffamer autrui<\/li>\n\n\n\n<li>Tenter d&#039;acc\u00e9der, d&#039;interf\u00e9rer ou de perturber les op\u00e9rations de la plateforme<\/li>\n<\/ul>\n\n\n\n<p>La violation de ces conditions peut entra\u00eener une suspension temporaire ou une suppression d\u00e9finitive de l&#039;acc\u00e8s \u00e0 Bytenax sans pr\u00e9avis.<\/p>\n\n\n\n<h2 class=\"wp-block-heading\"><strong>Article V \u2013 Limitation de responsabilit\u00e9 et garanties<\/strong><\/h2>\n\n\n\n<p>Bytenax fournit son contenu et ses services \u00ab tels quels \u00bb et \u00ab tels que disponibles \u00bb, sans garantie d&#039;aucune sorte.<br>Nous ne garantissons pas un service ininterrompu, l\u2019exactitude ou l\u2019actualit\u00e9 du contenu, ni que les documents r\u00e9pondront \u00e0 vos attentes.<br>Dans toute la mesure permise par la loi applicable, Bytenax d\u00e9cline toute responsabilit\u00e9 pour les dommages directs, indirects ou cons\u00e9cutifs d\u00e9coulant de l&#039;utilisation de la plateforme.<\/p>\n\n\n\n<h2 class=\"wp-block-heading\"><strong>Article VI \u2013 Dur\u00e9e et d\u00e9lais l\u00e9gaux<\/strong><\/h2>\n\n\n\n<p>Les pr\u00e9sentes conditions d\u2019utilisation restent en vigueur ind\u00e9finiment.<br>Toute r\u00e9clamation ou tout litige juridique relatif \u00e0 Bytenax doit \u00eatre initi\u00e9 dans les <strong>90 (quatre-vingt-dix) jours<\/strong> de l\u2019\u00e9v\u00e9nement qui a donn\u00e9 lieu \u00e0 la r\u00e9clamation.<\/p>\n\n\n\n<h2 class=\"wp-block-heading\"><strong>Article VII \u2013 Loi applicable et juridiction<\/strong><\/h2>\n\n\n\n<p>Les pr\u00e9sentes conditions d&#039;utilisation seront r\u00e9gies et interpr\u00e9t\u00e9es conform\u00e9ment aux <strong>lois de la R\u00e9publique d&#039;Estonie<\/strong>Tout litige, controverse ou r\u00e9clamation d\u00e9coulant de ou li\u00e9 aux pr\u00e9sentes Conditions ou \u00e0 l&#039;utilisation de ce site Web sera r\u00e9solu conform\u00e9ment au droit estonien, en vertu de la <strong>comp\u00e9tence exclusive des tribunaux situ\u00e9s \u00e0 Tallinn, Estonie<\/strong>.<br>Cette clause garantit la transparence juridique et l&#039;alignement sur les meilleures pratiques internationales en mati\u00e8re de conformit\u00e9, telles que pr\u00e9vues par la l\u00e9gislation estonienne. <em>Loi sur le droit des obligations<\/em> et <em>Loi sur le droit international priv\u00e9<\/em>.<\/p>\n\n\n\n<h2 class=\"wp-block-heading\"><strong>Article VIII \u2013 Propri\u00e9t\u00e9 intellectuelle<\/strong><\/h2>\n\n\n\n<p>8.1 Tout le contenu de Bytenax, y compris les articles, les graphiques, les logos et les \u00e9l\u00e9ments de conception, est prot\u00e9g\u00e9 par la loi sur la propri\u00e9t\u00e9 intellectuelle.<br>8.2 Vous ne pouvez pas copier, reproduire ou distribuer une partie de ce contenu sans autorisation \u00e9crite pr\u00e9alable.<br>8.3 Le contenu soumis par les utilisateurs rel\u00e8ve de leur responsabilit\u00e9. Bytenax se r\u00e9serve le droit de supprimer tout contenu contraire aux r\u00e8gles l\u00e9gales ou \u00e9thiques.<\/p>\n\n\n\n<h2 class=\"wp-block-heading\"><strong>Article IX \u2013 Modifications des Conditions<\/strong><\/h2>\n\n\n\n<p>Bytenax se r\u00e9serve le droit de modifier, de mettre \u00e0 jour ou d&#039;interrompre toute partie de ces conditions ou de ses services \u00e0 tout moment sans pr\u00e9avis.<br>Il est de votre responsabilit\u00e9 de consulter r\u00e9guli\u00e8rement cette page. L&#039;utilisation continue du site vaut acceptation des conditions d&#039;utilisation r\u00e9vis\u00e9es.<\/p>\n\n\n\n<h2 class=\"wp-block-heading\"><strong>Article X \u2013 Contact<\/strong><\/h2>\n\n\n\n<p>Pour toute question concernant les pr\u00e9sentes Conditions d&#039;utilisation, veuillez nous contacter via :<br> https:\/\/bytenax.com\/contact<br> <strong>contact@bytenax.com<\/strong><\/p>\n\n\n\n<p><strong>SI VOUS N&#039;ACCEPTEZ PAS CES CONDITIONS, VEUILLEZ NE PAS UTILISER BYTENAX OU SES SERVICES.<\/strong><\/p>","protected":false},"excerpt":{"rendered":"<p>Derni\u00e8re mise \u00e0 jour : 27 juin 2025. Bytenax est une plateforme de contenu num\u00e9rique ax\u00e9e sur l&#039;innovation alimentaire, la cr\u00e9ation culinaire et la convergence de la technologie et de la gastronomie. En acc\u00e9dant \u00e0 ce site web ou en l&#039;utilisant, vous acceptez de vous conformer aux conditions g\u00e9n\u00e9rales d&#039;utilisation et aux politiques d\u00e9crites ci-dessous. Ces conditions d&#039;utilisation d\u00e9finissent les droits et obligations des visiteurs interagissant avec le site [\u2026].<\/p>","protected":false},"author":198,"featured_media":0,"parent":0,"menu_order":0,"comment_status":"closed","ping_status":"closed","template":"","meta":{"footnotes":""},"_links":{"self":[{"href":"https:\/\/bytenax.com\/fr\/wp-json\/wp\/v2\/pages\/97"}],"collection":[{"href":"https:\/\/bytenax.com\/fr\/wp-json\/wp\/v2\/pages"}],"about":[{"href":"https:\/\/bytenax.com\/fr\/wp-json\/wp\/v2\/types\/page"}],"author":[{"embeddable":true,"href":"https:\/\/bytenax.com\/fr\/wp-json\/wp\/v2\/users\/198"}],"replies":[{"embeddable":true,"href":"https:\/\/bytenax.com\/fr\/wp-json\/wp\/v2\/comments?post=97"}],"version-history":[{"count":4,"href":"https:\/\/bytenax.com\/fr\/wp-json\/wp\/v2\/pages\/97\/revisions"}],"predecessor-version":[{"id":1002,"href":"https:\/\/bytenax.com\/fr\/wp-json\/wp\/v2\/pages\/97\/revisions\/1002"}],"wp:attachment":[{"href":"https:\/\/bytenax.com\/fr\/wp-json\/wp\/v2\/media?parent=97"}],"curies":[{"name":"wp","href":"https:\/\/api.w.org\/{rel}","templated":true}]}}