    {"id":103,"date":"2025-06-27T20:17:49","date_gmt":"2025-06-27T20:17:49","guid":{"rendered":"https:\/\/bytenax.com\/?page_id=103"},"modified":"2025-11-24T20:57:49","modified_gmt":"2025-11-24T20:57:49","slug":"contact","status":"publish","type":"page","link":"https:\/\/bytenax.com\/fr\/contact\/","title":{"rendered":"Contact"},"content":{"rendered":"<p>Merci de votre visite <strong>Bytenax<\/strong>, votre plateforme incontournable pour la cr\u00e9ativit\u00e9 culinaire, l&#039;innovation alimentaire et le storytelling num\u00e9rique en gastronomie. Nous accordons une grande importance \u00e0 vos messages et sommes l\u00e0 pour soutenir, collaborer et \u00e9changer avec notre communaut\u00e9 de cr\u00e9ateurs, de chefs et d&#039;esprits curieux.<\/p>\n\n\n\n<h3 class=\"wp-block-heading\"><strong>Demandes g\u00e9n\u00e9rales<\/strong><\/h3>\n\n\n\n<p>Vous avez une question sur Bytenax ou souhaitez simplement nous dire bonjour\u00a0? Envoyez-nous un e-mail \u00e0 <strong>contact@bytenax.com<\/strong><br>Nous sommes toujours heureux de vous entendre et vous r\u00e9pondrons dans les plus brefs d\u00e9lais.<\/p>\n\n\n\n<h3 class=\"wp-block-heading\"><strong>Contributions et id\u00e9es<\/strong><\/h3>\n\n\n\n<p>Vous avez une recette \u00e0 partager, un avis \u00e0 partager ou une id\u00e9e d&#039;article\u00a0? Contactez-nous. <strong>contact@bytenax.com<\/strong><br>Nous sommes toujours \u00e0 la recherche de voix nouvelles et de perspectives audacieuses issues des secteurs de l\u2019alimentation, de la technologie et de la cr\u00e9ation.<\/p>\n\n\n\n<h3 class=\"wp-block-heading\"><strong>Support technique<\/strong><\/h3>\n\n\n\n<p>Vous rencontrez des probl\u00e8mes avec le site ou pour visualiser le contenu\u00a0? Contactez notre \u00e9quipe d&#039;assistance \u00e0 l&#039;adresse <strong>contact@bytenax.com<\/strong><br>Nous sommes l\u00e0 pour garantir que votre exp\u00e9rience sur Bytenax soit fluide et agr\u00e9able.<\/p>\n\n\n\n<h3 class=\"wp-block-heading\"><strong>Restez connect\u00e9<\/strong><\/h3>\n\n\n\n<p>Bytenax est une plateforme digitale native con\u00e7ue pour une communaut\u00e9 mondiale. Bien que nous n&#039;ayons pas de bureau physique, nous sommes toujours en ligne, pr\u00eats \u00e0 collaborer, \u00e0 vous inspirer et \u00e0 vous accompagner dans votre d\u00e9veloppement.<\/p>\n\n\n\n<p>Merci encore de faire partie de la communaut\u00e9 Bytenax. Nous avons h\u00e2te de vous lire\u00a0!<\/p>\n\n\n\n<p><strong>Cordialement,<\/strong><br><em>L&#039;\u00e9quipe Bytenax<\/em><\/p>","protected":false},"excerpt":{"rendered":"<p>Thank you for visiting Bytenax, your go-to platform for culinary creativity, food innovation, and digital storytelling in gastronomy. We truly value your messages and are here to support, collaborate, and connect with our community of creators, chefs, and curious minds. General Inquiries Have a question about Bytenax or just want to say hello? Email us [&hellip;]<\/p>","protected":false},"author":198,"featured_media":0,"parent":0,"menu_order":0,"comment_status":"closed","ping_status":"closed","template":"","meta":{"footnotes":""},"_links":{"self":[{"href":"https:\/\/bytenax.com\/fr\/wp-json\/wp\/v2\/pages\/103"}],"collection":[{"href":"https:\/\/bytenax.com\/fr\/wp-json\/wp\/v2\/pages"}],"about":[{"href":"https:\/\/bytenax.com\/fr\/wp-json\/wp\/v2\/types\/page"}],"author":[{"embeddable":true,"href":"https:\/\/bytenax.com\/fr\/wp-json\/wp\/v2\/users\/198"}],"replies":[{"embeddable":true,"href":"https:\/\/bytenax.com\/fr\/wp-json\/wp\/v2\/comments?post=103"}],"version-history":[{"count":2,"href":"https:\/\/bytenax.com\/fr\/wp-json\/wp\/v2\/pages\/103\/revisions"}],"predecessor-version":[{"id":999,"href":"https:\/\/bytenax.com\/fr\/wp-json\/wp\/v2\/pages\/103\/revisions\/999"}],"wp:attachment":[{"href":"https:\/\/bytenax.com\/fr\/wp-json\/wp\/v2\/media?parent=103"}],"curies":[{"name":"wp","href":"https:\/\/api.w.org\/{rel}","templated":true}]}}