    {"id":100,"date":"2025-06-27T20:16:36","date_gmt":"2025-06-27T20:16:36","guid":{"rendered":"https:\/\/bytenax.com\/?page_id=100"},"modified":"2025-11-24T21:00:14","modified_gmt":"2025-11-24T21:00:14","slug":"about-us","status":"publish","type":"page","link":"https:\/\/bytenax.com\/fr\/about-us\/","title":{"rendered":"\u00c0 propos de nous"},"content":{"rendered":"<h1 class=\"wp-block-heading\"><\/h1>\n\n\n\n<p>Bem-vindo \u00e0 <strong>Bytenax<\/strong> \u2013 votre centre de cr\u00e9ation pour l&#039;inspiration culinaire, l&#039;innovation alimentaire et la transformation num\u00e9rique de la gastronomie. Si vous \u00eates un passionn\u00e9 de gastronomie, un chef, un cr\u00e9ateur de contenu, ou quelqu&#039;un qui explore de nouveaux plats, technologies et tendances, Bytenax est ici pour vous inspirer \u00e0 chaque \u00e9tape.<\/p>\n\n\n\n<h2 class=\"wp-block-heading\"><strong>Ce qui nous motive<\/strong><\/h2>\n\n\n\n<p>Bytenax nous accr\u00e9dite que la nourriture est plus que nutritionnelle \u2014 c&#039;est l&#039;exp\u00e9rience, l&#039;expression et l&#039;\u00e9volution. Notre mission est d&#039;entrer dans le contenu r\u00e9flexif et de haute qualit\u00e9 qui relie la cr\u00e9ativit\u00e9 \u00e0 la technologie, \u00e0 la durabilit\u00e9 et \u00e0 la culture.<br>Nous explorons ce qui fait \u00e9voluer l&#039;univers gastronomique\u00a0: la cuisine moderne avec les innovations en mati\u00e8re de technologie alimentaire, les syst\u00e8mes alimentaires soutenus par la d\u00e9couverte de la nutrition et les traditions culinaires avec les nouvelles lectures de la gastronomie contemporaine.<\/p>\n\n\n\n<p>Nous sommes ici pour montrer comment la nourriture est faite, partag\u00e9e, transform\u00e9e et r\u00e9invent\u00e9e dans le monde num\u00e9rique \u2014 toujours avec la proposition, l&#039;impact et la curiosit\u00e9.<\/p>\n\n\n\n<h2 class=\"wp-block-heading\"><strong>Qui sommes-nous<\/strong><\/h2>\n\n\n\n<p>Nous sommes une \u00e9quipe passionn\u00e9e de penseurs culinaires, de designers, de conteurs et de cr\u00e9ateurs num\u00e9riques, anim\u00e9e par la curiosit\u00e9 et un objectif pr\u00e9cis. Bytenax est n\u00e9e de l&#039;id\u00e9e que l&#039;alimentation m\u00e9rite une plateforme d&#039;un nouveau genre\u00a0: une plateforme qui c\u00e9l\u00e8bre l&#039;innovation, l&#039;identit\u00e9, la durabilit\u00e9 et la science qui sous-tend ce qui nous nourrit.<\/p>\n\n\n\n<p>Qu\u2019il s\u2019agisse d\u2019avanc\u00e9es technologiques dans le domaine de l\u2019alimentation, de techniques culinaires, de syst\u00e8mes durables, de gastronomie mondiale ou de connaissances en nutrition, notre contenu se veut pertinent, attrayant et tourn\u00e9 vers l\u2019avenir.<\/p>\n\n\n\n<p>Ici, vous n&#039;\u00eates pas un lecteur \u2014 vous faites partie d&#039;une communaut\u00e9 mondiale qui est \u00e0 la mani\u00e8re de cuisiner, de manger, de crier et de nous connecter \u00e0 la nourriture.<\/p>\n\n\n\n<h2 class=\"wp-block-heading\"><strong>Impliquez-vous<\/strong><\/h2>\n\n\n\n<p>Vous avez une histoire \u00e0 partager\u00a0? Vous souhaitez partager une recette, une id\u00e9e ou un avis sur l&#039;avenir de la cuisine\u00a0? N&#039;h\u00e9sitez pas \u00e0 nous contacter. Chez Bytenax, votre voix contribue \u00e0 fa\u00e7onner la culture culinaire moderne.<\/p>\n\n\n\n<p>Cr\u00e9ons ensemble quelque chose d\u2019audacieux et de significatif : un plat, une id\u00e9e, une avanc\u00e9e \u00e0 la fois.<\/p>\n\n\n\n<p><\/p>","protected":false},"excerpt":{"rendered":"<p>Faites appel \u00e0 Bytenax \u2013 votre centre de cr\u00e9ation pour l&#039;inspiration culinaire, l&#039;innovation alimentaire et la transformation num\u00e9rique de la gastronomie. Si vous \u00eates un passionn\u00e9 de gastronomie, un chef, un cr\u00e9ateur de contenu, ou quelqu&#039;un qui explore de nouveaux plats, technologies et tendances, Bytenax est ici pour vous inspirer \u00e0 chaque \u00e9tape. Ce qui nous motive Na Bytenax, acreditamos que [\u2026]<\/p>","protected":false},"author":198,"featured_media":0,"parent":0,"menu_order":0,"comment_status":"closed","ping_status":"closed","template":"","meta":{"footnotes":""},"_links":{"self":[{"href":"https:\/\/bytenax.com\/fr\/wp-json\/wp\/v2\/pages\/100"}],"collection":[{"href":"https:\/\/bytenax.com\/fr\/wp-json\/wp\/v2\/pages"}],"about":[{"href":"https:\/\/bytenax.com\/fr\/wp-json\/wp\/v2\/types\/page"}],"author":[{"embeddable":true,"href":"https:\/\/bytenax.com\/fr\/wp-json\/wp\/v2\/users\/198"}],"replies":[{"embeddable":true,"href":"https:\/\/bytenax.com\/fr\/wp-json\/wp\/v2\/comments?post=100"}],"version-history":[{"count":3,"href":"https:\/\/bytenax.com\/fr\/wp-json\/wp\/v2\/pages\/100\/revisions"}],"predecessor-version":[{"id":1003,"href":"https:\/\/bytenax.com\/fr\/wp-json\/wp\/v2\/pages\/100\/revisions\/1003"}],"wp:attachment":[{"href":"https:\/\/bytenax.com\/fr\/wp-json\/wp\/v2\/media?parent=100"}],"curies":[{"name":"wp","href":"https:\/\/api.w.org\/{rel}","templated":true}]}}