    {"id":103,"date":"2025-06-27T20:17:49","date_gmt":"2025-06-27T20:17:49","guid":{"rendered":"https:\/\/bytenax.com\/?page_id=103"},"modified":"2025-11-24T20:57:49","modified_gmt":"2025-11-24T20:57:49","slug":"contact","status":"publish","type":"page","link":"https:\/\/bytenax.com\/es\/contact\/","title":{"rendered":"Contacto"},"content":{"rendered":"<p>Gracias por visitarnos <strong>Bytenax<\/strong>Tu plataforma de referencia para la creatividad culinaria, la innovaci\u00f3n gastron\u00f3mica y la narrativa digital en gastronom\u00eda. Valoramos mucho tus mensajes y estamos aqu\u00ed para apoyar, colaborar y conectar con nuestra comunidad de creadores, chefs y mentes curiosas.<\/p>\n\n\n\n<h3 class=\"wp-block-heading\"><strong>Consultas generales<\/strong><\/h3>\n\n\n\n<p>\u00bfTienes alguna pregunta sobre Bytenax o simplemente quieres saludarnos? Escr\u00edbenos a <strong>contacto@bytenax.com<\/strong><br>Siempre estaremos encantados de saber de usted y nos pondremos en contacto con usted lo antes posible.<\/p>\n\n\n\n<h3 class=\"wp-block-heading\"><strong>Contribuciones e ideas<\/strong><\/h3>\n\n\n\n<p>\u00bfTienes una receta para compartir, una opini\u00f3n que dar o una idea para un art\u00edculo? Cont\u00e1ctanos. <strong>contacto@bytenax.com<\/strong><br>Siempre estamos buscando voces nuevas y perspectivas audaces de las industrias alimentaria, tecnol\u00f3gica y creativa.<\/p>\n\n\n\n<h3 class=\"wp-block-heading\"><strong>Apoyo t\u00e9cnico<\/strong><\/h3>\n\n\n\n<p>\u00bfTiene problemas con el sitio o con la visualizaci\u00f3n del contenido? Contacte con nuestro equipo de soporte en <strong>contacto@bytenax.com<\/strong><br>Estamos aqu\u00ed para garantizar que su experiencia en Bytenax sea fluida y agradable.<\/p>\n\n\n\n<h3 class=\"wp-block-heading\"><strong>Mantente conectado<\/strong><\/h3>\n\n\n\n<p>Bytenax es una plataforma digital nativa dise\u00f1ada para una comunidad global. Aunque no tenemos una oficina f\u00edsica, siempre estamos en l\u00ednea, listos para colaborar, inspirar y crecer contigo.<\/p>\n\n\n\n<p>Gracias de nuevo por formar parte de la comunidad Bytenax. \u00a1Esperamos tener noticias tuyas!<\/p>\n\n\n\n<p><strong>Un cordial saludo,<\/strong><br><em>El equipo de Bytenax<\/em><\/p>","protected":false},"excerpt":{"rendered":"<p>Gracias por visitar Bytenax, tu plataforma de referencia para la creatividad culinaria, la innovaci\u00f3n alimentaria y la narrativa digital en gastronom\u00eda. Valoramos mucho tus mensajes y estamos aqu\u00ed para apoyar, colaborar y conectar con nuestra comunidad de creadores, chefs y mentes curiosas. Consultas generales: \u00bfTienes alguna pregunta sobre Bytenax o simplemente quieres saludarnos? Escr\u00edbenos [\u2026]<\/p>","protected":false},"author":198,"featured_media":0,"parent":0,"menu_order":0,"comment_status":"closed","ping_status":"closed","template":"","meta":{"footnotes":""},"_links":{"self":[{"href":"https:\/\/bytenax.com\/es\/wp-json\/wp\/v2\/pages\/103"}],"collection":[{"href":"https:\/\/bytenax.com\/es\/wp-json\/wp\/v2\/pages"}],"about":[{"href":"https:\/\/bytenax.com\/es\/wp-json\/wp\/v2\/types\/page"}],"author":[{"embeddable":true,"href":"https:\/\/bytenax.com\/es\/wp-json\/wp\/v2\/users\/198"}],"replies":[{"embeddable":true,"href":"https:\/\/bytenax.com\/es\/wp-json\/wp\/v2\/comments?post=103"}],"version-history":[{"count":2,"href":"https:\/\/bytenax.com\/es\/wp-json\/wp\/v2\/pages\/103\/revisions"}],"predecessor-version":[{"id":999,"href":"https:\/\/bytenax.com\/es\/wp-json\/wp\/v2\/pages\/103\/revisions\/999"}],"wp:attachment":[{"href":"https:\/\/bytenax.com\/es\/wp-json\/wp\/v2\/media?parent=103"}],"curies":[{"name":"wp","href":"https:\/\/api.w.org\/{rel}","templated":true}]}}