    {"id":105,"date":"2025-06-27T20:19:33","date_gmt":"2025-06-27T20:19:33","guid":{"rendered":"https:\/\/bytenax.com\/?page_id=105"},"modified":"2025-11-24T20:58:40","modified_gmt":"2025-11-24T20:58:40","slug":"privacy-policy","status":"publish","type":"page","link":"https:\/\/bytenax.com\/de\/privacy-policy\/","title":{"rendered":"Datenschutzrichtlinie"},"content":{"rendered":"<p>Ihre Privatsph\u00e4re ist uns wichtig. Es ist <strong>Bytenax<\/strong>s-Richtlinie, Ihre Privatsph\u00e4re in Bezug auf alle Informationen zu respektieren, die wir \u00fcber unsere Website von Ihnen sammeln, <strong>Bytenax<\/strong>, und andere Websites, die wir besitzen und betreiben.<\/p>\n\n\n\n<p>Wir fragen nur dann nach personenbezogenen Daten, wenn wir diese wirklich ben\u00f6tigen, um Ihnen einen Service zu bieten. Wir erheben diese Daten auf faire und rechtm\u00e4\u00dfige Weise, mit Ihrem Wissen und Ihrer Zustimmung. Wir informieren Sie auch dar\u00fcber, warum wir diese Daten erheben und wie wir sie verwenden.<\/p>\n\n\n\n<p>Wir speichern die erhobenen Daten nur so lange, wie es f\u00fcr die Bereitstellung des gew\u00fcnschten Dienstes erforderlich ist. Die von uns gespeicherten Daten sch\u00fctzen wir mit kommerziell vertretbaren Mitteln, um Verlust und Diebstahl sowie unbefugten Zugriff, Weitergabe, Vervielf\u00e4ltigung, Nutzung oder \u00c4nderung zu verhindern.<\/p>\n\n\n\n<p>Wir geben keine personenbezogenen Daten \u00f6ffentlich oder an Dritte weiter, es sei denn, wir sind gesetzlich dazu verpflichtet.<\/p>\n\n\n\n<p>Unsere Website kann Links zu externen Websites enthalten, die nicht von uns betrieben werden. Bitte beachten Sie, dass wir keinen Einfluss auf den Inhalt und die Praktiken dieser Websites haben und keine Verantwortung oder Haftung f\u00fcr deren jeweilige Datenschutzrichtlinien \u00fcbernehmen.<\/p>\n\n\n\n<p>Es steht Ihnen frei, unsere Anfrage nach Ihren pers\u00f6nlichen Daten abzulehnen, wobei wir Ihnen jedoch m\u00f6glicherweise einige der von Ihnen gew\u00fcnschten Dienste nicht zur Verf\u00fcgung stellen k\u00f6nnen.<\/p>\n\n\n\n<p>Ihre fortgesetzte Nutzung unserer Website gilt als Zustimmung zu unseren Datenschutzpraktiken und personenbezogenen Daten. Bei Fragen zum Umgang mit Benutzerdaten und personenbezogenen Daten k\u00f6nnen Sie sich gerne an uns wenden.<\/p>\n\n\n\n<h1 class=\"wp-block-heading\"><strong>Cookie-Richtlinie f\u00fcr Bytenax<\/strong><\/h1>\n\n\n\n<p>Dies ist die Cookie-Richtlinie f\u00fcr <strong>Bytenax<\/strong>erreichbar unter https:\/\/bytenax.com<\/p>\n\n\n\n<h2 class=\"wp-block-heading\">Was sind Cookies<\/h2>\n\n\n\n<p>Wie bei fast allen professionellen Websites \u00fcblich, verwendet diese Website Cookies. Dabei handelt es sich um kleine Dateien, die auf Ihren Computer heruntergeladen werden, um Ihr Erlebnis zu verbessern. Auf dieser Seite wird beschrieben, welche Informationen sie sammeln, wie wir sie verwenden und warum wir diese Cookies manchmal speichern m\u00fcssen. Wir erkl\u00e4ren Ihnen auch, wie Sie die Speicherung dieser Cookies verhindern k\u00f6nnen. Dies kann jedoch dazu f\u00fchren, dass bestimmte Elemente der Website-Funktionalit\u00e4t beeintr\u00e4chtigt werden.<\/p>\n\n\n\n<h2 class=\"wp-block-heading\">Wie wir Cookies verwenden<\/h2>\n\n\n\n<p>Wir verwenden Cookies aus verschiedenen Gr\u00fcnden, die im Folgenden n\u00e4her erl\u00e4utert werden. Leider gibt es in den meisten F\u00e4llen keine branchen\u00fcblichen Optionen zum Deaktivieren von Cookies, ohne die Funktionalit\u00e4t und die Funktionen dieser Website vollst\u00e4ndig zu deaktivieren. Es wird empfohlen, alle Cookies aktiviert zu lassen, wenn Sie nicht sicher sind, ob Sie sie ben\u00f6tigen oder nicht, falls sie zur Bereitstellung eines von Ihnen genutzten Dienstes verwendet werden.<\/p>\n\n\n\n<h2 class=\"wp-block-heading\">Cookies deaktivieren<\/h2>\n\n\n\n<p>Sie k\u00f6nnen das Setzen von Cookies verhindern, indem Sie die Einstellungen Ihres Browsers anpassen (Informationen hierzu finden Sie in der Hilfefunktion Ihres Browsers). Beachten Sie, dass das Deaktivieren von Cookies die Funktionalit\u00e4t dieser und vieler anderer von Ihnen besuchter Websites beeintr\u00e4chtigt. Das Deaktivieren von Cookies f\u00fchrt in der Regel auch zum Deaktivieren bestimmter Funktionen und Merkmale dieser Website. Es wird daher empfohlen, Cookies nicht zu deaktivieren.<\/p>\n\n\n\n<h2 class=\"wp-block-heading\">Die von uns gesetzten Cookies<\/h2>\n\n\n\n<p><strong>Kontobezogene Cookies<\/strong><br>Wenn Sie ein Konto bei uns erstellen, verwenden wir Cookies f\u00fcr die Verwaltung des Anmeldevorgangs und die allgemeine Verwaltung. Diese Cookies werden in der Regel gel\u00f6scht, wenn Sie sich abmelden. In einigen F\u00e4llen bleiben sie jedoch auch nach der Abmeldung erhalten, um Ihre Website-Einstellungen zu speichern.<\/p>\n\n\n\n<p><strong>Login-bezogene Cookies<\/strong><br>Wir verwenden Cookies, wenn Sie angemeldet sind, um dies zu speichern. So m\u00fcssen Sie sich nicht bei jedem Besuch einer neuen Seite erneut anmelden. Diese Cookies werden in der Regel beim Abmelden entfernt oder gel\u00f6scht, um sicherzustellen, dass Sie nur auf eingeschr\u00e4nkte Funktionen und Bereiche zugreifen k\u00f6nnen, wenn Sie angemeldet sind.<\/p>\n\n\n\n<p><strong>Cookies im Zusammenhang mit E-Mail-Newslettern<\/strong><br>Diese Site bietet Newsletter- oder E-Mail-Abonnementdienste an und Cookies k\u00f6nnen verwendet werden, um sich zu merken, ob Sie bereits registriert sind und ob bestimmte Benachrichtigungen angezeigt werden sollen, die m\u00f6glicherweise nur f\u00fcr abonnierte\/nicht abonnierte Benutzer g\u00fcltig sind.<\/p>\n\n\n\n<p><strong>Cookies zur Auftragsabwicklung<\/strong><br>Diese Site bietet m\u00f6glicherweise E-Commerce- oder Zahlungsm\u00f6glichkeiten und einige Cookies sind wichtig, um sicherzustellen, dass Ihre Bestellung zwischen den Seiten gespeichert wird, damit wir sie ordnungsgem\u00e4\u00df verarbeiten k\u00f6nnen.<\/p>\n\n\n\n<p><strong>Umfragebezogene Cookies<\/strong><br>Von Zeit zu Zeit bieten wir Nutzerumfragen und Frageb\u00f6gen an, um Ihnen interessante Einblicke und hilfreiche Tools zu bieten oder unsere Nutzerbasis besser zu verstehen. Diese Umfragen k\u00f6nnen Cookies verwenden, um sich zu merken, wer bereits an einer Umfrage teilgenommen hat, oder um Ihnen nach einem Seitenwechsel genaue Ergebnisse zu liefern.<\/p>\n\n\n\n<p><strong>Formularbezogene Cookies<\/strong><br>Wenn Sie Daten \u00fcber ein Formular \u00fcbermitteln, wie es beispielsweise auf Kontaktseiten oder Kommentarformularen zu finden ist, k\u00f6nnen Cookies gesetzt werden, um Ihre Benutzerdaten f\u00fcr zuk\u00fcnftige Korrespondenz zu speichern.<\/p>\n\n\n\n<p><strong>Cookies f\u00fcr Website-Einstellungen<\/strong><br>Um Ihnen ein optimales Erlebnis auf dieser Website zu bieten, k\u00f6nnen Sie Ihre Pr\u00e4ferenzen f\u00fcr die Nutzung dieser Website festlegen. Um Ihre Pr\u00e4ferenzen zu speichern, m\u00fcssen wir Cookies setzen, damit diese Informationen abgerufen werden k\u00f6nnen, wenn Sie mit einer Seite interagieren, die von Ihren Pr\u00e4ferenzen betroffen ist.<\/p>\n\n\n\n<h2 class=\"wp-block-heading\">Cookies von Drittanbietern<\/h2>\n\n\n\n<p>In einigen besonderen F\u00e4llen verwenden wir auch Cookies von vertrauensw\u00fcrdigen Drittanbietern. Im folgenden Abschnitt erfahren Sie, welche Drittanbieter-Cookies Sie auf dieser Website m\u00f6glicherweise verwenden.<\/p>\n\n\n\n<p>Diese Website verwendet <strong>Google Analytics<\/strong>, eine der am weitesten verbreiteten und vertrauensw\u00fcrdigsten Analysel\u00f6sungen im Internet, hilft uns dabei, zu verstehen, wie Sie die Website nutzen und wie wir Ihr Erlebnis verbessern k\u00f6nnen. Diese Cookies k\u00f6nnen beispielsweise Ihre Verweildauer auf der Website und die von Ihnen besuchten Seiten erfassen, damit wir weiterhin ansprechende Inhalte erstellen k\u00f6nnen. Weitere Informationen zu Google Analytics-Cookies finden Sie unter <a>offizielle Google Analytics-Seite<\/a>.<\/p>\n\n\n\n<p><strong>Analyse durch Drittanbieter<\/strong> werden verwendet, um die Nutzung dieser Website zu verfolgen und zu messen, damit wir weiterhin wertvolle und relevante Inhalte bereitstellen k\u00f6nnen. Diese Cookies k\u00f6nnen verfolgen, wie lange Sie auf der Website verbringen oder welche Seiten Sie besuchen. Dies hilft uns zu verstehen, wie wir die Website f\u00fcr Sie verbessern k\u00f6nnen.<\/p>\n\n\n\n<p>Von Zeit zu Zeit testen wir neue Funktionen und nehmen geringf\u00fcgige \u00c4nderungen an der Bereitstellung der Website vor. W\u00e4hrend wir neue Funktionen testen, k\u00f6nnen diese Cookies verwendet werden, um sicherzustellen, dass Sie auf der Website ein einheitliches Erlebnis haben und wir gleichzeitig verstehen, welche Optimierungen unsere Benutzer am meisten sch\u00e4tzen.<\/p>\n\n\n\n<p>Wenn wir Produkte oder Dienstleistungen anbieten, k\u00f6nnen wir mithilfe von Cookies verfolgen, wie viele Besucher zu Kunden werden. Dies ist wichtig, um die Gesch\u00e4ftsentwicklung zu verstehen und die Preisgestaltung oder Werbestrategien zu verbessern.<\/p>\n\n\n\n<p>Wir k\u00f6nnen auch verwenden <strong>Social-Media-Buttons und\/oder Plugins<\/strong> Auf dieser Website finden Sie verschiedene M\u00f6glichkeiten, sich mit Ihrem sozialen Netzwerk zu verbinden. Damit diese funktionieren, k\u00f6nnen soziale Plattformen wie Instagram, Facebook, Twitter\/X oder LinkedIn \u00fcber unsere Website Cookies setzen. Diese k\u00f6nnen dazu verwendet werden, Ihr Profil auf der jeweiligen Plattform zu verbessern oder zur Datenerfassung beizutragen, vorbehaltlich der jeweiligen Datenschutzrichtlinien.<\/p>\n\n\n\n<h4 class=\"wp-block-heading\"><strong>Werbung (Google AdSense) &amp; Ihre Wahlm\u00f6glichkeiten<\/strong><\/h4>\n\n\n\n<p>Diese Website nutzt Google AdSense zur Anzeigenschaltung. Google und seine Partner verwenden m\u00f6glicherweise Cookies oder \u00e4hnliche Technologien, um Anzeigen basierend auf Ihren Besuchen auf dieser und anderen Websites auszuliefern, deren Wirksamkeit zu messen und sie zu personalisieren.<\/p>\n\n\n\n<p>Um zu erfahren, wie Google Daten von Websites und Apps verwendet, die seine Dienste nutzen, besuchen Sie:<br><a href=\"https:\/\/policies.google.com\/technologies\/partner-sites\">https:\/\/policies.google.com\/technologies\/partner-sites<\/a><\/p>\n\n\n\n<p><strong>Personalisierte Werbung deaktivieren:<\/strong><br>Sie k\u00f6nnen personalisierte Werbung von Google deaktivieren, indem Sie Ihr Google-Konto besuchen. <strong><a href=\"https:\/\/adssettings.google.com\/\">Anzeigeneinstellungen (Mein Anzeigencenter)<\/a><\/strong>.<br>Alternativ k\u00f6nnen Sie interessenbasierte Werbung von vielen anderen Werbeanbietern deaktivieren, indem Sie besuchen <strong><a href=\"https:\/\/www.aboutads.info\/choices\/\">AboutAds.info\/choices<\/a><\/strong>.<\/p>\n\n\n\n<p>Hinweis: Auch wenn Sie sich abmelden, werden Ihnen weiterhin Anzeigen angezeigt, diese sind jedoch m\u00f6glicherweise weniger relevant f\u00fcr Ihre Interessen.<\/p>\n\n\n\n<h2 class=\"wp-block-heading\"><\/h2>\n\n\n\n<h2 class=\"wp-block-heading\">Weitere Informationen<\/h2>\n\n\n\n<p>Hoffentlich hat das die Dinge f\u00fcr Sie gekl\u00e4rt. Wie bereits erw\u00e4hnt, ist es normalerweise sicherer, Cookies aktiviert zu lassen, falls Sie sich nicht sicher sind, ob Sie etwas ben\u00f6tigen oder nicht, f\u00fcr den Fall, dass sie mit einer der Funktionen interagieren, die Sie auf unserer Website verwenden.<\/p>\n\n\n\n<p><strong>Diese Richtlinie tritt im M\u00e4rz 2025 in Kraft.<\/strong><\/p>\n\n\n\n<p>Bei Fragen zum Datenschutz kontaktieren Sie uns bitte unter:<br> <strong><a>privacy@bytenax.com<\/a><\/strong><br> <a>https:\/\/bytenax.com\/contact<\/a><\/p>","protected":false},"excerpt":{"rendered":"<p>Ihre Privatsph\u00e4re ist uns wichtig. Bytenax verpflichtet sich, Ihre Privatsph\u00e4re hinsichtlich aller Informationen, die wir \u00fcber unsere Website Bytenax und andere von uns betriebene Websites erfassen, zu respektieren. Wir fragen nur dann nach pers\u00f6nlichen Daten, wenn diese unbedingt erforderlich sind, um Ihnen eine Dienstleistung anbieten zu k\u00f6nnen. Die Erfassung erfolgt auf faire Weise [\u2026]<\/p>","protected":false},"author":198,"featured_media":0,"parent":0,"menu_order":0,"comment_status":"closed","ping_status":"closed","template":"","meta":{"footnotes":""},"_links":{"self":[{"href":"https:\/\/bytenax.com\/de\/wp-json\/wp\/v2\/pages\/105"}],"collection":[{"href":"https:\/\/bytenax.com\/de\/wp-json\/wp\/v2\/pages"}],"about":[{"href":"https:\/\/bytenax.com\/de\/wp-json\/wp\/v2\/types\/page"}],"author":[{"embeddable":true,"href":"https:\/\/bytenax.com\/de\/wp-json\/wp\/v2\/users\/198"}],"replies":[{"embeddable":true,"href":"https:\/\/bytenax.com\/de\/wp-json\/wp\/v2\/comments?post=105"}],"version-history":[{"count":3,"href":"https:\/\/bytenax.com\/de\/wp-json\/wp\/v2\/pages\/105\/revisions"}],"predecessor-version":[{"id":1000,"href":"https:\/\/bytenax.com\/de\/wp-json\/wp\/v2\/pages\/105\/revisions\/1000"}],"wp:attachment":[{"href":"https:\/\/bytenax.com\/de\/wp-json\/wp\/v2\/media?parent=105"}],"curies":[{"name":"wp","href":"https:\/\/api.w.org\/{rel}","templated":true}]}}