    {"id":103,"date":"2025-06-27T20:17:49","date_gmt":"2025-06-27T20:17:49","guid":{"rendered":"https:\/\/bytenax.com\/?page_id=103"},"modified":"2025-11-24T20:57:49","modified_gmt":"2025-11-24T20:57:49","slug":"contact","status":"publish","type":"page","link":"https:\/\/bytenax.com\/de\/contact\/","title":{"rendered":"Kontakt"},"content":{"rendered":"<p>Vielen Dank f\u00fcr Ihren Besuch <strong>Bytenax<\/strong>, Ihre Plattform f\u00fcr kulinarische Kreativit\u00e4t, Food-Innovation und digitales Storytelling in der Gastronomie. Wir sch\u00e4tzen Ihre Nachrichten sehr und sind hier, um unsere Community aus Kreativen, K\u00f6chen und neugierigen K\u00f6pfen zu unterst\u00fctzen, mit ihnen zusammenzuarbeiten und uns mit ihnen zu vernetzen.<\/p>\n\n\n\n<h3 class=\"wp-block-heading\"><strong>Allgemeine Anfragen<\/strong><\/h3>\n\n\n\n<p>Haben Sie eine Frage zu Bytenax oder m\u00f6chten Sie einfach nur Hallo sagen? Schreiben Sie uns eine E-Mail an <strong>contact@bytenax.com<\/strong><br>Wir freuen uns immer \u00fcber Ihre Nachricht und melden uns schnellstm\u00f6glich bei Ihnen zur\u00fcck.<\/p>\n\n\n\n<h3 class=\"wp-block-heading\"><strong>Beitr\u00e4ge &amp; Ideen<\/strong><\/h3>\n\n\n\n<p>M\u00f6chten Sie ein Rezept teilen, Ihre Meinung kundtun oder eine Idee f\u00fcr einen Artikel haben? Kontaktieren Sie uns <strong>contact@bytenax.com<\/strong><br>Wir sind immer auf der Suche nach frischen Stimmen und mutigen Perspektiven aus der Lebensmittel-, Technologie- und Kreativbranche.<\/p>\n\n\n\n<h3 class=\"wp-block-heading\"><strong>Technische Unterst\u00fctzung<\/strong><\/h3>\n\n\n\n<p>Haben Sie Probleme mit der Website oder beim Anzeigen von Inhalten? Kontaktieren Sie unser Support-Team unter <strong>contact@bytenax.com<\/strong><br>Wir sind hier, um sicherzustellen, dass Ihre Erfahrung mit Bytenax reibungslos und angenehm ist.<\/p>\n\n\n\n<h3 class=\"wp-block-heading\"><strong>In Verbindung bleiben<\/strong><\/h3>\n\n\n\n<p>Bytenax ist eine digitale Plattform f\u00fcr eine globale Community. Wir haben zwar kein physisches B\u00fcro, sind aber immer online \u2013 bereit, mit Ihnen zusammenzuarbeiten, Sie zu inspirieren und gemeinsam zu wachsen.<\/p>\n\n\n\n<p>Nochmals vielen Dank, dass Sie Teil der Bytenax-Community sind. Wir freuen uns darauf, von Ihnen zu h\u00f6ren!<\/p>\n\n\n\n<p><strong>Herzliche Gr\u00fc\u00dfe,<\/strong><br><em>Das Bytenax-Team<\/em><\/p>","protected":false},"excerpt":{"rendered":"<p>Thank you for visiting Bytenax, your go-to platform for culinary creativity, food innovation, and digital storytelling in gastronomy. We truly value your messages and are here to support, collaborate, and connect with our community of creators, chefs, and curious minds. General Inquiries Have a question about Bytenax or just want to say hello? Email us [&hellip;]<\/p>","protected":false},"author":198,"featured_media":0,"parent":0,"menu_order":0,"comment_status":"closed","ping_status":"closed","template":"","meta":{"footnotes":""},"_links":{"self":[{"href":"https:\/\/bytenax.com\/de\/wp-json\/wp\/v2\/pages\/103"}],"collection":[{"href":"https:\/\/bytenax.com\/de\/wp-json\/wp\/v2\/pages"}],"about":[{"href":"https:\/\/bytenax.com\/de\/wp-json\/wp\/v2\/types\/page"}],"author":[{"embeddable":true,"href":"https:\/\/bytenax.com\/de\/wp-json\/wp\/v2\/users\/198"}],"replies":[{"embeddable":true,"href":"https:\/\/bytenax.com\/de\/wp-json\/wp\/v2\/comments?post=103"}],"version-history":[{"count":2,"href":"https:\/\/bytenax.com\/de\/wp-json\/wp\/v2\/pages\/103\/revisions"}],"predecessor-version":[{"id":999,"href":"https:\/\/bytenax.com\/de\/wp-json\/wp\/v2\/pages\/103\/revisions\/999"}],"wp:attachment":[{"href":"https:\/\/bytenax.com\/de\/wp-json\/wp\/v2\/media?parent=103"}],"curies":[{"name":"wp","href":"https:\/\/api.w.org\/{rel}","templated":true}]}}