    {"id":100,"date":"2025-06-27T20:16:36","date_gmt":"2025-06-27T20:16:36","guid":{"rendered":"https:\/\/bytenax.com\/?page_id=100"},"modified":"2025-11-24T21:00:14","modified_gmt":"2025-11-24T21:00:14","slug":"about-us","status":"publish","type":"page","link":"https:\/\/bytenax.com\/de\/about-us\/","title":{"rendered":"\u00dcber uns"},"content":{"rendered":"<h1 class=\"wp-block-heading\"><\/h1>\n\n\n\n<p>Bem-vindo \u00e0 <strong>Bytenax<\/strong> \u2013 Ihr kreatives Zentrum f\u00fcr kulinarische Inspiration, innovative Lebensmittel und digitale Transformation in die Gastronomie. Ich war ein gastronomischer Enthusiast, ein Chefkoch, ein Redner von Inhalten oder der Grund, neue Erkenntnisse, Technologien und Tendenzen zu erkunden, und Bytenax ist jetzt hier, um Sie jedes Mal zu inspirieren.<\/p>\n\n\n\n<h2 class=\"wp-block-heading\"><strong>Was uns antreibt<\/strong><\/h2>\n\n\n\n<p>Laut Bytenax ist das Essen mehr als die Ern\u00e4hrung \u2013 Erfahrung, Ausdruck und Entwicklung. Unsere Mission besteht aus einem reflexiven und hochqualitativen Gespr\u00e4ch, das eine kreative Verbindung zu Technologie, Nachhaltigkeit und Kultur herstellt.<br>Erforschen Sie, was die Welt der Gastronomie zu bieten hat: Moderne K\u00fcche mit Innovationen in der Lebensmitteltechnologie, zwei in der Ern\u00e4hrung beheimatete Lebensmittelsysteme und traditionelle Kulinarik mit neuen Erkenntnissen aus der zeitgen\u00f6ssischen Gastronomie.<\/p>\n\n\n\n<p>Wir sind hier, um in einer digitalen Welt wie gewohnt, erfolgreich, geteilt, transformiert und neu erfunden zu werden \u2013 immer mit Absicht, Wirkung und Neugier.<\/p>\n\n\n\n<h2 class=\"wp-block-heading\"><strong>Wer wir sind<\/strong><\/h2>\n\n\n\n<p>Wir sind ein leidenschaftliches Team aus kulinarischen Denkern, Designern, Geschichtenerz\u00e4hlern und digitalen Kreativen, angetrieben von Neugier und Zielstrebigkeit. Bytenax entstand aus der Idee, dass Essen eine neue Art von Plattform verdient \u2013 eine, die Innovation, Identit\u00e4t, Nachhaltigkeit und die Wissenschaft hinter dem, was uns n\u00e4hrt, feiert.<\/p>\n\n\n\n<p>Ob es um bahnbrechende Entwicklungen in der Lebensmitteltechnologie, Kochtechniken, nachhaltige Systeme, globale Gastronomie oder Erkenntnisse zur Ern\u00e4hrung geht \u2013 unsere Inhalte sollen relevant, ansprechend und zukunftsorientiert sein.<\/p>\n\n\n\n<p>Hier sind wir noch nicht mit einem Leiter konfrontiert \u2013 Sie sind Teil einer globalen Gemeinschaft, die sich wie Menschen, Menschen, Kriminelle und unsere von uns angeworbenen Menschen angesprochen f\u00fchlt.<\/p>\n\n\n\n<h2 class=\"wp-block-heading\"><strong>Werde Aktiv<\/strong><\/h2>\n\n\n\n<p>M\u00f6chten Sie eine Geschichte erz\u00e4hlen? Ein Rezept, eine Idee oder eine Meinung zur Zukunft der Ern\u00e4hrung beisteuern? Wir freuen uns auf Ihre Nachricht. Bei Bytenax pr\u00e4gt Ihre Stimme die moderne Esskultur mit.<\/p>\n\n\n\n<p>Lassen Sie uns gemeinsam etwas K\u00fchnes und Sinnvolles schaffen \u2013 ein Gericht, eine Idee, ein Durchbruch nach dem anderen.<\/p>\n\n\n\n<p><\/p>","protected":false},"excerpt":{"rendered":"<p>Bem-vindo \u00e0 Bytenax \u2013 seu centro criativo para inspira\u00e7\u00e3o culin\u00e1ria, inova\u00e7\u00e3o alimentar e transforma\u00e7\u00e3o digital na gastronomia. Seja voc\u00ea um entusiasta da gastronomia, um chef, um criador de conte\u00fado, ou algu\u00e9m que explora novos sabores, tecnologias e tend\u00eancias, a Bytenax est\u00e1 aqui para inspirar voc\u00ea a cada passo. What drives us Na Bytenax, acreditamos que [&hellip;]<\/p>","protected":false},"author":198,"featured_media":0,"parent":0,"menu_order":0,"comment_status":"closed","ping_status":"closed","template":"","meta":{"footnotes":""},"_links":{"self":[{"href":"https:\/\/bytenax.com\/de\/wp-json\/wp\/v2\/pages\/100"}],"collection":[{"href":"https:\/\/bytenax.com\/de\/wp-json\/wp\/v2\/pages"}],"about":[{"href":"https:\/\/bytenax.com\/de\/wp-json\/wp\/v2\/types\/page"}],"author":[{"embeddable":true,"href":"https:\/\/bytenax.com\/de\/wp-json\/wp\/v2\/users\/198"}],"replies":[{"embeddable":true,"href":"https:\/\/bytenax.com\/de\/wp-json\/wp\/v2\/comments?post=100"}],"version-history":[{"count":3,"href":"https:\/\/bytenax.com\/de\/wp-json\/wp\/v2\/pages\/100\/revisions"}],"predecessor-version":[{"id":1003,"href":"https:\/\/bytenax.com\/de\/wp-json\/wp\/v2\/pages\/100\/revisions\/1003"}],"wp:attachment":[{"href":"https:\/\/bytenax.com\/de\/wp-json\/wp\/v2\/media?parent=100"}],"curies":[{"name":"wp","href":"https:\/\/api.w.org\/{rel}","templated":true}]}}